{"id":816,"date":"2018-05-15T14:28:24","date_gmt":"2018-05-15T14:28:24","guid":{"rendered":"http:\/\/192.168.18.211\/?page_id=816"},"modified":"2023-07-11T11:38:13","modified_gmt":"2023-07-11T10:38:13","slug":"servicos","status":"publish","type":"page","link":"https:\/\/aresources.pt\/en\/servicos\/","title":{"rendered":"Services"},"content":{"rendered":"<div data-elementor-type=\"wp-page\" data-elementor-id=\"816\" class=\"elementor elementor-816\">\n\t\t\t\t\t\t<section class=\"elementor-section elementor-top-section elementor-element elementor-element-8c2bb38 elementor-section-full_width elementor-hidden-phone elementor-section-height-default elementor-section-height-default\" data-id=\"8c2bb38\" data-element_type=\"section\" data-e-type=\"section\">\n\t\t\t\t\t\t<div class=\"elementor-container elementor-column-gap-default\">\n\t\t\t\t\t<div class=\"elementor-column elementor-col-100 elementor-top-column elementor-element elementor-element-91ba0a0\" data-id=\"91ba0a0\" data-element_type=\"column\" data-e-type=\"column\">\n\t\t\t<div class=\"elementor-widget-wrap elementor-element-populated\">\n\t\t\t\t\t\t<div class=\"elementor-element elementor-element-f7ec4f3 elementor-widget elementor-widget-image\" data-id=\"f7ec4f3\" data-element_type=\"widget\" data-e-type=\"widget\" data-widget_type=\"image.default\">\n\t\t\t\t<div class=\"elementor-widget-container\">\n\t\t\t\t\t\t\t\t\t\t\t\t\t\t\t<img fetchpriority=\"high\" decoding=\"async\" width=\"1918\" height=\"400\" src=\"https:\/\/aresources.pt\/wp-content\/uploads\/2018\/09\/servicos.jpg\" class=\"attachment-full size-full wp-image-1827\" alt=\"Servi\u00e7os\" srcset=\"https:\/\/aresources.pt\/wp-content\/uploads\/2018\/09\/servicos.jpg 1918w, https:\/\/aresources.pt\/wp-content\/uploads\/2018\/09\/servicos-300x63.jpg 300w, https:\/\/aresources.pt\/wp-content\/uploads\/2018\/09\/servicos-768x160.jpg 768w, https:\/\/aresources.pt\/wp-content\/uploads\/2018\/09\/servicos-1024x214.jpg 1024w\" sizes=\"(max-width: 1918px) 100vw, 1918px\" \/>\t\t\t\t\t\t\t\t\t\t\t\t\t\t\t<\/div>\n\t\t\t\t<\/div>\n\t\t\t\t\t<\/div>\n\t\t<\/div>\n\t\t\t\t\t<\/div>\n\t\t<\/section>\n\t\t\t\t<section class=\"elementor-section elementor-top-section elementor-element elementor-element-1a5ec61 elementor-section-full_width elementor-section-height-default elementor-section-height-default\" data-id=\"1a5ec61\" data-element_type=\"section\" data-e-type=\"section\">\n\t\t\t\t\t\t<div class=\"elementor-container elementor-column-gap-default\">\n\t\t\t\t\t<div class=\"elementor-column elementor-col-100 elementor-top-column elementor-element elementor-element-acb68d8\" data-id=\"acb68d8\" data-element_type=\"column\" data-e-type=\"column\">\n\t\t\t<div class=\"elementor-widget-wrap elementor-element-populated\">\n\t\t\t\t\t\t<div class=\"elementor-element elementor-element-54dc0ab elementor-hidden-desktop elementor-hidden-tablet elementor-widget elementor-widget-image\" data-id=\"54dc0ab\" data-element_type=\"widget\" data-e-type=\"widget\" data-widget_type=\"image.default\">\n\t\t\t\t<div class=\"elementor-widget-container\">\n\t\t\t\t\t\t\t\t\t\t\t\t\t\t\t<img decoding=\"async\" width=\"700\" height=\"350\" src=\"https:\/\/aresources.pt\/wp-content\/uploads\/2018\/10\/servicos_mobile.jpg\" class=\"attachment-full size-full wp-image-2088\" alt=\"Servi\u00e7os R\u00e1dio\" \/>\t\t\t\t\t\t\t\t\t\t\t\t\t\t\t<\/div>\n\t\t\t\t<\/div>\n\t\t\t\t\t<\/div>\n\t\t<\/div>\n\t\t\t\t\t<\/div>\n\t\t<\/section>\n\t\t\t\t<section class=\"elementor-section elementor-top-section elementor-element elementor-element-384f47d elementor-section-boxed elementor-section-height-default elementor-section-height-default\" data-id=\"384f47d\" data-element_type=\"section\" data-e-type=\"section\">\n\t\t\t\t\t\t<div class=\"elementor-container elementor-column-gap-default\">\n\t\t\t\t\t<div class=\"elementor-column elementor-col-100 elementor-top-column elementor-element elementor-element-8b712f5\" data-id=\"8b712f5\" data-element_type=\"column\" data-e-type=\"column\">\n\t\t\t<div class=\"elementor-widget-wrap elementor-element-populated\">\n\t\t\t\t\t\t<div class=\"elementor-element elementor-element-ada0ad1 elementor-widget elementor-widget-heading\" data-id=\"ada0ad1\" data-element_type=\"widget\" data-e-type=\"widget\" data-widget_type=\"heading.default\">\n\t\t\t\t<div class=\"elementor-widget-container\">\n\t\t\t\t\t<h1 class=\"elementor-heading-title elementor-size-default\">Services<\/h1>\t\t\t\t<\/div>\n\t\t\t\t<\/div>\n\t\t\t\t\t<\/div>\n\t\t<\/div>\n\t\t\t\t\t<\/div>\n\t\t<\/section>\n\t\t\t\t<section class=\"elementor-section elementor-top-section elementor-element elementor-element-1db9423 elementor-section-boxed elementor-section-height-default elementor-section-height-default\" data-id=\"1db9423\" data-element_type=\"section\" data-e-type=\"section\">\n\t\t\t\t\t\t<div class=\"elementor-container elementor-column-gap-default\">\n\t\t\t\t\t<div class=\"elementor-column elementor-col-33 elementor-top-column elementor-element elementor-element-1cca179\" data-id=\"1cca179\" data-element_type=\"column\" data-e-type=\"column\">\n\t\t\t<div class=\"elementor-widget-wrap elementor-element-populated\">\n\t\t\t\t\t\t<div class=\"elementor-element elementor-element-54feae1 elementor-button-info elementor-align-right elementor-widget elementor-widget-button\" data-id=\"54feae1\" data-element_type=\"widget\" data-e-type=\"widget\" data-widget_type=\"button.default\">\n\t\t\t\t<div class=\"elementor-widget-container\">\n\t\t\t\t\t\t\t\t\t<div class=\"elementor-button-wrapper\">\n\t\t\t\t\t<a class=\"elementor-button elementor-button-link elementor-size-lg\" href=\"#instal\">\n\t\t\t\t\t\t<span class=\"elementor-button-content-wrapper\">\n\t\t\t\t\t\t\t\t\t<span class=\"elementor-button-text\">Installation<\/span>\n\t\t\t\t\t<\/span>\n\t\t\t\t\t<\/a>\n\t\t\t\t<\/div>\n\t\t\t\t\t\t\t\t<\/div>\n\t\t\t\t<\/div>\n\t\t\t\t\t<\/div>\n\t\t<\/div>\n\t\t\t\t<div class=\"elementor-column elementor-col-33 elementor-top-column elementor-element elementor-element-0082285\" data-id=\"0082285\" data-element_type=\"column\" data-e-type=\"column\">\n\t\t\t<div class=\"elementor-widget-wrap elementor-element-populated\">\n\t\t\t\t\t\t<div class=\"elementor-element elementor-element-80c406b elementor-button-info elementor-align-center elementor-widget elementor-widget-button\" data-id=\"80c406b\" data-element_type=\"widget\" data-e-type=\"widget\" data-widget_type=\"button.default\">\n\t\t\t\t<div class=\"elementor-widget-container\">\n\t\t\t\t\t\t\t\t\t<div class=\"elementor-button-wrapper\">\n\t\t\t\t\t<a class=\"elementor-button elementor-button-link elementor-size-lg\" href=\"#est_cobertura\">\n\t\t\t\t\t\t<span class=\"elementor-button-content-wrapper\">\n\t\t\t\t\t\t\t\t\t<span class=\"elementor-button-text\">Coverage Studies<\/span>\n\t\t\t\t\t<\/span>\n\t\t\t\t\t<\/a>\n\t\t\t\t<\/div>\n\t\t\t\t\t\t\t\t<\/div>\n\t\t\t\t<\/div>\n\t\t\t\t\t<\/div>\n\t\t<\/div>\n\t\t\t\t<div class=\"elementor-column elementor-col-33 elementor-top-column elementor-element elementor-element-8e03bbd\" data-id=\"8e03bbd\" data-element_type=\"column\" data-e-type=\"column\">\n\t\t\t<div class=\"elementor-widget-wrap elementor-element-populated\">\n\t\t\t\t\t\t<div class=\"elementor-element elementor-element-d02c027 elementor-button-info elementor-align-left elementor-widget elementor-widget-button\" data-id=\"d02c027\" data-element_type=\"widget\" data-e-type=\"widget\" data-widget_type=\"button.default\">\n\t\t\t\t<div class=\"elementor-widget-container\">\n\t\t\t\t\t\t\t\t\t<div class=\"elementor-button-wrapper\">\n\t\t\t\t\t<a class=\"elementor-button elementor-button-link elementor-size-lg\" href=\"#reparacoes\">\n\t\t\t\t\t\t<span class=\"elementor-button-content-wrapper\">\n\t\t\t\t\t\t\t\t\t<span class=\"elementor-button-text\">Repairs<\/span>\n\t\t\t\t\t<\/span>\n\t\t\t\t\t<\/a>\n\t\t\t\t<\/div>\n\t\t\t\t\t\t\t\t<\/div>\n\t\t\t\t<\/div>\n\t\t\t\t\t<\/div>\n\t\t<\/div>\n\t\t\t\t\t<\/div>\n\t\t<\/section>\n\t\t\t\t<section class=\"elementor-section elementor-top-section elementor-element elementor-element-793c82b elementor-section-boxed elementor-section-height-default elementor-section-height-default\" data-id=\"793c82b\" data-element_type=\"section\" data-e-type=\"section\">\n\t\t\t\t\t\t<div class=\"elementor-container elementor-column-gap-default\">\n\t\t\t\t\t<div class=\"elementor-column elementor-col-100 elementor-top-column elementor-element elementor-element-13f4db7\" data-id=\"13f4db7\" data-element_type=\"column\" data-e-type=\"column\">\n\t\t\t<div class=\"elementor-widget-wrap elementor-element-populated\">\n\t\t\t\t\t\t<div class=\"elementor-element elementor-element-8584da5 elementor-widget elementor-widget-menu-anchor\" data-id=\"8584da5\" data-element_type=\"widget\" data-e-type=\"widget\" data-widget_type=\"menu-anchor.default\">\n\t\t\t\t<div class=\"elementor-widget-container\">\n\t\t\t\t\t\t\t<div class=\"elementor-menu-anchor\" id=\"instal\"><\/div>\n\t\t\t\t\t\t<\/div>\n\t\t\t\t<\/div>\n\t\t\t\t<div class=\"elementor-element elementor-element-beff739 elementor-widget elementor-widget-heading\" data-id=\"beff739\" data-element_type=\"widget\" data-e-type=\"widget\" data-widget_type=\"heading.default\">\n\t\t\t\t<div class=\"elementor-widget-container\">\n\t\t\t\t\t<h2 class=\"elementor-heading-title elementor-size-default\">Installation<\/h2>\t\t\t\t<\/div>\n\t\t\t\t<\/div>\n\t\t\t\t<div class=\"elementor-element elementor-element-0326b71 elementor-widget elementor-widget-text-editor\" data-id=\"0326b71\" data-element_type=\"widget\" data-e-type=\"widget\" data-widget_type=\"text-editor.default\">\n\t\t\t\t<div class=\"elementor-widget-container\">\n\t\t\t\t\t\t\t\t\t<p>Advanced Resources has a highly specialized and certified technical team for the different types of installation, guaranteeing clients the highest quality infrastructure.<\/p>\t\t\t\t\t\t\t\t<\/div>\n\t\t\t\t<\/div>\n\t\t\t\t\t<\/div>\n\t\t<\/div>\n\t\t\t\t\t<\/div>\n\t\t<\/section>\n\t\t\t\t<section class=\"elementor-section elementor-top-section elementor-element elementor-element-6bb6a1b5 elementor-section-boxed elementor-section-height-default elementor-section-height-default\" data-id=\"6bb6a1b5\" data-element_type=\"section\" data-e-type=\"section\">\n\t\t\t\t\t\t<div class=\"elementor-container elementor-column-gap-default\">\n\t\t\t\t\t<div class=\"elementor-column elementor-col-100 elementor-top-column elementor-element elementor-element-fbe36f8\" data-id=\"fbe36f8\" data-element_type=\"column\" data-e-type=\"column\">\n\t\t\t<div class=\"elementor-widget-wrap elementor-element-populated\">\n\t\t\t\t\t\t<div class=\"elementor-element elementor-element-de3a1a1 elementor-widget elementor-widget-menu-anchor\" data-id=\"de3a1a1\" data-element_type=\"widget\" data-e-type=\"widget\" data-widget_type=\"menu-anchor.default\">\n\t\t\t\t<div class=\"elementor-widget-container\">\n\t\t\t\t\t\t\t<div class=\"elementor-menu-anchor\" id=\"est_cobertura\"><\/div>\n\t\t\t\t\t\t<\/div>\n\t\t\t\t<\/div>\n\t\t\t\t<div class=\"elementor-element elementor-element-e203b57 elementor-widget elementor-widget-heading\" data-id=\"e203b57\" data-element_type=\"widget\" data-e-type=\"widget\" data-widget_type=\"heading.default\">\n\t\t\t\t<div class=\"elementor-widget-container\">\n\t\t\t\t\t<h2 class=\"elementor-heading-title elementor-size-default\">Coverage Studies<\/h2>\t\t\t\t<\/div>\n\t\t\t\t<\/div>\n\t\t\t\t<div class=\"elementor-element elementor-element-6912324f elementor-widget elementor-widget-text-editor\" data-id=\"6912324f\" data-element_type=\"widget\" data-e-type=\"widget\" data-widget_type=\"text-editor.default\">\n\t\t\t\t<div class=\"elementor-widget-container\">\n\t\t\t\t\t\t\t\t\t<p>One of the most common questions when purchasing professional radios is related to the maximum distance of communication. The answer depends on many variables and the planning of the network in question.<\/p><p>The coverage of a professional radio can range from a few hundred meters to a few kilometers. Depending on factors such as the transmission power of the terminals, the type of communication (analog or digital), the propagation environment and the frequency range used (UHF or VHF).<br \/>Equipped with the most appropriate technology, Advanced Resources is able to perform theoretical coverage studies based on terrain morphology and network data. Practical verification is also carried out to confirm that the client's needs are met.<\/p>\t\t\t\t\t\t\t\t<\/div>\n\t\t\t\t<\/div>\n\t\t\t\t\t<\/div>\n\t\t<\/div>\n\t\t\t\t\t<\/div>\n\t\t<\/section>\n\t\t\t\t<section class=\"elementor-section elementor-top-section elementor-element elementor-element-a62fee2 elementor-section-boxed elementor-section-height-default elementor-section-height-default\" data-id=\"a62fee2\" data-element_type=\"section\" data-e-type=\"section\">\n\t\t\t\t\t\t<div class=\"elementor-container elementor-column-gap-default\">\n\t\t\t\t\t<div class=\"elementor-column elementor-col-100 elementor-top-column elementor-element elementor-element-7b335e3\" data-id=\"7b335e3\" data-element_type=\"column\" data-e-type=\"column\">\n\t\t\t<div class=\"elementor-widget-wrap elementor-element-populated\">\n\t\t\t\t\t\t<div class=\"elementor-element elementor-element-b9dd9c1 elementor-widget elementor-widget-menu-anchor\" data-id=\"b9dd9c1\" data-element_type=\"widget\" data-e-type=\"widget\" data-widget_type=\"menu-anchor.default\">\n\t\t\t\t<div class=\"elementor-widget-container\">\n\t\t\t\t\t\t\t<div class=\"elementor-menu-anchor\" id=\"reparacoes\"><\/div>\n\t\t\t\t\t\t<\/div>\n\t\t\t\t<\/div>\n\t\t\t\t<div class=\"elementor-element elementor-element-6da6c4e elementor-widget elementor-widget-heading\" data-id=\"6da6c4e\" data-element_type=\"widget\" data-e-type=\"widget\" data-widget_type=\"heading.default\">\n\t\t\t\t<div class=\"elementor-widget-container\">\n\t\t\t\t\t<h2 class=\"elementor-heading-title elementor-size-default\">Repairs<\/h2>\t\t\t\t<\/div>\n\t\t\t\t<\/div>\n\t\t\t\t<div class=\"elementor-element elementor-element-7bc454b elementor-widget elementor-widget-text-editor\" data-id=\"7bc454b\" data-element_type=\"widget\" data-e-type=\"widget\" data-widget_type=\"text-editor.default\">\n\t\t\t\t<div class=\"elementor-widget-container\">\n\t\t\t\t\t\t\t\t\t<p>Besides the Maintenance Lab equipped with the best technology for the maintenance of radio equipment Advanced Resources has a direct contract with Motorola's European maintenance center. This ensures Motorola certified repairs with the highest speed and quality assurance.<\/p>\t\t\t\t\t\t\t\t<\/div>\n\t\t\t\t<\/div>\n\t\t\t\t\t<\/div>\n\t\t<\/div>\n\t\t\t\t\t<\/div>\n\t\t<\/section>\n\t\t\t\t<\/div>","protected":false},"excerpt":{"rendered":"<p>Servi\u00e7os Instala\u00e7\u00e3o Estudos de Cobertura Repara\u00e7\u00f5es Instala\u00e7\u00e3o A Advanced Resources disp\u00f5e de uma equipa t\u00e9cnica altamente especializada e certificada para os diferentes tipos de instala\u00e7\u00e3o, garantindo aos clientes a maior qualidade de infraestrutura. Estudos de Cobertura Uma das quest\u00f5es mais comuns quando se pretende adquirir r\u00e1dios profissionais prende-se com a dist\u00e2ncia m\u00e1xima de comunica\u00e7\u00e3o. A [&hellip;]<\/p>\n","protected":false},"author":2,"featured_media":0,"parent":0,"menu_order":0,"comment_status":"closed","ping_status":"closed","template":"","meta":{"_monsterinsights_skip_tracking":false,"_monsterinsights_sitenote_active":false,"_monsterinsights_sitenote_note":"","_monsterinsights_sitenote_category":0,"ocean_post_layout":"full-screen","ocean_both_sidebars_style":"","ocean_both_sidebars_content_width":0,"ocean_both_sidebars_sidebars_width":0,"ocean_sidebar":"0","ocean_second_sidebar":"0","ocean_disable_margins":"enable","ocean_add_body_class":"","ocean_shortcode_before_top_bar":"","ocean_shortcode_after_top_bar":"","ocean_shortcode_before_header":"","ocean_shortcode_after_header":"","ocean_has_shortcode":"","ocean_shortcode_after_title":"","ocean_shortcode_before_footer_widgets":"","ocean_shortcode_after_footer_widgets":"","ocean_shortcode_before_footer_bottom":"","ocean_shortcode_after_footer_bottom":"","ocean_display_top_bar":"default","ocean_display_header":"default","ocean_header_style":"","ocean_center_header_left_menu":"0","ocean_custom_header_template":"0","ocean_custom_logo":0,"ocean_custom_retina_logo":0,"ocean_custom_logo_max_width":0,"ocean_custom_logo_tablet_max_width":0,"ocean_custom_logo_mobile_max_width":0,"ocean_custom_logo_max_height":0,"ocean_custom_logo_tablet_max_height":0,"ocean_custom_logo_mobile_max_height":0,"ocean_header_custom_menu":"0","ocean_menu_typo_font_family":"0","ocean_menu_typo_font_subset":"","ocean_menu_typo_font_size":0,"ocean_menu_typo_font_size_tablet":0,"ocean_menu_typo_font_size_mobile":0,"ocean_menu_typo_font_size_unit":"px","ocean_menu_typo_font_weight":"","ocean_menu_typo_font_weight_tablet":"","ocean_menu_typo_font_weight_mobile":"","ocean_menu_typo_transform":"","ocean_menu_typo_transform_tablet":"","ocean_menu_typo_transform_mobile":"","ocean_menu_typo_line_height":0,"ocean_menu_typo_line_height_tablet":0,"ocean_menu_typo_line_height_mobile":0,"ocean_menu_typo_line_height_unit":"","ocean_menu_typo_spacing":0,"ocean_menu_typo_spacing_tablet":0,"ocean_menu_typo_spacing_mobile":0,"ocean_menu_typo_spacing_unit":"","ocean_menu_link_color":"","ocean_menu_link_color_hover":"","ocean_menu_link_color_active":"","ocean_menu_link_background":"","ocean_menu_link_hover_background":"","ocean_menu_link_active_background":"","ocean_menu_social_links_bg":"","ocean_menu_social_hover_links_bg":"","ocean_menu_social_links_color":"","ocean_menu_social_hover_links_color":"","ocean_disable_title":"on","ocean_disable_heading":"default","ocean_post_title":"","ocean_post_subheading":"","ocean_post_title_style":"","ocean_post_title_background_color":"","ocean_post_title_background":0,"ocean_post_title_bg_image_position":"","ocean_post_title_bg_image_attachment":"","ocean_post_title_bg_image_repeat":"","ocean_post_title_bg_image_size":"","ocean_post_title_height":0,"ocean_post_title_bg_overlay":0.5,"ocean_post_title_bg_overlay_color":"","ocean_disable_breadcrumbs":"default","ocean_breadcrumbs_color":"","ocean_breadcrumbs_separator_color":"","ocean_breadcrumbs_links_color":"","ocean_breadcrumbs_links_hover_color":"","ocean_display_footer_widgets":"off","ocean_display_footer_bottom":"off","ocean_custom_footer_template":"0","footnotes":""},"class_list":["post-816","page","type-page","status-publish","hentry","entry"],"yoast_head":"<!-- This site is optimized with the Yoast SEO plugin v27.5 - https:\/\/yoast.com\/product\/yoast-seo-wordpress\/ -->\n<title>Servi\u00e7os &#8226; Advanced Resources<\/title>\n<meta name=\"description\" content=\"A Advanced Resources disp\u00f5e de uma equipa t\u00e9cnica altamente especializada e certificada para os diferentes tipos de servi\u00e7os.\" \/>\n<meta name=\"robots\" content=\"index, follow, max-snippet:-1, max-image-preview:large, max-video-preview:-1\" \/>\n<link rel=\"canonical\" href=\"https:\/\/aresources.pt\/en\/servicos\/\" \/>\n<meta property=\"og:locale\" content=\"en_US\" \/>\n<meta property=\"og:type\" content=\"article\" \/>\n<meta property=\"og:title\" content=\"Servi\u00e7os &#8226; Advanced Resources\" \/>\n<meta property=\"og:description\" content=\"A Advanced Resources disp\u00f5e de uma equipa t\u00e9cnica altamente especializada e certificada para os diferentes tipos de servi\u00e7os.\" \/>\n<meta property=\"og:url\" content=\"https:\/\/aresources.pt\/en\/servicos\/\" \/>\n<meta property=\"og:site_name\" content=\"Advanced Resources\" \/>\n<meta property=\"article:publisher\" content=\"https:\/\/www.facebook.com\/aresources.pt\" \/>\n<meta property=\"article:modified_time\" content=\"2023-07-11T10:38:13+00:00\" \/>\n<meta property=\"og:image\" content=\"https:\/\/aresources.pt\/wp-content\/uploads\/2018\/09\/servicos.jpg\" \/>\n<meta name=\"twitter:card\" content=\"summary_large_image\" \/>\n<meta name=\"twitter:label1\" content=\"Est. reading time\" \/>\n\t<meta name=\"twitter:data1\" content=\"2 minutes\" \/>\n<script type=\"application\/ld+json\" class=\"yoast-schema-graph\">{\"@context\":\"https:\\\/\\\/schema.org\",\"@graph\":[{\"@type\":\"WebPage\",\"@id\":\"https:\\\/\\\/aresources.pt\\\/servicos\\\/\",\"url\":\"https:\\\/\\\/aresources.pt\\\/servicos\\\/\",\"name\":\"Servi\u00e7os &#8226; Advanced Resources\",\"isPartOf\":{\"@id\":\"https:\\\/\\\/aresources.pt\\\/#website\"},\"primaryImageOfPage\":{\"@id\":\"https:\\\/\\\/aresources.pt\\\/servicos\\\/#primaryimage\"},\"image\":{\"@id\":\"https:\\\/\\\/aresources.pt\\\/servicos\\\/#primaryimage\"},\"thumbnailUrl\":\"https:\\\/\\\/aresources.pt\\\/wp-content\\\/uploads\\\/2018\\\/09\\\/servicos.jpg\",\"datePublished\":\"2018-05-15T14:28:24+00:00\",\"dateModified\":\"2023-07-11T10:38:13+00:00\",\"description\":\"A Advanced Resources disp\u00f5e de uma equipa t\u00e9cnica altamente especializada e certificada para os diferentes tipos de servi\u00e7os.\",\"breadcrumb\":{\"@id\":\"https:\\\/\\\/aresources.pt\\\/servicos\\\/#breadcrumb\"},\"inLanguage\":\"en-US\",\"potentialAction\":[{\"@type\":\"ReadAction\",\"target\":[\"https:\\\/\\\/aresources.pt\\\/servicos\\\/\"]}]},{\"@type\":\"ImageObject\",\"inLanguage\":\"en-US\",\"@id\":\"https:\\\/\\\/aresources.pt\\\/servicos\\\/#primaryimage\",\"url\":\"https:\\\/\\\/aresources.pt\\\/wp-content\\\/uploads\\\/2018\\\/09\\\/servicos.jpg\",\"contentUrl\":\"https:\\\/\\\/aresources.pt\\\/wp-content\\\/uploads\\\/2018\\\/09\\\/servicos.jpg\"},{\"@type\":\"BreadcrumbList\",\"@id\":\"https:\\\/\\\/aresources.pt\\\/servicos\\\/#breadcrumb\",\"itemListElement\":[{\"@type\":\"ListItem\",\"position\":1,\"name\":\"Home\",\"item\":\"https:\\\/\\\/aresources.pt\\\/\"},{\"@type\":\"ListItem\",\"position\":2,\"name\":\"Servi\u00e7os\"}]},{\"@type\":\"WebSite\",\"@id\":\"https:\\\/\\\/aresources.pt\\\/#website\",\"url\":\"https:\\\/\\\/aresources.pt\\\/\",\"name\":\"Advanced Resources\",\"description\":\"Telecomunica\u00e7\u00f5es e Seguran\u00e7a\",\"publisher\":{\"@id\":\"https:\\\/\\\/aresources.pt\\\/#organization\"},\"potentialAction\":[{\"@type\":\"SearchAction\",\"target\":{\"@type\":\"EntryPoint\",\"urlTemplate\":\"https:\\\/\\\/aresources.pt\\\/?s={search_term_string}\"},\"query-input\":{\"@type\":\"PropertyValueSpecification\",\"valueRequired\":true,\"valueName\":\"search_term_string\"}}],\"inLanguage\":\"en-US\"},{\"@type\":\"Organization\",\"@id\":\"https:\\\/\\\/aresources.pt\\\/#organization\",\"name\":\"Advanced Resources\",\"url\":\"https:\\\/\\\/aresources.pt\\\/\",\"logo\":{\"@type\":\"ImageObject\",\"inLanguage\":\"en-US\",\"@id\":\"https:\\\/\\\/aresources.pt\\\/#\\\/schema\\\/logo\\\/image\\\/\",\"url\":\"https:\\\/\\\/aresources.pt\\\/wp-content\\\/uploads\\\/2019\\\/06\\\/cropped-150dpi-14.jpg\",\"contentUrl\":\"https:\\\/\\\/aresources.pt\\\/wp-content\\\/uploads\\\/2019\\\/06\\\/cropped-150dpi-14.jpg\",\"width\":436,\"height\":100,\"caption\":\"Advanced Resources\"},\"image\":{\"@id\":\"https:\\\/\\\/aresources.pt\\\/#\\\/schema\\\/logo\\\/image\\\/\"},\"sameAs\":[\"https:\\\/\\\/www.facebook.com\\\/aresources.pt\"]}]}<\/script>\n<!-- \/ Yoast SEO plugin. -->","yoast_head_json":{"title":"Servi\u00e7os &#8226; Advanced Resources","description":"A Advanced Resources disp\u00f5e de uma equipa t\u00e9cnica altamente especializada e certificada para os diferentes tipos de servi\u00e7os.","robots":{"index":"index","follow":"follow","max-snippet":"max-snippet:-1","max-image-preview":"max-image-preview:large","max-video-preview":"max-video-preview:-1"},"canonical":"https:\/\/aresources.pt\/en\/servicos\/","og_locale":"en_US","og_type":"article","og_title":"Servi\u00e7os &#8226; Advanced Resources","og_description":"A Advanced Resources disp\u00f5e de uma equipa t\u00e9cnica altamente especializada e certificada para os diferentes tipos de servi\u00e7os.","og_url":"https:\/\/aresources.pt\/en\/servicos\/","og_site_name":"Advanced Resources","article_publisher":"https:\/\/www.facebook.com\/aresources.pt","article_modified_time":"2023-07-11T10:38:13+00:00","og_image":[{"url":"https:\/\/aresources.pt\/wp-content\/uploads\/2018\/09\/servicos.jpg","type":"","width":"","height":""}],"twitter_card":"summary_large_image","twitter_misc":{"Est. reading time":"2 minutes"},"schema":{"@context":"https:\/\/schema.org","@graph":[{"@type":"WebPage","@id":"https:\/\/aresources.pt\/servicos\/","url":"https:\/\/aresources.pt\/servicos\/","name":"Servi\u00e7os &#8226; Advanced Resources","isPartOf":{"@id":"https:\/\/aresources.pt\/#website"},"primaryImageOfPage":{"@id":"https:\/\/aresources.pt\/servicos\/#primaryimage"},"image":{"@id":"https:\/\/aresources.pt\/servicos\/#primaryimage"},"thumbnailUrl":"https:\/\/aresources.pt\/wp-content\/uploads\/2018\/09\/servicos.jpg","datePublished":"2018-05-15T14:28:24+00:00","dateModified":"2023-07-11T10:38:13+00:00","description":"A Advanced Resources disp\u00f5e de uma equipa t\u00e9cnica altamente especializada e certificada para os diferentes tipos de servi\u00e7os.","breadcrumb":{"@id":"https:\/\/aresources.pt\/servicos\/#breadcrumb"},"inLanguage":"en-US","potentialAction":[{"@type":"ReadAction","target":["https:\/\/aresources.pt\/servicos\/"]}]},{"@type":"ImageObject","inLanguage":"en-US","@id":"https:\/\/aresources.pt\/servicos\/#primaryimage","url":"https:\/\/aresources.pt\/wp-content\/uploads\/2018\/09\/servicos.jpg","contentUrl":"https:\/\/aresources.pt\/wp-content\/uploads\/2018\/09\/servicos.jpg"},{"@type":"BreadcrumbList","@id":"https:\/\/aresources.pt\/servicos\/#breadcrumb","itemListElement":[{"@type":"ListItem","position":1,"name":"Home","item":"https:\/\/aresources.pt\/"},{"@type":"ListItem","position":2,"name":"Servi\u00e7os"}]},{"@type":"WebSite","@id":"https:\/\/aresources.pt\/#website","url":"https:\/\/aresources.pt\/","name":"Advanced Resources","description":"Telecomunica\u00e7\u00f5es e Seguran\u00e7a","publisher":{"@id":"https:\/\/aresources.pt\/#organization"},"potentialAction":[{"@type":"SearchAction","target":{"@type":"EntryPoint","urlTemplate":"https:\/\/aresources.pt\/?s={search_term_string}"},"query-input":{"@type":"PropertyValueSpecification","valueRequired":true,"valueName":"search_term_string"}}],"inLanguage":"en-US"},{"@type":"Organization","@id":"https:\/\/aresources.pt\/#organization","name":"Advanced Resources","url":"https:\/\/aresources.pt\/","logo":{"@type":"ImageObject","inLanguage":"en-US","@id":"https:\/\/aresources.pt\/#\/schema\/logo\/image\/","url":"https:\/\/aresources.pt\/wp-content\/uploads\/2019\/06\/cropped-150dpi-14.jpg","contentUrl":"https:\/\/aresources.pt\/wp-content\/uploads\/2019\/06\/cropped-150dpi-14.jpg","width":436,"height":100,"caption":"Advanced Resources"},"image":{"@id":"https:\/\/aresources.pt\/#\/schema\/logo\/image\/"},"sameAs":["https:\/\/www.facebook.com\/aresources.pt"]}]}},"_links":{"self":[{"href":"https:\/\/aresources.pt\/en\/wp-json\/wp\/v2\/pages\/816","targetHints":{"allow":["GET"]}}],"collection":[{"href":"https:\/\/aresources.pt\/en\/wp-json\/wp\/v2\/pages"}],"about":[{"href":"https:\/\/aresources.pt\/en\/wp-json\/wp\/v2\/types\/page"}],"author":[{"embeddable":true,"href":"https:\/\/aresources.pt\/en\/wp-json\/wp\/v2\/users\/2"}],"replies":[{"embeddable":true,"href":"https:\/\/aresources.pt\/en\/wp-json\/wp\/v2\/comments?post=816"}],"version-history":[{"count":75,"href":"https:\/\/aresources.pt\/en\/wp-json\/wp\/v2\/pages\/816\/revisions"}],"predecessor-version":[{"id":9027,"href":"https:\/\/aresources.pt\/en\/wp-json\/wp\/v2\/pages\/816\/revisions\/9027"}],"wp:attachment":[{"href":"https:\/\/aresources.pt\/en\/wp-json\/wp\/v2\/media?parent=816"}],"curies":[{"name":"wp","href":"https:\/\/api.w.org\/{rel}","templated":true}]}}