{"id":7385,"date":"2022-07-01T15:57:34","date_gmt":"2022-07-01T14:57:34","guid":{"rendered":"https:\/\/aresources.pt\/?page_id=7385"},"modified":"2024-11-11T11:14:43","modified_gmt":"2024-11-11T10:14:43","slug":"motorola-mxp600","status":"publish","type":"page","link":"https:\/\/aresources.pt\/en\/destaques\/motorola-mxp600\/","title":{"rendered":"Motorola MXP600"},"content":{"rendered":"<div data-elementor-type=\"wp-page\" data-elementor-id=\"7385\" class=\"elementor elementor-7385\">\n\t\t\t\t\t\t<section class=\"elementor-section elementor-top-section elementor-element elementor-element-1003a76 elementor-section-full_width elementor-hidden-mobile elementor-section-height-default elementor-section-height-default\" data-id=\"1003a76\" data-element_type=\"section\" data-e-type=\"section\">\n\t\t\t\t\t\t<div class=\"elementor-container elementor-column-gap-default\">\n\t\t\t\t\t<div class=\"elementor-column elementor-col-100 elementor-top-column elementor-element elementor-element-4f8b69a\" data-id=\"4f8b69a\" data-element_type=\"column\" data-e-type=\"column\">\n\t\t\t<div class=\"elementor-widget-wrap elementor-element-populated\">\n\t\t\t\t\t\t<div class=\"elementor-element elementor-element-2796d2f elementor-widget elementor-widget-image\" data-id=\"2796d2f\" data-element_type=\"widget\" data-e-type=\"widget\" data-widget_type=\"image.default\">\n\t\t\t\t<div class=\"elementor-widget-container\">\n\t\t\t\t\t\t\t\t\t\t\t\t\t\t\t<img decoding=\"async\" src=\"https:\/\/aresources.pt\/wp-content\/uploads\/elementor\/thumbs\/MXP600_Workstyle_banner-py53mpccyopckraihfm36y4ohjinngamsqq9dsteow.jpg\" title=\"Motorola MXP600 Workstyle_banner\" alt=\"Motorola MXP600 Workstyle_banner\" loading=\"lazy\" \/>\t\t\t\t\t\t\t\t\t\t\t\t\t\t\t<\/div>\n\t\t\t\t<\/div>\n\t\t\t\t\t<\/div>\n\t\t<\/div>\n\t\t\t\t\t<\/div>\n\t\t<\/section>\n\t\t\t\t<section class=\"elementor-section elementor-top-section elementor-element elementor-element-dc99b63 elementor-section-full_width elementor-hidden-tablet elementor-section-height-default elementor-section-height-default\" data-id=\"dc99b63\" data-element_type=\"section\" data-e-type=\"section\">\n\t\t\t\t\t\t<div class=\"elementor-container elementor-column-gap-default\">\n\t\t\t\t\t<div class=\"elementor-column elementor-col-100 elementor-top-column elementor-element elementor-element-06519a7\" data-id=\"06519a7\" data-element_type=\"column\" data-e-type=\"column\">\n\t\t\t<div class=\"elementor-widget-wrap elementor-element-populated\">\n\t\t\t\t\t\t<div class=\"elementor-element elementor-element-ab7b4ee elementor-hidden-desktop elementor-hidden-tablet elementor-widget elementor-widget-image\" data-id=\"ab7b4ee\" data-element_type=\"widget\" data-e-type=\"widget\" data-widget_type=\"image.default\">\n\t\t\t\t<div class=\"elementor-widget-container\">\n\t\t\t\t\t\t\t\t\t\t\t\t\t\t\t<img fetchpriority=\"high\" decoding=\"async\" width=\"700\" height=\"391\" src=\"https:\/\/aresources.pt\/wp-content\/uploads\/2022\/11\/MXP600_Workstyle_banner_mobile.jpg\" class=\"attachment-full size-full wp-image-7659\" alt=\"Motorola MXP600 Workstyle_banner_mobile\" srcset=\"https:\/\/aresources.pt\/wp-content\/uploads\/2022\/11\/MXP600_Workstyle_banner_mobile.jpg 700w, https:\/\/aresources.pt\/wp-content\/uploads\/2022\/11\/MXP600_Workstyle_banner_mobile-300x168.jpg 300w\" sizes=\"(max-width: 700px) 100vw, 700px\" \/>\t\t\t\t\t\t\t\t\t\t\t\t\t\t\t<\/div>\n\t\t\t\t<\/div>\n\t\t\t\t\t<\/div>\n\t\t<\/div>\n\t\t\t\t\t<\/div>\n\t\t<\/section>\n\t\t\t\t<section class=\"elementor-section elementor-top-section elementor-element elementor-element-81faa25 elementor-section-boxed elementor-section-height-default elementor-section-height-default\" data-id=\"81faa25\" data-element_type=\"section\" data-e-type=\"section\">\n\t\t\t\t\t\t<div class=\"elementor-container elementor-column-gap-default\">\n\t\t\t\t\t<div class=\"elementor-column elementor-col-100 elementor-top-column elementor-element elementor-element-3c3977d\" data-id=\"3c3977d\" data-element_type=\"column\" data-e-type=\"column\">\n\t\t\t<div class=\"elementor-widget-wrap elementor-element-populated\">\n\t\t\t\t\t\t<div class=\"elementor-element elementor-element-fb85147 elementor-widget elementor-widget-heading\" data-id=\"fb85147\" data-element_type=\"widget\" data-e-type=\"widget\" data-widget_type=\"heading.default\">\n\t\t\t\t<div class=\"elementor-widget-container\">\n\t\t\t\t\t<h2 class=\"elementor-heading-title elementor-size-default\"><p align=\"center\" style=\"margin-bottom: 0in;line-height: normal\"><b><span style=\"font-size: 36pt;font-family: Arial, sans-serif\">Motorola MXP600<\/span><\/b><span style=\"font-family: var( --e-global-typography-primary-font-family ), Sans-serif;font-size: 48px;font-weight: var( --e-global-typography-primary-font-weight )\"><\/span><\/p><\/h2>\t\t\t\t<\/div>\n\t\t\t\t<\/div>\n\t\t\t\t<div class=\"elementor-element elementor-element-2e6fbdf elementor-widget elementor-widget-text-editor\" data-id=\"2e6fbdf\" data-element_type=\"widget\" data-e-type=\"widget\" data-widget_type=\"text-editor.default\">\n\t\t\t\t<div class=\"elementor-widget-container\">\n\t\t\t\t\t\t\t\t\t<p><strong>The New Motorola TETRA Radio<\/strong><\/p>\t\t\t\t\t\t\t\t<\/div>\n\t\t\t\t<\/div>\n\t\t\t\t<div class=\"elementor-element elementor-element-1392e35 elementor-widget elementor-widget-text-editor\" data-id=\"1392e35\" data-element_type=\"widget\" data-e-type=\"widget\" data-widget_type=\"text-editor.default\">\n\t\t\t\t<div class=\"elementor-widget-container\">\n\t\t\t\t\t\t\t\t\t<p>The MXP600 model is the latest\u00a0<a href=\"https:\/\/aresources.pt\/en\/radios-tetra\/\">TETRA radio\u00a0<\/a> from Motorola Solutions. Considering the needs of frontline users, the Motorola MXP600 is a TETRA model designed to be user-friendly, lightweight, and rugged.<\/p><p>The audio system has been improved and is prepared to communicate or receive communications in noisy environments. Its coverage has been further enhanced by increased transmission power, achieving greater ranges in better audio conditions. In addition, battery capacity and robustness have been improved.<\/p>\t\t\t\t\t\t\t\t<\/div>\n\t\t\t\t<\/div>\n\t\t\t\t<div class=\"elementor-element elementor-element-d645a87 elementor-widget elementor-widget-text-editor\" data-id=\"d645a87\" data-element_type=\"widget\" data-e-type=\"widget\" data-widget_type=\"text-editor.default\">\n\t\t\t\t<div class=\"elementor-widget-container\">\n\t\t\t\t\t\t\t\t\t<p><strong>New features for scalability<\/strong><\/p>\t\t\t\t\t\t\t\t<\/div>\n\t\t\t\t<\/div>\n\t\t\t\t<div class=\"elementor-element elementor-element-6c7e730 elementor-widget elementor-widget-text-editor\" data-id=\"6c7e730\" data-element_type=\"widget\" data-e-type=\"widget\" data-widget_type=\"text-editor.default\">\n\t\t\t\t<div class=\"elementor-widget-container\">\n\t\t\t\t\t\t\t\t\t<p>Future-proof features have also been introduced. Technologies such as Bluetooth 5.0 and Near-Field Communication (NFC) enable secure integration of these devices with other equipment and networks.<\/p><p>It is compatible with the M-RadioControl application to control the radio via a smartphone, via Bluetooth. Besides basic commands, it allows to search talkgroups, send status updates, send SDS messages, among others, without direct interaction with the device.<\/p>\t\t\t\t\t\t\t\t<\/div>\n\t\t\t\t<\/div>\n\t\t\t\t<div class=\"elementor-element elementor-element-a4580ef elementor-widget elementor-widget-text-editor\" data-id=\"a4580ef\" data-element_type=\"widget\" data-e-type=\"widget\" data-widget_type=\"text-editor.default\">\n\t\t\t\t<div class=\"elementor-widget-container\">\n\t\t\t\t\t\t\t\t\t<p><strong>Accessories Compatibility<\/strong><\/p>\t\t\t\t\t\t\t\t<\/div>\n\t\t\t\t<\/div>\n\t\t\t\t<div class=\"elementor-element elementor-element-f399dfc elementor-widget elementor-widget-text-editor\" data-id=\"f399dfc\" data-element_type=\"widget\" data-e-type=\"widget\" data-widget_type=\"text-editor.default\">\n\t\t\t\t<div class=\"elementor-widget-container\">\n\t\t\t\t\t\t\t\t\t<p>MXP600 maintains compatibility with a wide range of TETRA accessories. The list can be seen on <a href=\"http:\/\/www.motorolasolutions.com\/MXP600radio\">Motorola's web page<\/a>.<\/p>\t\t\t\t\t\t\t\t<\/div>\n\t\t\t\t<\/div>\n\t\t\t\t<div class=\"elementor-element elementor-element-afcc197 elementor-widget elementor-widget-image\" data-id=\"afcc197\" data-element_type=\"widget\" data-e-type=\"widget\" data-widget_type=\"image.default\">\n\t\t\t\t<div class=\"elementor-widget-container\">\n\t\t\t\t\t\t\t\t\t\t\t\t\t\t\t<img decoding=\"async\" width=\"500\" height=\"500\" src=\"https:\/\/aresources.pt\/wp-content\/uploads\/2022\/07\/00_03.png\" class=\"attachment-medium_large size-medium_large wp-image-7388\" alt=\"\" srcset=\"https:\/\/aresources.pt\/wp-content\/uploads\/2022\/07\/00_03.png 500w, https:\/\/aresources.pt\/wp-content\/uploads\/2022\/07\/00_03-300x300.png 300w, https:\/\/aresources.pt\/wp-content\/uploads\/2022\/07\/00_03-150x150.png 150w\" sizes=\"(max-width: 500px) 100vw, 500px\" \/>\t\t\t\t\t\t\t\t\t\t\t\t\t\t\t<\/div>\n\t\t\t\t<\/div>\n\t\t\t\t<div class=\"elementor-element elementor-element-6ee4dfa elementor-widget elementor-widget-text-editor\" data-id=\"6ee4dfa\" data-element_type=\"widget\" data-e-type=\"widget\" data-widget_type=\"text-editor.default\">\n\t\t\t\t<div class=\"elementor-widget-container\">\n\t\t\t\t\t\t\t\t\t<p>Some of the features this radio offers include:<\/p><ul><li>Class 3 (3 Watt) transmit power sending option.<\/li><li>2.4 inch color display<\/li><li>Bluetooth 5.0.<\/li><li>Integrated NFC.<\/li><li>High sensitivity receiver.<\/li><li>Noise suppression multi-microphone system.<\/li><li>Adaptive wind noise mitigation system.<\/li><li>Increased battery capacity.<\/li><li>2.4GHz and 5GHz Wi-fi.<\/li><li>Dedicated emergency button.<\/li><li>Secure communications.<\/li><\/ul>\t\t\t\t\t\t\t\t<\/div>\n\t\t\t\t<\/div>\n\t\t\t\t<div class=\"elementor-element elementor-element-bab7872 elementor-widget elementor-widget-video\" data-id=\"bab7872\" data-element_type=\"widget\" data-e-type=\"widget\" data-settings=\"{&quot;youtube_url&quot;:&quot;https:\\\/\\\/www.youtube.com\\\/watch?v=_5DjYkj9ACg&quot;,&quot;video_type&quot;:&quot;youtube&quot;,&quot;controls&quot;:&quot;yes&quot;}\" data-widget_type=\"video.default\">\n\t\t\t\t<div class=\"elementor-widget-container\">\n\t\t\t\t\t\t\t<div class=\"elementor-wrapper elementor-open-inline\">\n\t\t\t<div class=\"elementor-video\"><\/div>\t\t<\/div>\n\t\t\t\t\t\t<\/div>\n\t\t\t\t<\/div>\n\t\t\t\t\t<\/div>\n\t\t<\/div>\n\t\t\t\t\t<\/div>\n\t\t<\/section>\n\t\t\t\t<\/div>","protected":false},"excerpt":{"rendered":"<p>Motorola MXP600 O novo r\u00e1dio TETRA da Motorola O modelo MXP600 \u00e9 o\u00a0r\u00e1dio TETRA\u00a0 mais recente da Motorola Solutions. Tendo em conta as necessidades dos utilizadores da linha da frente, o Motorola MXP600 \u00e9 um modelo TETRA desenvolvido para ser pr\u00e1tico para o utilizador, leve e resistente. O sistema de \u00e1udio foi melhorado e encontra-se [&hellip;]<\/p>\n","protected":false},"author":2,"featured_media":0,"parent":1094,"menu_order":0,"comment_status":"closed","ping_status":"closed","template":"","meta":{"_monsterinsights_skip_tracking":false,"_monsterinsights_sitenote_active":false,"_monsterinsights_sitenote_note":"","_monsterinsights_sitenote_category":0,"ocean_post_layout":"full-screen","ocean_both_sidebars_style":"","ocean_both_sidebars_content_width":0,"ocean_both_sidebars_sidebars_width":0,"ocean_sidebar":"0","ocean_second_sidebar":"0","ocean_disable_margins":"enable","ocean_add_body_class":"","ocean_shortcode_before_top_bar":"","ocean_shortcode_after_top_bar":"","ocean_shortcode_before_header":"","ocean_shortcode_after_header":"","ocean_has_shortcode":"","ocean_shortcode_after_title":"","ocean_shortcode_before_footer_widgets":"","ocean_shortcode_after_footer_widgets":"","ocean_shortcode_before_footer_bottom":"","ocean_shortcode_after_footer_bottom":"","ocean_display_top_bar":"default","ocean_display_header":"default","ocean_header_style":"","ocean_center_header_left_menu":"0","ocean_custom_header_template":"0","ocean_custom_logo":0,"ocean_custom_retina_logo":0,"ocean_custom_logo_max_width":0,"ocean_custom_logo_tablet_max_width":0,"ocean_custom_logo_mobile_max_width":0,"ocean_custom_logo_max_height":0,"ocean_custom_logo_tablet_max_height":0,"ocean_custom_logo_mobile_max_height":0,"ocean_header_custom_menu":"0","ocean_menu_typo_font_family":"0","ocean_menu_typo_font_subset":"","ocean_menu_typo_font_size":0,"ocean_menu_typo_font_size_tablet":0,"ocean_menu_typo_font_size_mobile":0,"ocean_menu_typo_font_size_unit":"px","ocean_menu_typo_font_weight":"","ocean_menu_typo_font_weight_tablet":"","ocean_menu_typo_font_weight_mobile":"","ocean_menu_typo_transform":"","ocean_menu_typo_transform_tablet":"","ocean_menu_typo_transform_mobile":"","ocean_menu_typo_line_height":0,"ocean_menu_typo_line_height_tablet":0,"ocean_menu_typo_line_height_mobile":0,"ocean_menu_typo_line_height_unit":"","ocean_menu_typo_spacing":0,"ocean_menu_typo_spacing_tablet":0,"ocean_menu_typo_spacing_mobile":0,"ocean_menu_typo_spacing_unit":"","ocean_menu_link_color":"","ocean_menu_link_color_hover":"","ocean_menu_link_color_active":"","ocean_menu_link_background":"","ocean_menu_link_hover_background":"","ocean_menu_link_active_background":"","ocean_menu_social_links_bg":"","ocean_menu_social_hover_links_bg":"","ocean_menu_social_links_color":"","ocean_menu_social_hover_links_color":"","ocean_disable_title":"on","ocean_disable_heading":"default","ocean_post_title":"","ocean_post_subheading":"","ocean_post_title_style":"","ocean_post_title_background_color":"","ocean_post_title_background":0,"ocean_post_title_bg_image_position":"","ocean_post_title_bg_image_attachment":"","ocean_post_title_bg_image_repeat":"","ocean_post_title_bg_image_size":"","ocean_post_title_height":0,"ocean_post_title_bg_overlay":0.5,"ocean_post_title_bg_overlay_color":"","ocean_disable_breadcrumbs":"off","ocean_breadcrumbs_color":"","ocean_breadcrumbs_separator_color":"","ocean_breadcrumbs_links_color":"","ocean_breadcrumbs_links_hover_color":"","ocean_display_footer_widgets":"off","ocean_display_footer_bottom":"off","ocean_custom_footer_template":"0","footnotes":""},"class_list":["post-7385","page","type-page","status-publish","hentry","entry"],"yoast_head":"<!-- This site is optimized with the Yoast SEO plugin v27.4 - https:\/\/yoast.com\/product\/yoast-seo-wordpress\/ -->\n<title>Motorola MXP600<\/title>\n<meta name=\"description\" content=\"O Motorola MXP600 \u00e9 o novo modelo TETRA desenvolvido para ser pr\u00e1tico para o utilizador, leve e resistente.\" \/>\n<meta name=\"robots\" content=\"index, follow, max-snippet:-1, max-image-preview:large, max-video-preview:-1\" \/>\n<link rel=\"canonical\" href=\"https:\/\/aresources.pt\/en\/destaques\/motorola-mxp600\/\" \/>\n<meta property=\"og:locale\" content=\"en_US\" \/>\n<meta property=\"og:type\" content=\"article\" \/>\n<meta property=\"og:title\" content=\"Motorola MXP600\" \/>\n<meta property=\"og:description\" content=\"O Motorola MXP600 \u00e9 o novo modelo TETRA desenvolvido para ser pr\u00e1tico para o utilizador, leve e resistente.\" \/>\n<meta property=\"og:url\" content=\"https:\/\/aresources.pt\/en\/destaques\/motorola-mxp600\/\" \/>\n<meta property=\"og:site_name\" content=\"Advanced Resources\" \/>\n<meta property=\"article:publisher\" content=\"https:\/\/www.facebook.com\/aresources.pt\" \/>\n<meta property=\"article:modified_time\" content=\"2024-11-11T10:14:43+00:00\" \/>\n<meta property=\"og:image\" content=\"https:\/\/aresources.pt\/wp-content\/uploads\/elementor\/thumbs\/MXP600_Workstyle_banner-py53mpccyopckraihfm36y4ohjinngamsqq8i1p24g.jpg\" \/>\n<meta name=\"twitter:card\" content=\"summary_large_image\" \/>\n<meta name=\"twitter:label1\" content=\"Est. reading time\" \/>\n\t<meta name=\"twitter:data1\" content=\"3 minutes\" \/>\n<script type=\"application\/ld+json\" class=\"yoast-schema-graph\">{\"@context\":\"https:\\\/\\\/schema.org\",\"@graph\":[{\"@type\":\"WebPage\",\"@id\":\"https:\\\/\\\/aresources.pt\\\/destaques\\\/motorola-mxp600\\\/\",\"url\":\"https:\\\/\\\/aresources.pt\\\/destaques\\\/motorola-mxp600\\\/\",\"name\":\"Motorola MXP600\",\"isPartOf\":{\"@id\":\"https:\\\/\\\/aresources.pt\\\/#website\"},\"primaryImageOfPage\":{\"@id\":\"https:\\\/\\\/aresources.pt\\\/destaques\\\/motorola-mxp600\\\/#primaryimage\"},\"image\":{\"@id\":\"https:\\\/\\\/aresources.pt\\\/destaques\\\/motorola-mxp600\\\/#primaryimage\"},\"thumbnailUrl\":\"https:\\\/\\\/aresources.pt\\\/wp-content\\\/uploads\\\/elementor\\\/thumbs\\\/MXP600_Workstyle_banner-py53mpccyopckraihfm36y4ohjinngamsqq8i1p24g.jpg\",\"datePublished\":\"2022-07-01T14:57:34+00:00\",\"dateModified\":\"2024-11-11T10:14:43+00:00\",\"description\":\"O Motorola MXP600 \u00e9 o novo modelo TETRA desenvolvido para ser pr\u00e1tico para o utilizador, leve e resistente.\",\"breadcrumb\":{\"@id\":\"https:\\\/\\\/aresources.pt\\\/destaques\\\/motorola-mxp600\\\/#breadcrumb\"},\"inLanguage\":\"en-US\",\"potentialAction\":[{\"@type\":\"ReadAction\",\"target\":[\"https:\\\/\\\/aresources.pt\\\/destaques\\\/motorola-mxp600\\\/\"]}]},{\"@type\":\"ImageObject\",\"inLanguage\":\"en-US\",\"@id\":\"https:\\\/\\\/aresources.pt\\\/destaques\\\/motorola-mxp600\\\/#primaryimage\",\"url\":\"https:\\\/\\\/aresources.pt\\\/wp-content\\\/uploads\\\/elementor\\\/thumbs\\\/MXP600_Workstyle_banner-py53mpccyopckraihfm36y4ohjinngamsqq8i1p24g.jpg\",\"contentUrl\":\"https:\\\/\\\/aresources.pt\\\/wp-content\\\/uploads\\\/elementor\\\/thumbs\\\/MXP600_Workstyle_banner-py53mpccyopckraihfm36y4ohjinngamsqq8i1p24g.jpg\"},{\"@type\":\"BreadcrumbList\",\"@id\":\"https:\\\/\\\/aresources.pt\\\/destaques\\\/motorola-mxp600\\\/#breadcrumb\",\"itemListElement\":[{\"@type\":\"ListItem\",\"position\":1,\"name\":\"Home\",\"item\":\"https:\\\/\\\/aresources.pt\\\/\"},{\"@type\":\"ListItem\",\"position\":2,\"name\":\"Destaques\",\"item\":\"https:\\\/\\\/aresources.pt\\\/destaques\\\/\"},{\"@type\":\"ListItem\",\"position\":3,\"name\":\"Motorola MXP600\"}]},{\"@type\":\"WebSite\",\"@id\":\"https:\\\/\\\/aresources.pt\\\/#website\",\"url\":\"https:\\\/\\\/aresources.pt\\\/\",\"name\":\"Advanced Resources\",\"description\":\"Telecomunica\u00e7\u00f5es e Seguran\u00e7a\",\"publisher\":{\"@id\":\"https:\\\/\\\/aresources.pt\\\/#organization\"},\"potentialAction\":[{\"@type\":\"SearchAction\",\"target\":{\"@type\":\"EntryPoint\",\"urlTemplate\":\"https:\\\/\\\/aresources.pt\\\/?s={search_term_string}\"},\"query-input\":{\"@type\":\"PropertyValueSpecification\",\"valueRequired\":true,\"valueName\":\"search_term_string\"}}],\"inLanguage\":\"en-US\"},{\"@type\":\"Organization\",\"@id\":\"https:\\\/\\\/aresources.pt\\\/#organization\",\"name\":\"Advanced Resources\",\"url\":\"https:\\\/\\\/aresources.pt\\\/\",\"logo\":{\"@type\":\"ImageObject\",\"inLanguage\":\"en-US\",\"@id\":\"https:\\\/\\\/aresources.pt\\\/#\\\/schema\\\/logo\\\/image\\\/\",\"url\":\"https:\\\/\\\/aresources.pt\\\/wp-content\\\/uploads\\\/2019\\\/06\\\/cropped-150dpi-14.jpg\",\"contentUrl\":\"https:\\\/\\\/aresources.pt\\\/wp-content\\\/uploads\\\/2019\\\/06\\\/cropped-150dpi-14.jpg\",\"width\":436,\"height\":100,\"caption\":\"Advanced Resources\"},\"image\":{\"@id\":\"https:\\\/\\\/aresources.pt\\\/#\\\/schema\\\/logo\\\/image\\\/\"},\"sameAs\":[\"https:\\\/\\\/www.facebook.com\\\/aresources.pt\"]}]}<\/script>\n<!-- \/ Yoast SEO plugin. -->","yoast_head_json":{"title":"Motorola MXP600","description":"O Motorola MXP600 \u00e9 o novo modelo TETRA desenvolvido para ser pr\u00e1tico para o utilizador, leve e resistente.","robots":{"index":"index","follow":"follow","max-snippet":"max-snippet:-1","max-image-preview":"max-image-preview:large","max-video-preview":"max-video-preview:-1"},"canonical":"https:\/\/aresources.pt\/en\/destaques\/motorola-mxp600\/","og_locale":"en_US","og_type":"article","og_title":"Motorola MXP600","og_description":"O Motorola MXP600 \u00e9 o novo modelo TETRA desenvolvido para ser pr\u00e1tico para o utilizador, leve e resistente.","og_url":"https:\/\/aresources.pt\/en\/destaques\/motorola-mxp600\/","og_site_name":"Advanced Resources","article_publisher":"https:\/\/www.facebook.com\/aresources.pt","article_modified_time":"2024-11-11T10:14:43+00:00","og_image":[{"url":"https:\/\/aresources.pt\/wp-content\/uploads\/elementor\/thumbs\/MXP600_Workstyle_banner-py53mpccyopckraihfm36y4ohjinngamsqq8i1p24g.jpg","type":"","width":"","height":""}],"twitter_card":"summary_large_image","twitter_misc":{"Est. reading time":"3 minutes"},"schema":{"@context":"https:\/\/schema.org","@graph":[{"@type":"WebPage","@id":"https:\/\/aresources.pt\/destaques\/motorola-mxp600\/","url":"https:\/\/aresources.pt\/destaques\/motorola-mxp600\/","name":"Motorola MXP600","isPartOf":{"@id":"https:\/\/aresources.pt\/#website"},"primaryImageOfPage":{"@id":"https:\/\/aresources.pt\/destaques\/motorola-mxp600\/#primaryimage"},"image":{"@id":"https:\/\/aresources.pt\/destaques\/motorola-mxp600\/#primaryimage"},"thumbnailUrl":"https:\/\/aresources.pt\/wp-content\/uploads\/elementor\/thumbs\/MXP600_Workstyle_banner-py53mpccyopckraihfm36y4ohjinngamsqq8i1p24g.jpg","datePublished":"2022-07-01T14:57:34+00:00","dateModified":"2024-11-11T10:14:43+00:00","description":"O Motorola MXP600 \u00e9 o novo modelo TETRA desenvolvido para ser pr\u00e1tico para o utilizador, leve e resistente.","breadcrumb":{"@id":"https:\/\/aresources.pt\/destaques\/motorola-mxp600\/#breadcrumb"},"inLanguage":"en-US","potentialAction":[{"@type":"ReadAction","target":["https:\/\/aresources.pt\/destaques\/motorola-mxp600\/"]}]},{"@type":"ImageObject","inLanguage":"en-US","@id":"https:\/\/aresources.pt\/destaques\/motorola-mxp600\/#primaryimage","url":"https:\/\/aresources.pt\/wp-content\/uploads\/elementor\/thumbs\/MXP600_Workstyle_banner-py53mpccyopckraihfm36y4ohjinngamsqq8i1p24g.jpg","contentUrl":"https:\/\/aresources.pt\/wp-content\/uploads\/elementor\/thumbs\/MXP600_Workstyle_banner-py53mpccyopckraihfm36y4ohjinngamsqq8i1p24g.jpg"},{"@type":"BreadcrumbList","@id":"https:\/\/aresources.pt\/destaques\/motorola-mxp600\/#breadcrumb","itemListElement":[{"@type":"ListItem","position":1,"name":"Home","item":"https:\/\/aresources.pt\/"},{"@type":"ListItem","position":2,"name":"Destaques","item":"https:\/\/aresources.pt\/destaques\/"},{"@type":"ListItem","position":3,"name":"Motorola MXP600"}]},{"@type":"WebSite","@id":"https:\/\/aresources.pt\/#website","url":"https:\/\/aresources.pt\/","name":"Advanced Resources","description":"Telecomunica\u00e7\u00f5es e Seguran\u00e7a","publisher":{"@id":"https:\/\/aresources.pt\/#organization"},"potentialAction":[{"@type":"SearchAction","target":{"@type":"EntryPoint","urlTemplate":"https:\/\/aresources.pt\/?s={search_term_string}"},"query-input":{"@type":"PropertyValueSpecification","valueRequired":true,"valueName":"search_term_string"}}],"inLanguage":"en-US"},{"@type":"Organization","@id":"https:\/\/aresources.pt\/#organization","name":"Advanced Resources","url":"https:\/\/aresources.pt\/","logo":{"@type":"ImageObject","inLanguage":"en-US","@id":"https:\/\/aresources.pt\/#\/schema\/logo\/image\/","url":"https:\/\/aresources.pt\/wp-content\/uploads\/2019\/06\/cropped-150dpi-14.jpg","contentUrl":"https:\/\/aresources.pt\/wp-content\/uploads\/2019\/06\/cropped-150dpi-14.jpg","width":436,"height":100,"caption":"Advanced Resources"},"image":{"@id":"https:\/\/aresources.pt\/#\/schema\/logo\/image\/"},"sameAs":["https:\/\/www.facebook.com\/aresources.pt"]}]}},"_links":{"self":[{"href":"https:\/\/aresources.pt\/en\/wp-json\/wp\/v2\/pages\/7385","targetHints":{"allow":["GET"]}}],"collection":[{"href":"https:\/\/aresources.pt\/en\/wp-json\/wp\/v2\/pages"}],"about":[{"href":"https:\/\/aresources.pt\/en\/wp-json\/wp\/v2\/types\/page"}],"author":[{"embeddable":true,"href":"https:\/\/aresources.pt\/en\/wp-json\/wp\/v2\/users\/2"}],"replies":[{"embeddable":true,"href":"https:\/\/aresources.pt\/en\/wp-json\/wp\/v2\/comments?post=7385"}],"version-history":[{"count":51,"href":"https:\/\/aresources.pt\/en\/wp-json\/wp\/v2\/pages\/7385\/revisions"}],"predecessor-version":[{"id":9830,"href":"https:\/\/aresources.pt\/en\/wp-json\/wp\/v2\/pages\/7385\/revisions\/9830"}],"up":[{"embeddable":true,"href":"https:\/\/aresources.pt\/en\/wp-json\/wp\/v2\/pages\/1094"}],"wp:attachment":[{"href":"https:\/\/aresources.pt\/en\/wp-json\/wp\/v2\/media?parent=7385"}],"curies":[{"name":"wp","href":"https:\/\/api.w.org\/{rel}","templated":true}]}}