{"id":6739,"date":"2020-11-16T20:06:11","date_gmt":"2020-11-16T19:06:11","guid":{"rendered":"https:\/\/aresources.pt\/?page_id=6739"},"modified":"2026-01-05T12:40:24","modified_gmt":"2026-01-05T11:40:24","slug":"webint","status":"publish","type":"page","link":"https:\/\/aresources.pt\/en\/ferramentas-forenses\/webint\/","title":{"rendered":"WEBINT"},"content":{"rendered":"<div data-elementor-type=\"wp-page\" data-elementor-id=\"6739\" class=\"elementor elementor-6739\">\n\t\t\t\t\t\t<section class=\"elementor-section elementor-top-section elementor-element elementor-element-5c88ff0 elementor-section-full_width elementor-section-height-default elementor-section-height-default\" data-id=\"5c88ff0\" data-element_type=\"section\" data-e-type=\"section\">\n\t\t\t\t\t\t<div class=\"elementor-container elementor-column-gap-default\">\n\t\t\t\t\t<div class=\"elementor-column elementor-col-100 elementor-top-column elementor-element elementor-element-76ea341\" data-id=\"76ea341\" data-element_type=\"column\" data-e-type=\"column\">\n\t\t\t<div class=\"elementor-widget-wrap elementor-element-populated\">\n\t\t\t\t\t\t<div class=\"elementor-element elementor-element-f0922db elementor-hidden-phone elementor-widget elementor-widget-image\" data-id=\"f0922db\" data-element_type=\"widget\" data-e-type=\"widget\" data-widget_type=\"image.default\">\n\t\t\t\t<div class=\"elementor-widget-container\">\n\t\t\t\t\t\t\t\t\t\t\t\t\t\t\t<img fetchpriority=\"high\" decoding=\"async\" width=\"1920\" height=\"400\" src=\"https:\/\/aresources.pt\/wp-content\/uploads\/2020\/11\/WEBINT_wide.jpg\" class=\"attachment-full size-full wp-image-6746\" alt=\"WEBINT_wide\" srcset=\"https:\/\/aresources.pt\/wp-content\/uploads\/2020\/11\/WEBINT_wide.jpg 1920w, https:\/\/aresources.pt\/wp-content\/uploads\/2020\/11\/WEBINT_wide-300x63.jpg 300w, https:\/\/aresources.pt\/wp-content\/uploads\/2020\/11\/WEBINT_wide-1024x213.jpg 1024w, https:\/\/aresources.pt\/wp-content\/uploads\/2020\/11\/WEBINT_wide-768x160.jpg 768w, https:\/\/aresources.pt\/wp-content\/uploads\/2020\/11\/WEBINT_wide-1536x320.jpg 1536w\" sizes=\"(max-width: 1920px) 100vw, 1920px\" \/>\t\t\t\t\t\t\t\t\t\t\t\t\t\t\t<\/div>\n\t\t\t\t<\/div>\n\t\t\t\t\t<\/div>\n\t\t<\/div>\n\t\t\t\t\t<\/div>\n\t\t<\/section>\n\t\t\t\t<section class=\"elementor-section elementor-top-section elementor-element elementor-element-c41f731 elementor-section-full_width elementor-hidden-desktop elementor-hidden-tablet elementor-section-height-default elementor-section-height-default\" data-id=\"c41f731\" data-element_type=\"section\" data-e-type=\"section\">\n\t\t\t\t\t\t<div class=\"elementor-container elementor-column-gap-default\">\n\t\t\t\t\t<div class=\"elementor-column elementor-col-100 elementor-top-column elementor-element elementor-element-8a96b1e\" data-id=\"8a96b1e\" data-element_type=\"column\" data-e-type=\"column\">\n\t\t\t<div class=\"elementor-widget-wrap elementor-element-populated\">\n\t\t\t\t\t\t<div class=\"elementor-element elementor-element-d6a2513 elementor-widget elementor-widget-image\" data-id=\"d6a2513\" data-element_type=\"widget\" data-e-type=\"widget\" data-widget_type=\"image.default\">\n\t\t\t\t<div class=\"elementor-widget-container\">\n\t\t\t\t\t\t\t\t\t\t\t\t\t\t\t<img decoding=\"async\" width=\"700\" height=\"350\" src=\"https:\/\/aresources.pt\/wp-content\/uploads\/2020\/11\/WEBINT_mobile.jpg\" class=\"attachment-full size-full wp-image-6745\" alt=\"WEBINT_mobile\" srcset=\"https:\/\/aresources.pt\/wp-content\/uploads\/2020\/11\/WEBINT_mobile.jpg 700w, https:\/\/aresources.pt\/wp-content\/uploads\/2020\/11\/WEBINT_mobile-300x150.jpg 300w\" sizes=\"(max-width: 700px) 100vw, 700px\" \/>\t\t\t\t\t\t\t\t\t\t\t\t\t\t\t<\/div>\n\t\t\t\t<\/div>\n\t\t\t\t\t<\/div>\n\t\t<\/div>\n\t\t\t\t\t<\/div>\n\t\t<\/section>\n\t\t\t\t<section class=\"elementor-section elementor-top-section elementor-element elementor-element-fee52e8 elementor-section-boxed elementor-section-height-default elementor-section-height-default\" data-id=\"fee52e8\" data-element_type=\"section\" data-e-type=\"section\">\n\t\t\t\t\t\t<div class=\"elementor-container elementor-column-gap-default\">\n\t\t\t\t\t<div class=\"elementor-column elementor-col-100 elementor-top-column elementor-element elementor-element-2d83e37\" data-id=\"2d83e37\" data-element_type=\"column\" data-e-type=\"column\">\n\t\t\t<div class=\"elementor-widget-wrap elementor-element-populated\">\n\t\t\t\t\t\t<div class=\"elementor-element elementor-element-28786df elementor-widget elementor-widget-heading\" data-id=\"28786df\" data-element_type=\"widget\" data-e-type=\"widget\" data-widget_type=\"heading.default\">\n\t\t\t\t<div class=\"elementor-widget-container\">\n\t\t\t\t\t<h1 class=\"elementor-heading-title elementor-size-default\">WEBINT<\/h1>\t\t\t\t<\/div>\n\t\t\t\t<\/div>\n\t\t\t\t\t<\/div>\n\t\t<\/div>\n\t\t\t\t\t<\/div>\n\t\t<\/section>\n\t\t\t\t<section class=\"elementor-section elementor-top-section elementor-element elementor-element-f5c7c8d elementor-section-boxed elementor-section-height-default elementor-section-height-default\" data-id=\"f5c7c8d\" data-element_type=\"section\" data-e-type=\"section\">\n\t\t\t\t\t\t<div class=\"elementor-container elementor-column-gap-default\">\n\t\t\t\t\t<div class=\"elementor-column elementor-col-100 elementor-top-column elementor-element elementor-element-c3e4490\" data-id=\"c3e4490\" data-element_type=\"column\" data-e-type=\"column\">\n\t\t\t<div class=\"elementor-widget-wrap elementor-element-populated\">\n\t\t\t\t\t\t<div class=\"elementor-element elementor-element-07a4a46 elementor-widget elementor-widget-text-editor\" data-id=\"07a4a46\" data-element_type=\"widget\" data-e-type=\"widget\" data-widget_type=\"text-editor.default\">\n\t\t\t\t<div class=\"elementor-widget-container\">\n\t\t\t\t\t\t\t\t\t<p>WEBINT is the acronym associated with \"web intelligence\". This concept refers to data collected from the web, analyzed and processed in order to profile targets - from people to companies or institutions.<\/p>\n<p>Our online activity often becomes a mirror of our offline lives. The digital footprints left by the online activities of suspects are critical tools for identifying or prosecuting them.<\/p>\n<p>WEBINT technology enables you to find information and potential leads in areas such as criminal investigation or terrorism prevention. In this way, it optimizes response times and the operational productivity of teams - by learning the online activities of suspects on the <strong>internet<\/strong>, <strong>deep-web<\/strong> or <strong>dark-net<\/strong>.<\/p>\n<p>Using <strong>artificial intelligence mechanisms<\/strong>, WEBINT solutions allow the transformation of dispersed data into structured information, contributing to predictive analysis mechanisms.<\/p>\n<p>Tools such as geo-location tracking, facial recognition and text and image detection are essential for investigation teams and can be enhanced with a sophisticated artificial intelligence system.<\/p>\t\t\t\t\t\t\t\t<\/div>\n\t\t\t\t<\/div>\n\t\t\t\t\t<\/div>\n\t\t<\/div>\n\t\t\t\t\t<\/div>\n\t\t<\/section>\n\t\t\t\t<\/div>","protected":false},"excerpt":{"rendered":"<p>WEBINT WEBINT \u00e9 a sigla associada a \u201cweb intelligence\u201d. Este conceito remete aos dados recolhidos da web, analisados e processados de forma a tra\u00e7ar o perfil de alvos \u2013 &nbsp;desde pessoas, a empresas ou institui\u00e7\u00f5es. A nossa atividade online torna-se muitas vezes num espelho das nossas vidas offline. As pegadas digitais deixadas pelas atividades online [&hellip;]<\/p>\n","protected":false},"author":2,"featured_media":0,"parent":806,"menu_order":0,"comment_status":"closed","ping_status":"closed","template":"","meta":{"_monsterinsights_skip_tracking":false,"_monsterinsights_sitenote_active":false,"_monsterinsights_sitenote_note":"","_monsterinsights_sitenote_category":0,"ocean_post_layout":"full-screen","ocean_both_sidebars_style":"","ocean_both_sidebars_content_width":0,"ocean_both_sidebars_sidebars_width":0,"ocean_sidebar":"0","ocean_second_sidebar":"0","ocean_disable_margins":"enable","ocean_add_body_class":"","ocean_shortcode_before_top_bar":"","ocean_shortcode_after_top_bar":"","ocean_shortcode_before_header":"","ocean_shortcode_after_header":"","ocean_has_shortcode":"","ocean_shortcode_after_title":"","ocean_shortcode_before_footer_widgets":"","ocean_shortcode_after_footer_widgets":"","ocean_shortcode_before_footer_bottom":"","ocean_shortcode_after_footer_bottom":"","ocean_display_top_bar":"default","ocean_display_header":"default","ocean_header_style":"","ocean_center_header_left_menu":"0","ocean_custom_header_template":"0","ocean_custom_logo":0,"ocean_custom_retina_logo":0,"ocean_custom_logo_max_width":0,"ocean_custom_logo_tablet_max_width":0,"ocean_custom_logo_mobile_max_width":0,"ocean_custom_logo_max_height":0,"ocean_custom_logo_tablet_max_height":0,"ocean_custom_logo_mobile_max_height":0,"ocean_header_custom_menu":"0","ocean_menu_typo_font_family":"0","ocean_menu_typo_font_subset":"","ocean_menu_typo_font_size":0,"ocean_menu_typo_font_size_tablet":0,"ocean_menu_typo_font_size_mobile":0,"ocean_menu_typo_font_size_unit":"px","ocean_menu_typo_font_weight":"","ocean_menu_typo_font_weight_tablet":"","ocean_menu_typo_font_weight_mobile":"","ocean_menu_typo_transform":"","ocean_menu_typo_transform_tablet":"","ocean_menu_typo_transform_mobile":"","ocean_menu_typo_line_height":0,"ocean_menu_typo_line_height_tablet":0,"ocean_menu_typo_line_height_mobile":0,"ocean_menu_typo_line_height_unit":"","ocean_menu_typo_spacing":0,"ocean_menu_typo_spacing_tablet":0,"ocean_menu_typo_spacing_mobile":0,"ocean_menu_typo_spacing_unit":"","ocean_menu_link_color":"","ocean_menu_link_color_hover":"","ocean_menu_link_color_active":"","ocean_menu_link_background":"","ocean_menu_link_hover_background":"","ocean_menu_link_active_background":"","ocean_menu_social_links_bg":"","ocean_menu_social_hover_links_bg":"","ocean_menu_social_links_color":"","ocean_menu_social_hover_links_color":"","ocean_disable_title":"on","ocean_disable_heading":"default","ocean_post_title":"","ocean_post_subheading":"","ocean_post_title_style":"","ocean_post_title_background_color":"","ocean_post_title_background":0,"ocean_post_title_bg_image_position":"","ocean_post_title_bg_image_attachment":"","ocean_post_title_bg_image_repeat":"","ocean_post_title_bg_image_size":"","ocean_post_title_height":0,"ocean_post_title_bg_overlay":0.5,"ocean_post_title_bg_overlay_color":"","ocean_disable_breadcrumbs":"off","ocean_breadcrumbs_color":"","ocean_breadcrumbs_separator_color":"","ocean_breadcrumbs_links_color":"","ocean_breadcrumbs_links_hover_color":"","ocean_display_footer_widgets":"off","ocean_display_footer_bottom":"off","ocean_custom_footer_template":"0","footnotes":""},"class_list":["post-6739","page","type-page","status-publish","hentry","entry"],"yoast_head":"<!-- This site is optimized with the Yoast SEO plugin v27.3 - https:\/\/yoast.com\/product\/yoast-seo-wordpress\/ -->\n<title>WEBINT &#8226; Ferramentas Forenses &#8226; Advanced Resources<\/title>\n<meta name=\"description\" content=\"WEBINT \u00e9 uma tecnologia que permite a an\u00e1lise e filtragem de conte\u00fado online. Possibilita a investiga\u00e7\u00e3o na internet, deep-web e dark.net.\" \/>\n<meta name=\"robots\" content=\"index, follow, max-snippet:-1, max-image-preview:large, max-video-preview:-1\" \/>\n<link rel=\"canonical\" href=\"https:\/\/aresources.pt\/en\/ferramentas-forenses\/webint\/\" \/>\n<meta property=\"og:locale\" content=\"en_US\" \/>\n<meta property=\"og:type\" content=\"article\" \/>\n<meta property=\"og:title\" content=\"WEBINT &#8226; Ferramentas Forenses &#8226; Advanced Resources\" \/>\n<meta property=\"og:description\" content=\"WEBINT \u00e9 uma tecnologia que permite a an\u00e1lise e filtragem de conte\u00fado online. Possibilita a investiga\u00e7\u00e3o na internet, deep-web e dark.net.\" \/>\n<meta property=\"og:url\" content=\"https:\/\/aresources.pt\/en\/ferramentas-forenses\/webint\/\" \/>\n<meta property=\"og:site_name\" content=\"Advanced Resources\" \/>\n<meta property=\"article:publisher\" content=\"https:\/\/www.facebook.com\/aresources.pt\" \/>\n<meta property=\"article:modified_time\" content=\"2026-01-05T11:40:24+00:00\" \/>\n<meta property=\"og:image\" content=\"https:\/\/aresources.pt\/wp-content\/uploads\/2020\/11\/WEBINT_wide.jpg\" \/>\n\t<meta property=\"og:image:width\" content=\"1920\" \/>\n\t<meta property=\"og:image:height\" content=\"400\" \/>\n\t<meta property=\"og:image:type\" content=\"image\/jpeg\" \/>\n<meta name=\"twitter:card\" content=\"summary_large_image\" \/>\n<meta name=\"twitter:label1\" content=\"Est. reading time\" \/>\n\t<meta name=\"twitter:data1\" content=\"2 minutes\" \/>\n<script type=\"application\/ld+json\" class=\"yoast-schema-graph\">{\"@context\":\"https:\\\/\\\/schema.org\",\"@graph\":[{\"@type\":\"WebPage\",\"@id\":\"https:\\\/\\\/aresources.pt\\\/ferramentas-forenses\\\/webint\\\/\",\"url\":\"https:\\\/\\\/aresources.pt\\\/ferramentas-forenses\\\/webint\\\/\",\"name\":\"WEBINT &#8226; Ferramentas Forenses &#8226; Advanced Resources\",\"isPartOf\":{\"@id\":\"https:\\\/\\\/aresources.pt\\\/#website\"},\"primaryImageOfPage\":{\"@id\":\"https:\\\/\\\/aresources.pt\\\/ferramentas-forenses\\\/webint\\\/#primaryimage\"},\"image\":{\"@id\":\"https:\\\/\\\/aresources.pt\\\/ferramentas-forenses\\\/webint\\\/#primaryimage\"},\"thumbnailUrl\":\"https:\\\/\\\/aresources.pt\\\/wp-content\\\/uploads\\\/2020\\\/11\\\/WEBINT_wide.jpg\",\"datePublished\":\"2020-11-16T19:06:11+00:00\",\"dateModified\":\"2026-01-05T11:40:24+00:00\",\"description\":\"WEBINT \u00e9 uma tecnologia que permite a an\u00e1lise e filtragem de conte\u00fado online. Possibilita a investiga\u00e7\u00e3o na internet, deep-web e dark.net.\",\"breadcrumb\":{\"@id\":\"https:\\\/\\\/aresources.pt\\\/ferramentas-forenses\\\/webint\\\/#breadcrumb\"},\"inLanguage\":\"en-US\",\"potentialAction\":[{\"@type\":\"ReadAction\",\"target\":[\"https:\\\/\\\/aresources.pt\\\/ferramentas-forenses\\\/webint\\\/\"]}]},{\"@type\":\"ImageObject\",\"inLanguage\":\"en-US\",\"@id\":\"https:\\\/\\\/aresources.pt\\\/ferramentas-forenses\\\/webint\\\/#primaryimage\",\"url\":\"https:\\\/\\\/aresources.pt\\\/wp-content\\\/uploads\\\/2020\\\/11\\\/WEBINT_wide.jpg\",\"contentUrl\":\"https:\\\/\\\/aresources.pt\\\/wp-content\\\/uploads\\\/2020\\\/11\\\/WEBINT_wide.jpg\"},{\"@type\":\"BreadcrumbList\",\"@id\":\"https:\\\/\\\/aresources.pt\\\/ferramentas-forenses\\\/webint\\\/#breadcrumb\",\"itemListElement\":[{\"@type\":\"ListItem\",\"position\":1,\"name\":\"Home\",\"item\":\"https:\\\/\\\/aresources.pt\\\/\"},{\"@type\":\"ListItem\",\"position\":2,\"name\":\"Ferramentas Forenses\",\"item\":\"https:\\\/\\\/aresources.pt\\\/ferramentas-forenses\\\/\"},{\"@type\":\"ListItem\",\"position\":3,\"name\":\"WEBINT\"}]},{\"@type\":\"WebSite\",\"@id\":\"https:\\\/\\\/aresources.pt\\\/#website\",\"url\":\"https:\\\/\\\/aresources.pt\\\/\",\"name\":\"Advanced Resources\",\"description\":\"Telecomunica\u00e7\u00f5es e Seguran\u00e7a\",\"publisher\":{\"@id\":\"https:\\\/\\\/aresources.pt\\\/#organization\"},\"potentialAction\":[{\"@type\":\"SearchAction\",\"target\":{\"@type\":\"EntryPoint\",\"urlTemplate\":\"https:\\\/\\\/aresources.pt\\\/?s={search_term_string}\"},\"query-input\":{\"@type\":\"PropertyValueSpecification\",\"valueRequired\":true,\"valueName\":\"search_term_string\"}}],\"inLanguage\":\"en-US\"},{\"@type\":\"Organization\",\"@id\":\"https:\\\/\\\/aresources.pt\\\/#organization\",\"name\":\"Advanced Resources\",\"url\":\"https:\\\/\\\/aresources.pt\\\/\",\"logo\":{\"@type\":\"ImageObject\",\"inLanguage\":\"en-US\",\"@id\":\"https:\\\/\\\/aresources.pt\\\/#\\\/schema\\\/logo\\\/image\\\/\",\"url\":\"https:\\\/\\\/aresources.pt\\\/wp-content\\\/uploads\\\/2019\\\/06\\\/cropped-150dpi-14.jpg\",\"contentUrl\":\"https:\\\/\\\/aresources.pt\\\/wp-content\\\/uploads\\\/2019\\\/06\\\/cropped-150dpi-14.jpg\",\"width\":436,\"height\":100,\"caption\":\"Advanced Resources\"},\"image\":{\"@id\":\"https:\\\/\\\/aresources.pt\\\/#\\\/schema\\\/logo\\\/image\\\/\"},\"sameAs\":[\"https:\\\/\\\/www.facebook.com\\\/aresources.pt\"]}]}<\/script>\n<!-- \/ Yoast SEO plugin. -->","yoast_head_json":{"title":"WEBINT &#8226; Ferramentas Forenses &#8226; Advanced Resources","description":"WEBINT \u00e9 uma tecnologia que permite a an\u00e1lise e filtragem de conte\u00fado online. Possibilita a investiga\u00e7\u00e3o na internet, deep-web e dark.net.","robots":{"index":"index","follow":"follow","max-snippet":"max-snippet:-1","max-image-preview":"max-image-preview:large","max-video-preview":"max-video-preview:-1"},"canonical":"https:\/\/aresources.pt\/en\/ferramentas-forenses\/webint\/","og_locale":"en_US","og_type":"article","og_title":"WEBINT &#8226; Ferramentas Forenses &#8226; Advanced Resources","og_description":"WEBINT \u00e9 uma tecnologia que permite a an\u00e1lise e filtragem de conte\u00fado online. Possibilita a investiga\u00e7\u00e3o na internet, deep-web e dark.net.","og_url":"https:\/\/aresources.pt\/en\/ferramentas-forenses\/webint\/","og_site_name":"Advanced Resources","article_publisher":"https:\/\/www.facebook.com\/aresources.pt","article_modified_time":"2026-01-05T11:40:24+00:00","og_image":[{"width":1920,"height":400,"url":"https:\/\/aresources.pt\/wp-content\/uploads\/2020\/11\/WEBINT_wide.jpg","type":"image\/jpeg"}],"twitter_card":"summary_large_image","twitter_misc":{"Est. reading time":"2 minutes"},"schema":{"@context":"https:\/\/schema.org","@graph":[{"@type":"WebPage","@id":"https:\/\/aresources.pt\/ferramentas-forenses\/webint\/","url":"https:\/\/aresources.pt\/ferramentas-forenses\/webint\/","name":"WEBINT &#8226; Ferramentas Forenses &#8226; Advanced Resources","isPartOf":{"@id":"https:\/\/aresources.pt\/#website"},"primaryImageOfPage":{"@id":"https:\/\/aresources.pt\/ferramentas-forenses\/webint\/#primaryimage"},"image":{"@id":"https:\/\/aresources.pt\/ferramentas-forenses\/webint\/#primaryimage"},"thumbnailUrl":"https:\/\/aresources.pt\/wp-content\/uploads\/2020\/11\/WEBINT_wide.jpg","datePublished":"2020-11-16T19:06:11+00:00","dateModified":"2026-01-05T11:40:24+00:00","description":"WEBINT \u00e9 uma tecnologia que permite a an\u00e1lise e filtragem de conte\u00fado online. Possibilita a investiga\u00e7\u00e3o na internet, deep-web e dark.net.","breadcrumb":{"@id":"https:\/\/aresources.pt\/ferramentas-forenses\/webint\/#breadcrumb"},"inLanguage":"en-US","potentialAction":[{"@type":"ReadAction","target":["https:\/\/aresources.pt\/ferramentas-forenses\/webint\/"]}]},{"@type":"ImageObject","inLanguage":"en-US","@id":"https:\/\/aresources.pt\/ferramentas-forenses\/webint\/#primaryimage","url":"https:\/\/aresources.pt\/wp-content\/uploads\/2020\/11\/WEBINT_wide.jpg","contentUrl":"https:\/\/aresources.pt\/wp-content\/uploads\/2020\/11\/WEBINT_wide.jpg"},{"@type":"BreadcrumbList","@id":"https:\/\/aresources.pt\/ferramentas-forenses\/webint\/#breadcrumb","itemListElement":[{"@type":"ListItem","position":1,"name":"Home","item":"https:\/\/aresources.pt\/"},{"@type":"ListItem","position":2,"name":"Ferramentas Forenses","item":"https:\/\/aresources.pt\/ferramentas-forenses\/"},{"@type":"ListItem","position":3,"name":"WEBINT"}]},{"@type":"WebSite","@id":"https:\/\/aresources.pt\/#website","url":"https:\/\/aresources.pt\/","name":"Advanced Resources","description":"Telecomunica\u00e7\u00f5es e Seguran\u00e7a","publisher":{"@id":"https:\/\/aresources.pt\/#organization"},"potentialAction":[{"@type":"SearchAction","target":{"@type":"EntryPoint","urlTemplate":"https:\/\/aresources.pt\/?s={search_term_string}"},"query-input":{"@type":"PropertyValueSpecification","valueRequired":true,"valueName":"search_term_string"}}],"inLanguage":"en-US"},{"@type":"Organization","@id":"https:\/\/aresources.pt\/#organization","name":"Advanced Resources","url":"https:\/\/aresources.pt\/","logo":{"@type":"ImageObject","inLanguage":"en-US","@id":"https:\/\/aresources.pt\/#\/schema\/logo\/image\/","url":"https:\/\/aresources.pt\/wp-content\/uploads\/2019\/06\/cropped-150dpi-14.jpg","contentUrl":"https:\/\/aresources.pt\/wp-content\/uploads\/2019\/06\/cropped-150dpi-14.jpg","width":436,"height":100,"caption":"Advanced Resources"},"image":{"@id":"https:\/\/aresources.pt\/#\/schema\/logo\/image\/"},"sameAs":["https:\/\/www.facebook.com\/aresources.pt"]}]}},"_links":{"self":[{"href":"https:\/\/aresources.pt\/en\/wp-json\/wp\/v2\/pages\/6739","targetHints":{"allow":["GET"]}}],"collection":[{"href":"https:\/\/aresources.pt\/en\/wp-json\/wp\/v2\/pages"}],"about":[{"href":"https:\/\/aresources.pt\/en\/wp-json\/wp\/v2\/types\/page"}],"author":[{"embeddable":true,"href":"https:\/\/aresources.pt\/en\/wp-json\/wp\/v2\/users\/2"}],"replies":[{"embeddable":true,"href":"https:\/\/aresources.pt\/en\/wp-json\/wp\/v2\/comments?post=6739"}],"version-history":[{"count":13,"href":"https:\/\/aresources.pt\/en\/wp-json\/wp\/v2\/pages\/6739\/revisions"}],"predecessor-version":[{"id":10347,"href":"https:\/\/aresources.pt\/en\/wp-json\/wp\/v2\/pages\/6739\/revisions\/10347"}],"up":[{"embeddable":true,"href":"https:\/\/aresources.pt\/en\/wp-json\/wp\/v2\/pages\/806"}],"wp:attachment":[{"href":"https:\/\/aresources.pt\/en\/wp-json\/wp\/v2\/media?parent=6739"}],"curies":[{"name":"wp","href":"https:\/\/api.w.org\/{rel}","templated":true}]}}