{"id":6495,"date":"2020-08-25T09:53:54","date_gmt":"2020-08-25T08:53:54","guid":{"rendered":"https:\/\/aresources.pt\/?page_id=6495"},"modified":"2023-08-11T14:46:05","modified_gmt":"2023-08-11T13:46:05","slug":"motorola-st7500","status":"publish","type":"page","link":"https:\/\/aresources.pt\/en\/destaques\/motorola-st7500\/","title":{"rendered":"Motorola ST7500"},"content":{"rendered":"<div data-elementor-type=\"wp-page\" data-elementor-id=\"6495\" class=\"elementor elementor-6495\">\n\t\t\t\t\t\t<section class=\"elementor-section elementor-top-section elementor-element elementor-element-5f77232 elementor-section-full_width elementor-section-height-default elementor-section-height-default\" data-id=\"5f77232\" data-element_type=\"section\" data-e-type=\"section\">\n\t\t\t\t\t\t<div class=\"elementor-container elementor-column-gap-default\">\n\t\t\t\t\t<div class=\"elementor-column elementor-col-100 elementor-top-column elementor-element elementor-element-bc61758\" data-id=\"bc61758\" data-element_type=\"column\" data-e-type=\"column\">\n\t\t\t<div class=\"elementor-widget-wrap elementor-element-populated\">\n\t\t\t\t\t\t<div class=\"elementor-element elementor-element-5624c96 elementor-hidden-phone elementor-widget elementor-widget-image\" data-id=\"5624c96\" data-element_type=\"widget\" data-e-type=\"widget\" data-widget_type=\"image.default\">\n\t\t\t\t<div class=\"elementor-widget-container\">\n\t\t\t\t\t\t\t\t\t\t\t\t\t\t\t<img fetchpriority=\"high\" decoding=\"async\" width=\"1920\" height=\"400\" src=\"https:\/\/aresources.pt\/wp-content\/uploads\/2020\/08\/Motorola_ST7500_wide.jpg\" class=\"attachment-full size-full wp-image-6502\" alt=\"Motorola_ST7500_wide\" srcset=\"https:\/\/aresources.pt\/wp-content\/uploads\/2020\/08\/Motorola_ST7500_wide.jpg 1920w, https:\/\/aresources.pt\/wp-content\/uploads\/2020\/08\/Motorola_ST7500_wide-300x63.jpg 300w, https:\/\/aresources.pt\/wp-content\/uploads\/2020\/08\/Motorola_ST7500_wide-1024x213.jpg 1024w, https:\/\/aresources.pt\/wp-content\/uploads\/2020\/08\/Motorola_ST7500_wide-768x160.jpg 768w, https:\/\/aresources.pt\/wp-content\/uploads\/2020\/08\/Motorola_ST7500_wide-1536x320.jpg 1536w\" sizes=\"(max-width: 1920px) 100vw, 1920px\" \/>\t\t\t\t\t\t\t\t\t\t\t\t\t\t\t<\/div>\n\t\t\t\t<\/div>\n\t\t\t\t\t<\/div>\n\t\t<\/div>\n\t\t\t\t\t<\/div>\n\t\t<\/section>\n\t\t\t\t<section class=\"elementor-section elementor-top-section elementor-element elementor-element-b199af2 elementor-section-boxed elementor-section-height-default elementor-section-height-default\" data-id=\"b199af2\" data-element_type=\"section\" data-e-type=\"section\">\n\t\t\t\t\t\t<div class=\"elementor-container elementor-column-gap-default\">\n\t\t\t\t\t<div class=\"elementor-column elementor-col-100 elementor-top-column elementor-element elementor-element-3a677af\" data-id=\"3a677af\" data-element_type=\"column\" data-e-type=\"column\">\n\t\t\t<div class=\"elementor-widget-wrap elementor-element-populated\">\n\t\t\t\t\t\t<div class=\"elementor-element elementor-element-d242236 elementor-widget elementor-widget-heading\" data-id=\"d242236\" data-element_type=\"widget\" data-e-type=\"widget\" data-widget_type=\"heading.default\">\n\t\t\t\t<div class=\"elementor-widget-container\">\n\t\t\t\t\t<h2 class=\"elementor-heading-title elementor-size-default\">Motorola ST7500<\/h2>\t\t\t\t<\/div>\n\t\t\t\t<\/div>\n\t\t\t\t<div class=\"elementor-element elementor-element-35821f7 elementor-widget elementor-widget-text-editor\" data-id=\"35821f7\" data-element_type=\"widget\" data-e-type=\"widget\" data-widget_type=\"text-editor.default\">\n\t\t\t\t<div class=\"elementor-widget-container\">\n\t\t\t\t\t\t\t\t\t<p>The ST7500 model from Motorola Solutions is a compact <a href=\"https:\/\/aresources.pt\/en\/radios-tetra\/\">TETRA radio <\/a>that weighs less than 200 grams. Considering the needs of security and emergency forces, Motorola developed this TETRA radio with technical features that prepare it for the future.<\/p>\t\t\t\t\t\t\t\t<\/div>\n\t\t\t\t<\/div>\n\t\t\t\t\t<\/div>\n\t\t<\/div>\n\t\t\t\t\t<\/div>\n\t\t<\/section>\n\t\t\t\t<section class=\"elementor-section elementor-top-section elementor-element elementor-element-21b3f40 elementor-section-boxed elementor-section-height-default elementor-section-height-default\" data-id=\"21b3f40\" data-element_type=\"section\" data-e-type=\"section\">\n\t\t\t\t\t\t<div class=\"elementor-container elementor-column-gap-default\">\n\t\t\t\t\t<div class=\"elementor-column elementor-col-100 elementor-top-column elementor-element elementor-element-26a4f82\" data-id=\"26a4f82\" data-element_type=\"column\" data-e-type=\"column\">\n\t\t\t<div class=\"elementor-widget-wrap elementor-element-populated\">\n\t\t\t\t\t\t<div class=\"elementor-element elementor-element-7d1714f elementor-widget elementor-widget-image\" data-id=\"7d1714f\" data-element_type=\"widget\" data-e-type=\"widget\" data-widget_type=\"image.default\">\n\t\t\t\t<div class=\"elementor-widget-container\">\n\t\t\t\t\t\t\t\t\t\t\t\t\t\t\t<img decoding=\"async\" width=\"242\" height=\"700\" src=\"https:\/\/aresources.pt\/wp-content\/uploads\/2020\/08\/St7500-1.jpg\" class=\"attachment-full size-full wp-image-6510\" alt=\"St7500\" srcset=\"https:\/\/aresources.pt\/wp-content\/uploads\/2020\/08\/St7500-1.jpg 242w, https:\/\/aresources.pt\/wp-content\/uploads\/2020\/08\/St7500-1-104x300.jpg 104w\" sizes=\"(max-width: 242px) 100vw, 242px\" \/>\t\t\t\t\t\t\t\t\t\t\t\t\t\t\t<\/div>\n\t\t\t\t<\/div>\n\t\t\t\t\t<\/div>\n\t\t<\/div>\n\t\t\t\t\t<\/div>\n\t\t<\/section>\n\t\t\t\t<section class=\"elementor-section elementor-top-section elementor-element elementor-element-7195039 elementor-section-boxed elementor-section-height-default elementor-section-height-default\" data-id=\"7195039\" data-element_type=\"section\" data-e-type=\"section\">\n\t\t\t\t\t\t<div class=\"elementor-container elementor-column-gap-default\">\n\t\t\t\t\t<div class=\"elementor-column elementor-col-100 elementor-top-column elementor-element elementor-element-9003731\" data-id=\"9003731\" data-element_type=\"column\" data-e-type=\"column\">\n\t\t\t<div class=\"elementor-widget-wrap elementor-element-populated\">\n\t\t\t\t\t\t<div class=\"elementor-element elementor-element-b882beb elementor-widget elementor-widget-text-editor\" data-id=\"b882beb\" data-element_type=\"widget\" data-e-type=\"widget\" data-widget_type=\"text-editor.default\">\n\t\t\t\t<div class=\"elementor-widget-container\">\n\t\t\t\t\t\t\t\t\t<p>Released in 2019, <a href=\"https:\/\/www.motorolasolutions.com\/en_xu\/products\/tetra\/terminals\/portable-terminals\/st7500-tetra-compact-radio.html#tabproductinfo\">ST7500<\/a> is a lightweight yet rugged model built with the public safety market in mind.\u00a0<\/p><p>Some of the features this radio offers include:<\/p><ul><li>Simple and intuitive interface;<\/li><li>OLED display;<\/li><li>Submersible to 1 meter up to 30 minutes;<\/li><li>Robust equipment - IP65, IP67 and MIL-STD 810 D, E, F, G;<\/li><li>MAC13 connector<\/li><li>Bluetooth 2.1 and 4.1 LE;<\/li><li>Battery life up to 22h;<\/li><li>Location by GPS, BeiDou or GLONASS<\/li><li>Wi-Fi;<\/li><li>Vibration alerts;<\/li><li>Hardware-based end-to-end encryption.<\/li><\/ul><div>\u00a0<\/div><p>This model's video presentation:<\/p>\t\t\t\t\t\t\t\t<\/div>\n\t\t\t\t<\/div>\n\t\t\t\t\t<\/div>\n\t\t<\/div>\n\t\t\t\t\t<\/div>\n\t\t<\/section>\n\t\t\t\t<section class=\"elementor-section elementor-top-section elementor-element elementor-element-bbd2100 elementor-section-boxed elementor-section-height-default elementor-section-height-default\" data-id=\"bbd2100\" data-element_type=\"section\" data-e-type=\"section\">\n\t\t\t\t\t\t<div class=\"elementor-container elementor-column-gap-default\">\n\t\t\t\t\t<div class=\"elementor-column elementor-col-100 elementor-top-column elementor-element elementor-element-3f89268\" data-id=\"3f89268\" data-element_type=\"column\" data-e-type=\"column\">\n\t\t\t<div class=\"elementor-widget-wrap elementor-element-populated\">\n\t\t\t\t\t\t<div class=\"elementor-element elementor-element-d46ee8a elementor-widget elementor-widget-video\" data-id=\"d46ee8a\" data-element_type=\"widget\" data-e-type=\"widget\" data-settings=\"{&quot;youtube_url&quot;:&quot;https:\\\/\\\/www.youtube.com\\\/watch?v=9Houx0TZyE0&quot;,&quot;video_type&quot;:&quot;youtube&quot;,&quot;controls&quot;:&quot;yes&quot;}\" data-widget_type=\"video.default\">\n\t\t\t\t<div class=\"elementor-widget-container\">\n\t\t\t\t\t\t\t<div class=\"elementor-wrapper elementor-open-inline\">\n\t\t\t<div class=\"elementor-video\"><\/div>\t\t<\/div>\n\t\t\t\t\t\t<\/div>\n\t\t\t\t<\/div>\n\t\t\t\t\t<\/div>\n\t\t<\/div>\n\t\t\t\t\t<\/div>\n\t\t<\/section>\n\t\t\t\t<\/div>","protected":false},"excerpt":{"rendered":"<p>Motorola ST7500 O modelo ST7500 da Motorola Solutions \u00e9 um r\u00e1dio TETRA compacto que pesa menos de 200 gramas. Considerando as necessidades das for\u00e7as de seguran\u00e7a e emerg\u00eancia, a Motorola desenvolveu este r\u00e1dio TETRA com caracter\u00edsticas t\u00e9cnicas que o preparam para o futuro. Lan\u00e7ado em 2019, o ST7500 \u00e9 um modelo leve mas robusto, constru\u00eddo [&hellip;]<\/p>\n","protected":false},"author":2,"featured_media":0,"parent":1094,"menu_order":0,"comment_status":"closed","ping_status":"closed","template":"","meta":{"_monsterinsights_skip_tracking":false,"_monsterinsights_sitenote_active":false,"_monsterinsights_sitenote_note":"","_monsterinsights_sitenote_category":0,"ocean_post_layout":"full-screen","ocean_both_sidebars_style":"","ocean_both_sidebars_content_width":0,"ocean_both_sidebars_sidebars_width":0,"ocean_sidebar":"0","ocean_second_sidebar":"0","ocean_disable_margins":"enable","ocean_add_body_class":"","ocean_shortcode_before_top_bar":"","ocean_shortcode_after_top_bar":"","ocean_shortcode_before_header":"","ocean_shortcode_after_header":"","ocean_has_shortcode":"","ocean_shortcode_after_title":"","ocean_shortcode_before_footer_widgets":"","ocean_shortcode_after_footer_widgets":"","ocean_shortcode_before_footer_bottom":"","ocean_shortcode_after_footer_bottom":"","ocean_display_top_bar":"default","ocean_display_header":"default","ocean_header_style":"","ocean_center_header_left_menu":"0","ocean_custom_header_template":"0","ocean_custom_logo":0,"ocean_custom_retina_logo":0,"ocean_custom_logo_max_width":0,"ocean_custom_logo_tablet_max_width":0,"ocean_custom_logo_mobile_max_width":0,"ocean_custom_logo_max_height":0,"ocean_custom_logo_tablet_max_height":0,"ocean_custom_logo_mobile_max_height":0,"ocean_header_custom_menu":"0","ocean_menu_typo_font_family":"0","ocean_menu_typo_font_subset":"","ocean_menu_typo_font_size":0,"ocean_menu_typo_font_size_tablet":0,"ocean_menu_typo_font_size_mobile":0,"ocean_menu_typo_font_size_unit":"px","ocean_menu_typo_font_weight":"","ocean_menu_typo_font_weight_tablet":"","ocean_menu_typo_font_weight_mobile":"","ocean_menu_typo_transform":"","ocean_menu_typo_transform_tablet":"","ocean_menu_typo_transform_mobile":"","ocean_menu_typo_line_height":0,"ocean_menu_typo_line_height_tablet":0,"ocean_menu_typo_line_height_mobile":0,"ocean_menu_typo_line_height_unit":"","ocean_menu_typo_spacing":0,"ocean_menu_typo_spacing_tablet":0,"ocean_menu_typo_spacing_mobile":0,"ocean_menu_typo_spacing_unit":"","ocean_menu_link_color":"","ocean_menu_link_color_hover":"","ocean_menu_link_color_active":"","ocean_menu_link_background":"","ocean_menu_link_hover_background":"","ocean_menu_link_active_background":"","ocean_menu_social_links_bg":"","ocean_menu_social_hover_links_bg":"","ocean_menu_social_links_color":"","ocean_menu_social_hover_links_color":"","ocean_disable_title":"on","ocean_disable_heading":"default","ocean_post_title":"","ocean_post_subheading":"","ocean_post_title_style":"","ocean_post_title_background_color":"","ocean_post_title_background":0,"ocean_post_title_bg_image_position":"","ocean_post_title_bg_image_attachment":"","ocean_post_title_bg_image_repeat":"","ocean_post_title_bg_image_size":"","ocean_post_title_height":0,"ocean_post_title_bg_overlay":0.5,"ocean_post_title_bg_overlay_color":"","ocean_disable_breadcrumbs":"off","ocean_breadcrumbs_color":"","ocean_breadcrumbs_separator_color":"","ocean_breadcrumbs_links_color":"","ocean_breadcrumbs_links_hover_color":"","ocean_display_footer_widgets":"off","ocean_display_footer_bottom":"off","ocean_custom_footer_template":"0","footnotes":""},"class_list":["post-6495","page","type-page","status-publish","hentry","entry"],"yoast_head":"<!-- This site is optimized with the Yoast SEO plugin v27.4 - https:\/\/yoast.com\/product\/yoast-seo-wordpress\/ -->\n<title>Motorola ST7500 &#8226; R\u00e1dio TETRA &#8226; Advanced Resources<\/title>\n<meta name=\"description\" content=\"O modelo ST7500 da Motorola Solutions \u00e9 um r\u00e1dio TETRA leve e compacto, desenvolvido para o mercado da seguran\u00e7a p\u00fablica.\" \/>\n<meta name=\"robots\" content=\"index, follow, max-snippet:-1, max-image-preview:large, max-video-preview:-1\" \/>\n<link rel=\"canonical\" href=\"https:\/\/aresources.pt\/en\/destaques\/motorola-st7500\/\" \/>\n<meta property=\"og:locale\" content=\"en_US\" \/>\n<meta property=\"og:type\" content=\"article\" \/>\n<meta property=\"og:title\" content=\"Motorola ST7500 &#8226; R\u00e1dio TETRA &#8226; Advanced Resources\" \/>\n<meta property=\"og:description\" content=\"O modelo ST7500 da Motorola Solutions \u00e9 um r\u00e1dio TETRA leve e compacto, desenvolvido para o mercado da seguran\u00e7a p\u00fablica.\" \/>\n<meta property=\"og:url\" content=\"https:\/\/aresources.pt\/en\/destaques\/motorola-st7500\/\" \/>\n<meta property=\"og:site_name\" content=\"Advanced Resources\" \/>\n<meta property=\"article:publisher\" content=\"https:\/\/www.facebook.com\/aresources.pt\" \/>\n<meta property=\"article:modified_time\" content=\"2023-08-11T13:46:05+00:00\" \/>\n<meta property=\"og:image\" content=\"https:\/\/aresources.pt\/wp-content\/uploads\/2020\/08\/Motorola_ST7500_wide.jpg\" \/>\n<meta name=\"twitter:card\" content=\"summary_large_image\" \/>\n<meta name=\"twitter:label1\" content=\"Est. reading time\" \/>\n\t<meta name=\"twitter:data1\" content=\"2 minutes\" \/>\n<script type=\"application\/ld+json\" class=\"yoast-schema-graph\">{\"@context\":\"https:\\\/\\\/schema.org\",\"@graph\":[{\"@type\":\"WebPage\",\"@id\":\"https:\\\/\\\/aresources.pt\\\/destaques\\\/motorola-st7500\\\/\",\"url\":\"https:\\\/\\\/aresources.pt\\\/destaques\\\/motorola-st7500\\\/\",\"name\":\"Motorola ST7500 &#8226; R\u00e1dio TETRA &#8226; Advanced Resources\",\"isPartOf\":{\"@id\":\"https:\\\/\\\/aresources.pt\\\/#website\"},\"primaryImageOfPage\":{\"@id\":\"https:\\\/\\\/aresources.pt\\\/destaques\\\/motorola-st7500\\\/#primaryimage\"},\"image\":{\"@id\":\"https:\\\/\\\/aresources.pt\\\/destaques\\\/motorola-st7500\\\/#primaryimage\"},\"thumbnailUrl\":\"https:\\\/\\\/aresources.pt\\\/wp-content\\\/uploads\\\/2020\\\/08\\\/Motorola_ST7500_wide.jpg\",\"datePublished\":\"2020-08-25T08:53:54+00:00\",\"dateModified\":\"2023-08-11T13:46:05+00:00\",\"description\":\"O modelo ST7500 da Motorola Solutions \u00e9 um r\u00e1dio TETRA leve e compacto, desenvolvido para o mercado da seguran\u00e7a p\u00fablica.\",\"breadcrumb\":{\"@id\":\"https:\\\/\\\/aresources.pt\\\/destaques\\\/motorola-st7500\\\/#breadcrumb\"},\"inLanguage\":\"en-US\",\"potentialAction\":[{\"@type\":\"ReadAction\",\"target\":[\"https:\\\/\\\/aresources.pt\\\/destaques\\\/motorola-st7500\\\/\"]}]},{\"@type\":\"ImageObject\",\"inLanguage\":\"en-US\",\"@id\":\"https:\\\/\\\/aresources.pt\\\/destaques\\\/motorola-st7500\\\/#primaryimage\",\"url\":\"https:\\\/\\\/aresources.pt\\\/wp-content\\\/uploads\\\/2020\\\/08\\\/Motorola_ST7500_wide.jpg\",\"contentUrl\":\"https:\\\/\\\/aresources.pt\\\/wp-content\\\/uploads\\\/2020\\\/08\\\/Motorola_ST7500_wide.jpg\"},{\"@type\":\"BreadcrumbList\",\"@id\":\"https:\\\/\\\/aresources.pt\\\/destaques\\\/motorola-st7500\\\/#breadcrumb\",\"itemListElement\":[{\"@type\":\"ListItem\",\"position\":1,\"name\":\"Home\",\"item\":\"https:\\\/\\\/aresources.pt\\\/\"},{\"@type\":\"ListItem\",\"position\":2,\"name\":\"Destaques\",\"item\":\"https:\\\/\\\/aresources.pt\\\/destaques\\\/\"},{\"@type\":\"ListItem\",\"position\":3,\"name\":\"Motorola ST7500\"}]},{\"@type\":\"WebSite\",\"@id\":\"https:\\\/\\\/aresources.pt\\\/#website\",\"url\":\"https:\\\/\\\/aresources.pt\\\/\",\"name\":\"Advanced Resources\",\"description\":\"Telecomunica\u00e7\u00f5es e Seguran\u00e7a\",\"publisher\":{\"@id\":\"https:\\\/\\\/aresources.pt\\\/#organization\"},\"potentialAction\":[{\"@type\":\"SearchAction\",\"target\":{\"@type\":\"EntryPoint\",\"urlTemplate\":\"https:\\\/\\\/aresources.pt\\\/?s={search_term_string}\"},\"query-input\":{\"@type\":\"PropertyValueSpecification\",\"valueRequired\":true,\"valueName\":\"search_term_string\"}}],\"inLanguage\":\"en-US\"},{\"@type\":\"Organization\",\"@id\":\"https:\\\/\\\/aresources.pt\\\/#organization\",\"name\":\"Advanced Resources\",\"url\":\"https:\\\/\\\/aresources.pt\\\/\",\"logo\":{\"@type\":\"ImageObject\",\"inLanguage\":\"en-US\",\"@id\":\"https:\\\/\\\/aresources.pt\\\/#\\\/schema\\\/logo\\\/image\\\/\",\"url\":\"https:\\\/\\\/aresources.pt\\\/wp-content\\\/uploads\\\/2019\\\/06\\\/cropped-150dpi-14.jpg\",\"contentUrl\":\"https:\\\/\\\/aresources.pt\\\/wp-content\\\/uploads\\\/2019\\\/06\\\/cropped-150dpi-14.jpg\",\"width\":436,\"height\":100,\"caption\":\"Advanced Resources\"},\"image\":{\"@id\":\"https:\\\/\\\/aresources.pt\\\/#\\\/schema\\\/logo\\\/image\\\/\"},\"sameAs\":[\"https:\\\/\\\/www.facebook.com\\\/aresources.pt\"]}]}<\/script>\n<!-- \/ Yoast SEO plugin. -->","yoast_head_json":{"title":"Motorola ST7500 &#8226; R\u00e1dio TETRA &#8226; Advanced Resources","description":"O modelo ST7500 da Motorola Solutions \u00e9 um r\u00e1dio TETRA leve e compacto, desenvolvido para o mercado da seguran\u00e7a p\u00fablica.","robots":{"index":"index","follow":"follow","max-snippet":"max-snippet:-1","max-image-preview":"max-image-preview:large","max-video-preview":"max-video-preview:-1"},"canonical":"https:\/\/aresources.pt\/en\/destaques\/motorola-st7500\/","og_locale":"en_US","og_type":"article","og_title":"Motorola ST7500 &#8226; R\u00e1dio TETRA &#8226; Advanced Resources","og_description":"O modelo ST7500 da Motorola Solutions \u00e9 um r\u00e1dio TETRA leve e compacto, desenvolvido para o mercado da seguran\u00e7a p\u00fablica.","og_url":"https:\/\/aresources.pt\/en\/destaques\/motorola-st7500\/","og_site_name":"Advanced Resources","article_publisher":"https:\/\/www.facebook.com\/aresources.pt","article_modified_time":"2023-08-11T13:46:05+00:00","og_image":[{"url":"https:\/\/aresources.pt\/wp-content\/uploads\/2020\/08\/Motorola_ST7500_wide.jpg","type":"","width":"","height":""}],"twitter_card":"summary_large_image","twitter_misc":{"Est. reading time":"2 minutes"},"schema":{"@context":"https:\/\/schema.org","@graph":[{"@type":"WebPage","@id":"https:\/\/aresources.pt\/destaques\/motorola-st7500\/","url":"https:\/\/aresources.pt\/destaques\/motorola-st7500\/","name":"Motorola ST7500 &#8226; R\u00e1dio TETRA &#8226; Advanced Resources","isPartOf":{"@id":"https:\/\/aresources.pt\/#website"},"primaryImageOfPage":{"@id":"https:\/\/aresources.pt\/destaques\/motorola-st7500\/#primaryimage"},"image":{"@id":"https:\/\/aresources.pt\/destaques\/motorola-st7500\/#primaryimage"},"thumbnailUrl":"https:\/\/aresources.pt\/wp-content\/uploads\/2020\/08\/Motorola_ST7500_wide.jpg","datePublished":"2020-08-25T08:53:54+00:00","dateModified":"2023-08-11T13:46:05+00:00","description":"O modelo ST7500 da Motorola Solutions \u00e9 um r\u00e1dio TETRA leve e compacto, desenvolvido para o mercado da seguran\u00e7a p\u00fablica.","breadcrumb":{"@id":"https:\/\/aresources.pt\/destaques\/motorola-st7500\/#breadcrumb"},"inLanguage":"en-US","potentialAction":[{"@type":"ReadAction","target":["https:\/\/aresources.pt\/destaques\/motorola-st7500\/"]}]},{"@type":"ImageObject","inLanguage":"en-US","@id":"https:\/\/aresources.pt\/destaques\/motorola-st7500\/#primaryimage","url":"https:\/\/aresources.pt\/wp-content\/uploads\/2020\/08\/Motorola_ST7500_wide.jpg","contentUrl":"https:\/\/aresources.pt\/wp-content\/uploads\/2020\/08\/Motorola_ST7500_wide.jpg"},{"@type":"BreadcrumbList","@id":"https:\/\/aresources.pt\/destaques\/motorola-st7500\/#breadcrumb","itemListElement":[{"@type":"ListItem","position":1,"name":"Home","item":"https:\/\/aresources.pt\/"},{"@type":"ListItem","position":2,"name":"Destaques","item":"https:\/\/aresources.pt\/destaques\/"},{"@type":"ListItem","position":3,"name":"Motorola ST7500"}]},{"@type":"WebSite","@id":"https:\/\/aresources.pt\/#website","url":"https:\/\/aresources.pt\/","name":"Advanced Resources","description":"Telecomunica\u00e7\u00f5es e Seguran\u00e7a","publisher":{"@id":"https:\/\/aresources.pt\/#organization"},"potentialAction":[{"@type":"SearchAction","target":{"@type":"EntryPoint","urlTemplate":"https:\/\/aresources.pt\/?s={search_term_string}"},"query-input":{"@type":"PropertyValueSpecification","valueRequired":true,"valueName":"search_term_string"}}],"inLanguage":"en-US"},{"@type":"Organization","@id":"https:\/\/aresources.pt\/#organization","name":"Advanced Resources","url":"https:\/\/aresources.pt\/","logo":{"@type":"ImageObject","inLanguage":"en-US","@id":"https:\/\/aresources.pt\/#\/schema\/logo\/image\/","url":"https:\/\/aresources.pt\/wp-content\/uploads\/2019\/06\/cropped-150dpi-14.jpg","contentUrl":"https:\/\/aresources.pt\/wp-content\/uploads\/2019\/06\/cropped-150dpi-14.jpg","width":436,"height":100,"caption":"Advanced Resources"},"image":{"@id":"https:\/\/aresources.pt\/#\/schema\/logo\/image\/"},"sameAs":["https:\/\/www.facebook.com\/aresources.pt"]}]}},"_links":{"self":[{"href":"https:\/\/aresources.pt\/en\/wp-json\/wp\/v2\/pages\/6495","targetHints":{"allow":["GET"]}}],"collection":[{"href":"https:\/\/aresources.pt\/en\/wp-json\/wp\/v2\/pages"}],"about":[{"href":"https:\/\/aresources.pt\/en\/wp-json\/wp\/v2\/types\/page"}],"author":[{"embeddable":true,"href":"https:\/\/aresources.pt\/en\/wp-json\/wp\/v2\/users\/2"}],"replies":[{"embeddable":true,"href":"https:\/\/aresources.pt\/en\/wp-json\/wp\/v2\/comments?post=6495"}],"version-history":[{"count":51,"href":"https:\/\/aresources.pt\/en\/wp-json\/wp\/v2\/pages\/6495\/revisions"}],"predecessor-version":[{"id":9284,"href":"https:\/\/aresources.pt\/en\/wp-json\/wp\/v2\/pages\/6495\/revisions\/9284"}],"up":[{"embeddable":true,"href":"https:\/\/aresources.pt\/en\/wp-json\/wp\/v2\/pages\/1094"}],"wp:attachment":[{"href":"https:\/\/aresources.pt\/en\/wp-json\/wp\/v2\/media?parent=6495"}],"curies":[{"name":"wp","href":"https:\/\/api.w.org\/{rel}","templated":true}]}}