{"id":6217,"date":"2020-07-10T14:52:17","date_gmt":"2020-07-10T13:52:17","guid":{"rendered":"https:\/\/aresources.pt\/?page_id=6217"},"modified":"2023-03-20T12:05:41","modified_gmt":"2023-03-20T11:05:41","slug":"futuro-das-centrais-de-video-vigilancia","status":"publish","type":"page","link":"https:\/\/aresources.pt\/en\/futuro-das-centrais-de-video-vigilancia\/","title":{"rendered":"O futuro das Centrais de Video Vigil\u00e2ncia"},"content":{"rendered":"<div data-elementor-type=\"wp-page\" data-elementor-id=\"6217\" class=\"elementor elementor-6217\">\n\t\t\t\t\t\t<section class=\"elementor-section elementor-top-section elementor-element elementor-element-ad7f312 elementor-section-full_width elementor-section-height-default elementor-section-height-default\" data-id=\"ad7f312\" data-element_type=\"section\" data-e-type=\"section\">\n\t\t\t\t\t\t<div class=\"elementor-container elementor-column-gap-default\">\n\t\t\t\t\t<div class=\"elementor-column elementor-col-100 elementor-top-column elementor-element elementor-element-11dcfde\" data-id=\"11dcfde\" data-element_type=\"column\" data-e-type=\"column\">\n\t\t\t<div class=\"elementor-widget-wrap elementor-element-populated\">\n\t\t\t\t\t\t<div class=\"elementor-element elementor-element-2b77732 elementor-hidden-phone elementor-widget elementor-widget-image\" data-id=\"2b77732\" data-element_type=\"widget\" data-e-type=\"widget\" data-widget_type=\"image.default\">\n\t\t\t\t<div class=\"elementor-widget-container\">\n\t\t\t\t\t\t\t\t\t\t\t\t\t\t\t<img fetchpriority=\"high\" decoding=\"async\" width=\"1918\" height=\"400\" src=\"https:\/\/aresources.pt\/wp-content\/uploads\/2020\/07\/cctv-acc7-wide.jpg\" class=\"attachment-full size-full wp-image-6279\" alt=\"\" srcset=\"https:\/\/aresources.pt\/wp-content\/uploads\/2020\/07\/cctv-acc7-wide.jpg 1918w, https:\/\/aresources.pt\/wp-content\/uploads\/2020\/07\/cctv-acc7-wide-300x63.jpg 300w, https:\/\/aresources.pt\/wp-content\/uploads\/2020\/07\/cctv-acc7-wide-1024x214.jpg 1024w, https:\/\/aresources.pt\/wp-content\/uploads\/2020\/07\/cctv-acc7-wide-768x160.jpg 768w, https:\/\/aresources.pt\/wp-content\/uploads\/2020\/07\/cctv-acc7-wide-1536x320.jpg 1536w\" sizes=\"(max-width: 1918px) 100vw, 1918px\" \/>\t\t\t\t\t\t\t\t\t\t\t\t\t\t\t<\/div>\n\t\t\t\t<\/div>\n\t\t\t\t\t<\/div>\n\t\t<\/div>\n\t\t\t\t\t<\/div>\n\t\t<\/section>\n\t\t\t\t<section class=\"elementor-section elementor-top-section elementor-element elementor-element-ebb1aee elementor-section-boxed elementor-section-height-default elementor-section-height-default\" data-id=\"ebb1aee\" data-element_type=\"section\" data-e-type=\"section\">\n\t\t\t\t\t\t<div class=\"elementor-container elementor-column-gap-default\">\n\t\t\t\t\t<div class=\"elementor-column elementor-col-100 elementor-top-column elementor-element elementor-element-1797132\" data-id=\"1797132\" data-element_type=\"column\" data-e-type=\"column\">\n\t\t\t<div class=\"elementor-widget-wrap elementor-element-populated\">\n\t\t\t\t\t\t<div class=\"elementor-element elementor-element-f5c04d0 elementor-widget elementor-widget-heading\" data-id=\"f5c04d0\" data-element_type=\"widget\" data-e-type=\"widget\" data-widget_type=\"heading.default\">\n\t\t\t\t<div class=\"elementor-widget-container\">\n\t\t\t\t\t<h2 class=\"elementor-heading-title elementor-size-default\">The Future of Video Surveillance Control Rooms<\/h2>\t\t\t\t<\/div>\n\t\t\t\t<\/div>\n\t\t\t\t<div class=\"elementor-element elementor-element-fd74040 elementor-widget elementor-widget-text-editor\" data-id=\"fd74040\" data-element_type=\"widget\" data-e-type=\"widget\" data-widget_type=\"text-editor.default\">\n\t\t\t\t<div class=\"elementor-widget-container\">\n\t\t\t\t\t\t\t\t\t<p>The future of video surveillance control rooms will not involve watching hundreds of cameras. This is the video management software introduced by Avigilon that has revolutionized the operation of CCTV control centers: <a href=\"https:\/\/www.avigilon.com\/products\/acc\/7\"><strong>Avigilon Control Center (ACC) 7<\/strong><\/a>.<\/p>\t\t\t\t\t\t\t\t<\/div>\n\t\t\t\t<\/div>\n\t\t\t\t<div class=\"elementor-element elementor-element-6fc193a elementor-widget elementor-widget-heading\" data-id=\"6fc193a\" data-element_type=\"widget\" data-e-type=\"widget\" data-widget_type=\"heading.default\">\n\t\t\t\t<div class=\"elementor-widget-container\">\n\t\t\t\t\t<h3 class=\"elementor-heading-title elementor-size-default\">Problem with today's CCTV control centers<\/h3>\t\t\t\t<\/div>\n\t\t\t\t<\/div>\n\t\t\t\t<div class=\"elementor-element elementor-element-7fa5343 elementor-widget elementor-widget-text-editor\" data-id=\"7fa5343\" data-element_type=\"widget\" data-e-type=\"widget\" data-widget_type=\"text-editor.default\">\n\t\t\t\t<div class=\"elementor-widget-container\">\n\t\t\t\t\t\t\t\t\t<p>Today a CCTV control center operator has to monitor images from dozens or hundreds of cameras. This makes it difficult to maintain the focus of attention needed to detect all events and alarms.<\/p>\t\t\t\t\t\t\t\t<\/div>\n\t\t\t\t<\/div>\n\t\t\t\t<div class=\"elementor-element elementor-element-f4a031b elementor-widget elementor-widget-heading\" data-id=\"f4a031b\" data-element_type=\"widget\" data-e-type=\"widget\" data-widget_type=\"heading.default\">\n\t\t\t\t<div class=\"elementor-widget-container\">\n\t\t\t\t\t<h3 class=\"elementor-heading-title elementor-size-default\">Avigilon Solution<\/h3>\t\t\t\t<\/div>\n\t\t\t\t<\/div>\n\t\t\t\t<div class=\"elementor-element elementor-element-ee6cac5 elementor-widget elementor-widget-text-editor\" data-id=\"ee6cac5\" data-element_type=\"widget\" data-e-type=\"widget\" data-widget_type=\"text-editor.default\">\n\t\t\t\t<div class=\"elementor-widget-container\">\n\t\t\t\t\t\t\t\t\t<p>Avigilon presents an <a href=\"https:\/\/aresources.pt\/en\/destaques\/sistemas-cctv-avigilon\/\">interface<\/a> that <strong>identifies relevant events<\/strong>, using its proprietary artificial intelligence tools. These tools are configurable to the needs of each customer and make the difference when identifying alarm situations.<\/p>\t\t\t\t\t\t\t\t<\/div>\n\t\t\t\t<\/div>\n\t\t\t\t<div class=\"elementor-element elementor-element-474a558 elementor-widget elementor-widget-image\" data-id=\"474a558\" data-element_type=\"widget\" data-e-type=\"widget\" data-widget_type=\"image.default\">\n\t\t\t\t<div class=\"elementor-widget-container\">\n\t\t\t\t\t\t\t\t\t\t\t\t\t\t\t<img decoding=\"async\" width=\"800\" height=\"516\" src=\"https:\/\/aresources.pt\/wp-content\/uploads\/2020\/07\/Avigilon_ACC7_video_vigilancia.jpg\" class=\"attachment-large size-large wp-image-6352\" alt=\"\" srcset=\"https:\/\/aresources.pt\/wp-content\/uploads\/2020\/07\/Avigilon_ACC7_video_vigilancia.jpg 800w, https:\/\/aresources.pt\/wp-content\/uploads\/2020\/07\/Avigilon_ACC7_video_vigilancia-300x194.jpg 300w, https:\/\/aresources.pt\/wp-content\/uploads\/2020\/07\/Avigilon_ACC7_video_vigilancia-768x495.jpg 768w\" sizes=\"(max-width: 800px) 100vw, 800px\" \/>\t\t\t\t\t\t\t\t\t\t\t\t\t\t\t<\/div>\n\t\t\t\t<\/div>\n\t\t\t\t<div class=\"elementor-element elementor-element-0534d27 elementor-widget elementor-widget-text-editor\" data-id=\"0534d27\" data-element_type=\"widget\" data-e-type=\"widget\" data-widget_type=\"text-editor.default\">\n\t\t\t\t<div class=\"elementor-widget-container\">\n\t\t\t\t\t\t\t\t\t<p>The \"<strong>Focus of Attention<\/strong>\" interface categorizes events by color, so that they are easily identifiable by the operator. Implementation example:<\/p><ul><li>Gray - Camera in normal operation;<\/li><li>Blue - Motion detection;<\/li><li>Highlighted light blue - Programmable analytics events;<\/li><li>Highlighted Green - Out of the ordinary motion detection;<\/li><li>Highlighted Red - Alarms;<\/li><\/ul><p>In addition, the arrangement of the cameras in the interface makes it easy to locate events.<\/p><p class=\"translation-block\">The \"<strong>unusual motion detection<\/strong>\" functionality is a feature of Avigilon cameras. During the first two weeks of operation at a location, the cameras gather information about the areas of the image where the presence of motion is usual. From that point on, they can flag as events the moments when they detect motion in areas where there should be no motion. This functionality is enhanced by the use of the system, by learning their artificial intelligence algorithm.<\/p><p>The analytical capabilities of this system make it possible to identify and process more than 50 elements of different categories simultaneously.<\/p>\t\t\t\t\t\t\t\t<\/div>\n\t\t\t\t<\/div>\n\t\t\t\t<div class=\"elementor-element elementor-element-39c14ff elementor-widget elementor-widget-video\" data-id=\"39c14ff\" data-element_type=\"widget\" data-e-type=\"widget\" data-settings=\"{&quot;youtube_url&quot;:&quot;https:\\\/\\\/www.youtube.com\\\/watch?v=GsKLYIkEvns&quot;,&quot;video_type&quot;:&quot;youtube&quot;,&quot;controls&quot;:&quot;yes&quot;}\" data-widget_type=\"video.default\">\n\t\t\t\t<div class=\"elementor-widget-container\">\n\t\t\t\t\t\t\t<div class=\"elementor-wrapper elementor-open-inline\">\n\t\t\t<div class=\"elementor-video\"><\/div>\t\t<\/div>\n\t\t\t\t\t\t<\/div>\n\t\t\t\t<\/div>\n\t\t\t\t<div class=\"elementor-element elementor-element-218f726 elementor-widget elementor-widget-text-editor\" data-id=\"218f726\" data-element_type=\"widget\" data-e-type=\"widget\" data-widget_type=\"text-editor.default\">\n\t\t\t\t<div class=\"elementor-widget-container\">\n\t\t\t\t\t\t\t\t\t<p class=\"translation-block\">ACC 7's interface has been designed in a simple way, to reduce the time wasted learning to operate with other software.<\/p><p class=\"translation-block\">In addition, it allows the integration of<strong> any ONVIF protocol-compatible camera,<\/strong> making the transition from another system easier.<\/p><p>A video demonstration of this solution is available:<\/p>\t\t\t\t\t\t\t\t<\/div>\n\t\t\t\t<\/div>\n\t\t\t\t<div class=\"elementor-element elementor-element-9d8cc9a elementor-widget elementor-widget-video\" data-id=\"9d8cc9a\" data-element_type=\"widget\" data-e-type=\"widget\" data-settings=\"{&quot;youtube_url&quot;:&quot;https:\\\/\\\/www.youtube.com\\\/watch?v=pF_VAIMgLPU&quot;,&quot;video_type&quot;:&quot;youtube&quot;,&quot;controls&quot;:&quot;yes&quot;}\" data-widget_type=\"video.default\">\n\t\t\t\t<div class=\"elementor-widget-container\">\n\t\t\t\t\t\t\t<div class=\"elementor-wrapper elementor-open-inline\">\n\t\t\t<div class=\"elementor-video\"><\/div>\t\t<\/div>\n\t\t\t\t\t\t<\/div>\n\t\t\t\t<\/div>\n\t\t\t\t<div class=\"elementor-element elementor-element-86c18e0 elementor-widget elementor-widget-text-editor\" data-id=\"86c18e0\" data-element_type=\"widget\" data-e-type=\"widget\" data-widget_type=\"text-editor.default\">\n\t\t\t\t<div class=\"elementor-widget-container\">\n\t\t\t\t\t\t\t\t\t<p class=\"translation-block\">Avigilon continues to innovate and stand out for the quality of its products. ACC 7 gives for the first time a <strong>solution to improve the inefficiency of CCTV control centers<\/strong> and consequently of security teams.<\/p>\t\t\t\t\t\t\t\t<\/div>\n\t\t\t\t<\/div>\n\t\t\t\t\t<\/div>\n\t\t<\/div>\n\t\t\t\t\t<\/div>\n\t\t<\/section>\n\t\t\t\t<\/div>","protected":false},"excerpt":{"rendered":"<p>O Futuro das Centrais de Video Vigil\u00e2ncia O futuro das centrais de video vigil\u00e2ncia n\u00e3o passar\u00e1 pela observa\u00e7\u00e3o de centenas de c\u00e2meras. Este \u00e9 o software de gest\u00e3o de v\u00eddeo apresentado pela Avigilon que revolucionou o funcionamento das centrais de controlo de CCTV: Avigilon Control Center (ACC) 7. Problema das atuais centrais de controlo de [&hellip;]<\/p>\n","protected":false},"author":2,"featured_media":0,"parent":0,"menu_order":0,"comment_status":"closed","ping_status":"closed","template":"","meta":{"_monsterinsights_skip_tracking":false,"_monsterinsights_sitenote_active":false,"_monsterinsights_sitenote_note":"","_monsterinsights_sitenote_category":0,"ocean_post_layout":"full-screen","ocean_both_sidebars_style":"","ocean_both_sidebars_content_width":0,"ocean_both_sidebars_sidebars_width":0,"ocean_sidebar":"0","ocean_second_sidebar":"0","ocean_disable_margins":"enable","ocean_add_body_class":"","ocean_shortcode_before_top_bar":"","ocean_shortcode_after_top_bar":"","ocean_shortcode_before_header":"","ocean_shortcode_after_header":"","ocean_has_shortcode":"","ocean_shortcode_after_title":"","ocean_shortcode_before_footer_widgets":"","ocean_shortcode_after_footer_widgets":"","ocean_shortcode_before_footer_bottom":"","ocean_shortcode_after_footer_bottom":"","ocean_display_top_bar":"default","ocean_display_header":"default","ocean_header_style":"","ocean_center_header_left_menu":"0","ocean_custom_header_template":"0","ocean_custom_logo":0,"ocean_custom_retina_logo":0,"ocean_custom_logo_max_width":0,"ocean_custom_logo_tablet_max_width":0,"ocean_custom_logo_mobile_max_width":0,"ocean_custom_logo_max_height":0,"ocean_custom_logo_tablet_max_height":0,"ocean_custom_logo_mobile_max_height":0,"ocean_header_custom_menu":"0","ocean_menu_typo_font_family":"0","ocean_menu_typo_font_subset":"","ocean_menu_typo_font_size":0,"ocean_menu_typo_font_size_tablet":0,"ocean_menu_typo_font_size_mobile":0,"ocean_menu_typo_font_size_unit":"px","ocean_menu_typo_font_weight":"","ocean_menu_typo_font_weight_tablet":"","ocean_menu_typo_font_weight_mobile":"","ocean_menu_typo_transform":"","ocean_menu_typo_transform_tablet":"","ocean_menu_typo_transform_mobile":"","ocean_menu_typo_line_height":0,"ocean_menu_typo_line_height_tablet":0,"ocean_menu_typo_line_height_mobile":0,"ocean_menu_typo_line_height_unit":"","ocean_menu_typo_spacing":0,"ocean_menu_typo_spacing_tablet":0,"ocean_menu_typo_spacing_mobile":0,"ocean_menu_typo_spacing_unit":"","ocean_menu_link_color":"","ocean_menu_link_color_hover":"","ocean_menu_link_color_active":"","ocean_menu_link_background":"","ocean_menu_link_hover_background":"","ocean_menu_link_active_background":"","ocean_menu_social_links_bg":"","ocean_menu_social_hover_links_bg":"","ocean_menu_social_links_color":"","ocean_menu_social_hover_links_color":"","ocean_disable_title":"on","ocean_disable_heading":"default","ocean_post_title":"","ocean_post_subheading":"","ocean_post_title_style":"","ocean_post_title_background_color":"","ocean_post_title_background":0,"ocean_post_title_bg_image_position":"","ocean_post_title_bg_image_attachment":"","ocean_post_title_bg_image_repeat":"","ocean_post_title_bg_image_size":"","ocean_post_title_height":0,"ocean_post_title_bg_overlay":0.5,"ocean_post_title_bg_overlay_color":"","ocean_disable_breadcrumbs":"off","ocean_breadcrumbs_color":"","ocean_breadcrumbs_separator_color":"","ocean_breadcrumbs_links_color":"","ocean_breadcrumbs_links_hover_color":"","ocean_display_footer_widgets":"off","ocean_display_footer_bottom":"off","ocean_custom_footer_template":"0","footnotes":""},"class_list":["post-6217","page","type-page","status-publish","hentry","entry"],"yoast_head":"<!-- This site is optimized with the Yoast SEO plugin v27.4 - https:\/\/yoast.com\/product\/yoast-seo-wordpress\/ -->\n<title>O futuro das Centrais de Video Vigil\u00e2ncia &#8226; Advanced Resources<\/title>\n<meta name=\"description\" content=\"O futuro das centrais de video vigil\u00e2ncia n\u00e3o passar\u00e1 pela observa\u00e7\u00e3o de centenas de c\u00e2meras. Esta \u00e9 a solu\u00e7\u00e3o apresentada pela Avigilon.\" \/>\n<meta name=\"robots\" content=\"index, follow, max-snippet:-1, max-image-preview:large, max-video-preview:-1\" \/>\n<link rel=\"canonical\" href=\"https:\/\/aresources.pt\/en\/futuro-das-centrais-de-video-vigilancia\/\" \/>\n<meta property=\"og:locale\" content=\"en_US\" \/>\n<meta property=\"og:type\" content=\"article\" \/>\n<meta property=\"og:title\" content=\"O futuro das Centrais de Video Vigil\u00e2ncia &#8226; Advanced Resources\" \/>\n<meta property=\"og:description\" content=\"O futuro das centrais de video vigil\u00e2ncia n\u00e3o passar\u00e1 pela observa\u00e7\u00e3o de centenas de c\u00e2meras. Esta \u00e9 a solu\u00e7\u00e3o apresentada pela Avigilon.\" \/>\n<meta property=\"og:url\" content=\"https:\/\/aresources.pt\/en\/futuro-das-centrais-de-video-vigilancia\/\" \/>\n<meta property=\"og:site_name\" content=\"Advanced Resources\" \/>\n<meta property=\"article:publisher\" content=\"https:\/\/www.facebook.com\/aresources.pt\" \/>\n<meta property=\"article:modified_time\" content=\"2023-03-20T11:05:41+00:00\" \/>\n<meta property=\"og:image\" content=\"https:\/\/aresources.pt\/wp-content\/uploads\/2020\/07\/cctv-acc7-wide.jpg\" \/>\n<meta name=\"twitter:card\" content=\"summary_large_image\" \/>\n<meta name=\"twitter:label1\" content=\"Est. reading time\" \/>\n\t<meta name=\"twitter:data1\" content=\"3 minutes\" \/>\n<script type=\"application\/ld+json\" class=\"yoast-schema-graph\">{\"@context\":\"https:\\\/\\\/schema.org\",\"@graph\":[{\"@type\":\"WebPage\",\"@id\":\"https:\\\/\\\/aresources.pt\\\/futuro-das-centrais-de-video-vigilancia\\\/\",\"url\":\"https:\\\/\\\/aresources.pt\\\/futuro-das-centrais-de-video-vigilancia\\\/\",\"name\":\"O futuro das Centrais de Video Vigil\u00e2ncia &#8226; Advanced Resources\",\"isPartOf\":{\"@id\":\"https:\\\/\\\/aresources.pt\\\/#website\"},\"primaryImageOfPage\":{\"@id\":\"https:\\\/\\\/aresources.pt\\\/futuro-das-centrais-de-video-vigilancia\\\/#primaryimage\"},\"image\":{\"@id\":\"https:\\\/\\\/aresources.pt\\\/futuro-das-centrais-de-video-vigilancia\\\/#primaryimage\"},\"thumbnailUrl\":\"https:\\\/\\\/aresources.pt\\\/wp-content\\\/uploads\\\/2020\\\/07\\\/cctv-acc7-wide.jpg\",\"datePublished\":\"2020-07-10T13:52:17+00:00\",\"dateModified\":\"2023-03-20T11:05:41+00:00\",\"description\":\"O futuro das centrais de video vigil\u00e2ncia n\u00e3o passar\u00e1 pela observa\u00e7\u00e3o de centenas de c\u00e2meras. Esta \u00e9 a solu\u00e7\u00e3o apresentada pela Avigilon.\",\"breadcrumb\":{\"@id\":\"https:\\\/\\\/aresources.pt\\\/futuro-das-centrais-de-video-vigilancia\\\/#breadcrumb\"},\"inLanguage\":\"en-US\",\"potentialAction\":[{\"@type\":\"ReadAction\",\"target\":[\"https:\\\/\\\/aresources.pt\\\/futuro-das-centrais-de-video-vigilancia\\\/\"]}]},{\"@type\":\"ImageObject\",\"inLanguage\":\"en-US\",\"@id\":\"https:\\\/\\\/aresources.pt\\\/futuro-das-centrais-de-video-vigilancia\\\/#primaryimage\",\"url\":\"https:\\\/\\\/aresources.pt\\\/wp-content\\\/uploads\\\/2020\\\/07\\\/cctv-acc7-wide.jpg\",\"contentUrl\":\"https:\\\/\\\/aresources.pt\\\/wp-content\\\/uploads\\\/2020\\\/07\\\/cctv-acc7-wide.jpg\"},{\"@type\":\"BreadcrumbList\",\"@id\":\"https:\\\/\\\/aresources.pt\\\/futuro-das-centrais-de-video-vigilancia\\\/#breadcrumb\",\"itemListElement\":[{\"@type\":\"ListItem\",\"position\":1,\"name\":\"Home\",\"item\":\"https:\\\/\\\/aresources.pt\\\/\"},{\"@type\":\"ListItem\",\"position\":2,\"name\":\"O futuro das Centrais de Video Vigil\u00e2ncia\"}]},{\"@type\":\"WebSite\",\"@id\":\"https:\\\/\\\/aresources.pt\\\/#website\",\"url\":\"https:\\\/\\\/aresources.pt\\\/\",\"name\":\"Advanced Resources\",\"description\":\"Telecomunica\u00e7\u00f5es e Seguran\u00e7a\",\"publisher\":{\"@id\":\"https:\\\/\\\/aresources.pt\\\/#organization\"},\"potentialAction\":[{\"@type\":\"SearchAction\",\"target\":{\"@type\":\"EntryPoint\",\"urlTemplate\":\"https:\\\/\\\/aresources.pt\\\/?s={search_term_string}\"},\"query-input\":{\"@type\":\"PropertyValueSpecification\",\"valueRequired\":true,\"valueName\":\"search_term_string\"}}],\"inLanguage\":\"en-US\"},{\"@type\":\"Organization\",\"@id\":\"https:\\\/\\\/aresources.pt\\\/#organization\",\"name\":\"Advanced Resources\",\"url\":\"https:\\\/\\\/aresources.pt\\\/\",\"logo\":{\"@type\":\"ImageObject\",\"inLanguage\":\"en-US\",\"@id\":\"https:\\\/\\\/aresources.pt\\\/#\\\/schema\\\/logo\\\/image\\\/\",\"url\":\"https:\\\/\\\/aresources.pt\\\/wp-content\\\/uploads\\\/2019\\\/06\\\/cropped-150dpi-14.jpg\",\"contentUrl\":\"https:\\\/\\\/aresources.pt\\\/wp-content\\\/uploads\\\/2019\\\/06\\\/cropped-150dpi-14.jpg\",\"width\":436,\"height\":100,\"caption\":\"Advanced Resources\"},\"image\":{\"@id\":\"https:\\\/\\\/aresources.pt\\\/#\\\/schema\\\/logo\\\/image\\\/\"},\"sameAs\":[\"https:\\\/\\\/www.facebook.com\\\/aresources.pt\"]}]}<\/script>\n<!-- \/ Yoast SEO plugin. -->","yoast_head_json":{"title":"O futuro das Centrais de Video Vigil\u00e2ncia &#8226; Advanced Resources","description":"O futuro das centrais de video vigil\u00e2ncia n\u00e3o passar\u00e1 pela observa\u00e7\u00e3o de centenas de c\u00e2meras. Esta \u00e9 a solu\u00e7\u00e3o apresentada pela Avigilon.","robots":{"index":"index","follow":"follow","max-snippet":"max-snippet:-1","max-image-preview":"max-image-preview:large","max-video-preview":"max-video-preview:-1"},"canonical":"https:\/\/aresources.pt\/en\/futuro-das-centrais-de-video-vigilancia\/","og_locale":"en_US","og_type":"article","og_title":"O futuro das Centrais de Video Vigil\u00e2ncia &#8226; Advanced Resources","og_description":"O futuro das centrais de video vigil\u00e2ncia n\u00e3o passar\u00e1 pela observa\u00e7\u00e3o de centenas de c\u00e2meras. Esta \u00e9 a solu\u00e7\u00e3o apresentada pela Avigilon.","og_url":"https:\/\/aresources.pt\/en\/futuro-das-centrais-de-video-vigilancia\/","og_site_name":"Advanced Resources","article_publisher":"https:\/\/www.facebook.com\/aresources.pt","article_modified_time":"2023-03-20T11:05:41+00:00","og_image":[{"url":"https:\/\/aresources.pt\/wp-content\/uploads\/2020\/07\/cctv-acc7-wide.jpg","type":"","width":"","height":""}],"twitter_card":"summary_large_image","twitter_misc":{"Est. reading time":"3 minutes"},"schema":{"@context":"https:\/\/schema.org","@graph":[{"@type":"WebPage","@id":"https:\/\/aresources.pt\/futuro-das-centrais-de-video-vigilancia\/","url":"https:\/\/aresources.pt\/futuro-das-centrais-de-video-vigilancia\/","name":"O futuro das Centrais de Video Vigil\u00e2ncia &#8226; Advanced Resources","isPartOf":{"@id":"https:\/\/aresources.pt\/#website"},"primaryImageOfPage":{"@id":"https:\/\/aresources.pt\/futuro-das-centrais-de-video-vigilancia\/#primaryimage"},"image":{"@id":"https:\/\/aresources.pt\/futuro-das-centrais-de-video-vigilancia\/#primaryimage"},"thumbnailUrl":"https:\/\/aresources.pt\/wp-content\/uploads\/2020\/07\/cctv-acc7-wide.jpg","datePublished":"2020-07-10T13:52:17+00:00","dateModified":"2023-03-20T11:05:41+00:00","description":"O futuro das centrais de video vigil\u00e2ncia n\u00e3o passar\u00e1 pela observa\u00e7\u00e3o de centenas de c\u00e2meras. Esta \u00e9 a solu\u00e7\u00e3o apresentada pela Avigilon.","breadcrumb":{"@id":"https:\/\/aresources.pt\/futuro-das-centrais-de-video-vigilancia\/#breadcrumb"},"inLanguage":"en-US","potentialAction":[{"@type":"ReadAction","target":["https:\/\/aresources.pt\/futuro-das-centrais-de-video-vigilancia\/"]}]},{"@type":"ImageObject","inLanguage":"en-US","@id":"https:\/\/aresources.pt\/futuro-das-centrais-de-video-vigilancia\/#primaryimage","url":"https:\/\/aresources.pt\/wp-content\/uploads\/2020\/07\/cctv-acc7-wide.jpg","contentUrl":"https:\/\/aresources.pt\/wp-content\/uploads\/2020\/07\/cctv-acc7-wide.jpg"},{"@type":"BreadcrumbList","@id":"https:\/\/aresources.pt\/futuro-das-centrais-de-video-vigilancia\/#breadcrumb","itemListElement":[{"@type":"ListItem","position":1,"name":"Home","item":"https:\/\/aresources.pt\/"},{"@type":"ListItem","position":2,"name":"O futuro das Centrais de Video Vigil\u00e2ncia"}]},{"@type":"WebSite","@id":"https:\/\/aresources.pt\/#website","url":"https:\/\/aresources.pt\/","name":"Advanced Resources","description":"Telecomunica\u00e7\u00f5es e Seguran\u00e7a","publisher":{"@id":"https:\/\/aresources.pt\/#organization"},"potentialAction":[{"@type":"SearchAction","target":{"@type":"EntryPoint","urlTemplate":"https:\/\/aresources.pt\/?s={search_term_string}"},"query-input":{"@type":"PropertyValueSpecification","valueRequired":true,"valueName":"search_term_string"}}],"inLanguage":"en-US"},{"@type":"Organization","@id":"https:\/\/aresources.pt\/#organization","name":"Advanced Resources","url":"https:\/\/aresources.pt\/","logo":{"@type":"ImageObject","inLanguage":"en-US","@id":"https:\/\/aresources.pt\/#\/schema\/logo\/image\/","url":"https:\/\/aresources.pt\/wp-content\/uploads\/2019\/06\/cropped-150dpi-14.jpg","contentUrl":"https:\/\/aresources.pt\/wp-content\/uploads\/2019\/06\/cropped-150dpi-14.jpg","width":436,"height":100,"caption":"Advanced Resources"},"image":{"@id":"https:\/\/aresources.pt\/#\/schema\/logo\/image\/"},"sameAs":["https:\/\/www.facebook.com\/aresources.pt"]}]}},"_links":{"self":[{"href":"https:\/\/aresources.pt\/en\/wp-json\/wp\/v2\/pages\/6217","targetHints":{"allow":["GET"]}}],"collection":[{"href":"https:\/\/aresources.pt\/en\/wp-json\/wp\/v2\/pages"}],"about":[{"href":"https:\/\/aresources.pt\/en\/wp-json\/wp\/v2\/types\/page"}],"author":[{"embeddable":true,"href":"https:\/\/aresources.pt\/en\/wp-json\/wp\/v2\/users\/2"}],"replies":[{"embeddable":true,"href":"https:\/\/aresources.pt\/en\/wp-json\/wp\/v2\/comments?post=6217"}],"version-history":[{"count":42,"href":"https:\/\/aresources.pt\/en\/wp-json\/wp\/v2\/pages\/6217\/revisions"}],"predecessor-version":[{"id":8377,"href":"https:\/\/aresources.pt\/en\/wp-json\/wp\/v2\/pages\/6217\/revisions\/8377"}],"wp:attachment":[{"href":"https:\/\/aresources.pt\/en\/wp-json\/wp\/v2\/media?parent=6217"}],"curies":[{"name":"wp","href":"https:\/\/api.w.org\/{rel}","templated":true}]}}