{"id":6116,"date":"2020-07-08T12:47:12","date_gmt":"2020-07-08T11:47:12","guid":{"rendered":"https:\/\/aresources.pt\/?page_id=6116"},"modified":"2026-01-05T11:45:04","modified_gmt":"2026-01-05T10:45:04","slug":"motorola-vb400","status":"publish","type":"page","link":"https:\/\/aresources.pt\/en\/motorola-vb400\/","title":{"rendered":"Motorola VB400"},"content":{"rendered":"<div data-elementor-type=\"wp-page\" data-elementor-id=\"6116\" class=\"elementor elementor-6116\">\n\t\t\t\t\t\t<section class=\"elementor-section elementor-top-section elementor-element elementor-element-70cfc77 elementor-section-full_width elementor-section-height-default elementor-section-height-default\" data-id=\"70cfc77\" data-element_type=\"section\" data-e-type=\"section\">\n\t\t\t\t\t\t<div class=\"elementor-container elementor-column-gap-default\">\n\t\t\t\t\t<div class=\"elementor-column elementor-col-100 elementor-top-column elementor-element elementor-element-26e8cbb\" data-id=\"26e8cbb\" data-element_type=\"column\" data-e-type=\"column\">\n\t\t\t<div class=\"elementor-widget-wrap elementor-element-populated\">\n\t\t\t\t\t\t<div class=\"elementor-element elementor-element-484aaa3 elementor-widget elementor-widget-image\" data-id=\"484aaa3\" data-element_type=\"widget\" data-e-type=\"widget\" data-widget_type=\"image.default\">\n\t\t\t\t<div class=\"elementor-widget-container\">\n\t\t\t\t\t\t\t\t\t\t\t\t\t\t\t<img fetchpriority=\"high\" decoding=\"async\" width=\"1900\" height=\"400\" src=\"https:\/\/aresources.pt\/wp-content\/uploads\/2022\/11\/vb400_banner.jpeg\" class=\"attachment-full size-full wp-image-7789\" alt=\"\" srcset=\"https:\/\/aresources.pt\/wp-content\/uploads\/2022\/11\/vb400_banner.jpeg 1900w, https:\/\/aresources.pt\/wp-content\/uploads\/2022\/11\/vb400_banner-300x63.jpeg 300w, https:\/\/aresources.pt\/wp-content\/uploads\/2022\/11\/vb400_banner-1024x216.jpeg 1024w, https:\/\/aresources.pt\/wp-content\/uploads\/2022\/11\/vb400_banner-768x162.jpeg 768w, https:\/\/aresources.pt\/wp-content\/uploads\/2022\/11\/vb400_banner-1536x323.jpeg 1536w\" sizes=\"(max-width: 1900px) 100vw, 1900px\" \/>\t\t\t\t\t\t\t\t\t\t\t\t\t\t\t<\/div>\n\t\t\t\t<\/div>\n\t\t\t\t\t<\/div>\n\t\t<\/div>\n\t\t\t\t\t<\/div>\n\t\t<\/section>\n\t\t\t\t<section class=\"elementor-section elementor-top-section elementor-element elementor-element-93fae88 elementor-section-boxed elementor-section-height-default elementor-section-height-default\" data-id=\"93fae88\" data-element_type=\"section\" data-e-type=\"section\">\n\t\t\t\t\t\t<div class=\"elementor-container elementor-column-gap-default\">\n\t\t\t\t\t<div class=\"elementor-column elementor-col-100 elementor-top-column elementor-element elementor-element-c8a2d3c\" data-id=\"c8a2d3c\" data-element_type=\"column\" data-e-type=\"column\">\n\t\t\t<div class=\"elementor-widget-wrap elementor-element-populated\">\n\t\t\t\t\t\t<div class=\"elementor-element elementor-element-6ce2c3a elementor-widget elementor-widget-heading\" data-id=\"6ce2c3a\" data-element_type=\"widget\" data-e-type=\"widget\" data-widget_type=\"heading.default\">\n\t\t\t\t<div class=\"elementor-widget-container\">\n\t\t\t\t\t<h1 class=\"elementor-heading-title elementor-size-default\">Motorola VB400<\/h1>\t\t\t\t<\/div>\n\t\t\t\t<\/div>\n\t\t\t\t<div class=\"elementor-element elementor-element-465f848 elementor-widget elementor-widget-text-editor\" data-id=\"465f848\" data-element_type=\"widget\" data-e-type=\"widget\" data-widget_type=\"text-editor.default\">\n\t\t\t\t<div class=\"elementor-widget-container\">\n\t\t\t\t\t\t\t\t\t<p class=\"translation-block\">Released in 2019, the Motorola Solutions <a href=\"https:\/\/www.motorolasolutions.com\/en_xu\/video-security-analytics\/body-worn-cameras\/vb400.html\" target=\"_self\">VB400<\/a> is a <a href=\"https:\/\/aresources.pt\/en\/motorola-cameras-de-corpo\/\" target=\"_self\">body-worn camera<\/a> built and optimized with the public safety market in mind. As such, it is a lightweight yet rugged model. It also offers the ability to record the moments before the recording starts, so as to ensure the capture of critical events.<\/p>\t\t\t\t\t\t\t\t<\/div>\n\t\t\t\t<\/div>\n\t\t\t\t\t<\/div>\n\t\t<\/div>\n\t\t\t\t\t<\/div>\n\t\t<\/section>\n\t\t\t\t<section class=\"elementor-section elementor-top-section elementor-element elementor-element-6810b6e elementor-section-boxed elementor-section-height-default elementor-section-height-default\" data-id=\"6810b6e\" data-element_type=\"section\" data-e-type=\"section\">\n\t\t\t\t\t\t<div class=\"elementor-container elementor-column-gap-default\">\n\t\t\t\t\t<div class=\"elementor-column elementor-col-100 elementor-top-column elementor-element elementor-element-030b0f9\" data-id=\"030b0f9\" data-element_type=\"column\" data-e-type=\"column\">\n\t\t\t<div class=\"elementor-widget-wrap elementor-element-populated\">\n\t\t\t\t\t\t<div class=\"elementor-element elementor-element-5543b21 elementor-widget elementor-widget-image\" data-id=\"5543b21\" data-element_type=\"widget\" data-e-type=\"widget\" data-widget_type=\"image.default\">\n\t\t\t\t<div class=\"elementor-widget-container\">\n\t\t\t\t\t\t\t\t\t\t\t\t\t\t\t<img decoding=\"async\" width=\"392\" height=\"576\" src=\"https:\/\/aresources.pt\/wp-content\/uploads\/2020\/07\/VB-400.jpg\" class=\"attachment-large size-large wp-image-6251\" alt=\"\" srcset=\"https:\/\/aresources.pt\/wp-content\/uploads\/2020\/07\/VB-400.jpg 392w, https:\/\/aresources.pt\/wp-content\/uploads\/2020\/07\/VB-400-204x300.jpg 204w\" sizes=\"(max-width: 392px) 100vw, 392px\" \/>\t\t\t\t\t\t\t\t\t\t\t\t\t\t\t<\/div>\n\t\t\t\t<\/div>\n\t\t\t\t\t<\/div>\n\t\t<\/div>\n\t\t\t\t\t<\/div>\n\t\t<\/section>\n\t\t\t\t<section class=\"elementor-section elementor-top-section elementor-element elementor-element-a1f5caa elementor-section-boxed elementor-section-height-default elementor-section-height-default\" data-id=\"a1f5caa\" data-element_type=\"section\" data-e-type=\"section\">\n\t\t\t\t\t\t<div class=\"elementor-container elementor-column-gap-default\">\n\t\t\t\t\t<div class=\"elementor-column elementor-col-100 elementor-top-column elementor-element elementor-element-630add5\" data-id=\"630add5\" data-element_type=\"column\" data-e-type=\"column\">\n\t\t\t<div class=\"elementor-widget-wrap elementor-element-populated\">\n\t\t\t\t\t\t<div class=\"elementor-element elementor-element-cb53441 elementor-widget elementor-widget-text-editor\" data-id=\"cb53441\" data-element_type=\"widget\" data-e-type=\"widget\" data-widget_type=\"text-editor.default\">\n\t\t\t\t<div class=\"elementor-widget-container\">\n\t\t\t\t\t\t\t\t\t<p>Among the features that this camera offers we highlight the following:<\/p><ul><li>Bluetooth connectivity;<\/li><li>Automatic pre-recording option to capture video before recording begins;<\/li><li>GPS location;<\/li><li>Integration into video management software;<\/li><li>Lithium polymer battery, with up to 12h recording autonomy.<\/li><li>Full HD 1080p recording;<\/li><li>RFID identifier assignment;<\/li><li>64GB storage capacity;<\/li><li>Encrypted recordings.<\/li><\/ul><div>\u00a0<\/div><p>This model's video presentation:<\/p>\t\t\t\t\t\t\t\t<\/div>\n\t\t\t\t<\/div>\n\t\t\t\t\t<\/div>\n\t\t<\/div>\n\t\t\t\t\t<\/div>\n\t\t<\/section>\n\t\t\t\t<section class=\"elementor-section elementor-top-section elementor-element elementor-element-5dfd3e1 elementor-section-boxed elementor-section-height-default elementor-section-height-default\" data-id=\"5dfd3e1\" data-element_type=\"section\" data-e-type=\"section\">\n\t\t\t\t\t\t<div class=\"elementor-container elementor-column-gap-default\">\n\t\t\t\t\t<div class=\"elementor-column elementor-col-100 elementor-top-column elementor-element elementor-element-3126533\" data-id=\"3126533\" data-element_type=\"column\" data-e-type=\"column\">\n\t\t\t<div class=\"elementor-widget-wrap elementor-element-populated\">\n\t\t\t\t\t\t<div class=\"elementor-element elementor-element-6bbed60 elementor-widget elementor-widget-video\" data-id=\"6bbed60\" data-element_type=\"widget\" data-e-type=\"widget\" data-settings=\"{&quot;youtube_url&quot;:&quot;https:\\\/\\\/youtu.be\\\/eU5QjZcO3to?si=Vr3WGIL2n-L0lU9E&quot;,&quot;video_type&quot;:&quot;youtube&quot;,&quot;controls&quot;:&quot;yes&quot;}\" data-widget_type=\"video.default\">\n\t\t\t\t<div class=\"elementor-widget-container\">\n\t\t\t\t\t\t\t<div class=\"elementor-wrapper elementor-open-inline\">\n\t\t\t<div class=\"elementor-video\"><\/div>\t\t<\/div>\n\t\t\t\t\t\t<\/div>\n\t\t\t\t<\/div>\n\t\t\t\t\t<\/div>\n\t\t<\/div>\n\t\t\t\t\t<\/div>\n\t\t<\/section>\n\t\t\t\t<\/div>","protected":false},"excerpt":{"rendered":"<p>Motorola VB400 Lan\u00e7ada em 2019, a VB400 da Motorola Solutions \u00e9 uma c\u00e2mera de corpo constru\u00edda e otimizada a pensar no mercado da seguran\u00e7a p\u00fablica. Por isso, \u00e9 um modelo leve mas resistente. Oferece ainda a capacidade de gravar os momentos anteriores ao in\u00edcio da grava\u00e7\u00e3o, de forma a assegurar a capta\u00e7\u00e3o de eventos cr\u00edticos. [&hellip;]<\/p>\n","protected":false},"author":2,"featured_media":0,"parent":0,"menu_order":0,"comment_status":"closed","ping_status":"closed","template":"","meta":{"_monsterinsights_skip_tracking":false,"_monsterinsights_sitenote_active":false,"_monsterinsights_sitenote_note":"","_monsterinsights_sitenote_category":0,"ocean_post_layout":"full-screen","ocean_both_sidebars_style":"","ocean_both_sidebars_content_width":0,"ocean_both_sidebars_sidebars_width":0,"ocean_sidebar":"0","ocean_second_sidebar":"0","ocean_disable_margins":"enable","ocean_add_body_class":"","ocean_shortcode_before_top_bar":"","ocean_shortcode_after_top_bar":"","ocean_shortcode_before_header":"","ocean_shortcode_after_header":"","ocean_has_shortcode":"","ocean_shortcode_after_title":"","ocean_shortcode_before_footer_widgets":"","ocean_shortcode_after_footer_widgets":"","ocean_shortcode_before_footer_bottom":"","ocean_shortcode_after_footer_bottom":"","ocean_display_top_bar":"default","ocean_display_header":"default","ocean_header_style":"","ocean_center_header_left_menu":"0","ocean_custom_header_template":"0","ocean_custom_logo":0,"ocean_custom_retina_logo":0,"ocean_custom_logo_max_width":0,"ocean_custom_logo_tablet_max_width":0,"ocean_custom_logo_mobile_max_width":0,"ocean_custom_logo_max_height":0,"ocean_custom_logo_tablet_max_height":0,"ocean_custom_logo_mobile_max_height":0,"ocean_header_custom_menu":"0","ocean_menu_typo_font_family":"0","ocean_menu_typo_font_subset":"","ocean_menu_typo_font_size":0,"ocean_menu_typo_font_size_tablet":0,"ocean_menu_typo_font_size_mobile":0,"ocean_menu_typo_font_size_unit":"px","ocean_menu_typo_font_weight":"","ocean_menu_typo_font_weight_tablet":"","ocean_menu_typo_font_weight_mobile":"","ocean_menu_typo_transform":"","ocean_menu_typo_transform_tablet":"","ocean_menu_typo_transform_mobile":"","ocean_menu_typo_line_height":0,"ocean_menu_typo_line_height_tablet":0,"ocean_menu_typo_line_height_mobile":0,"ocean_menu_typo_line_height_unit":"","ocean_menu_typo_spacing":0,"ocean_menu_typo_spacing_tablet":0,"ocean_menu_typo_spacing_mobile":0,"ocean_menu_typo_spacing_unit":"","ocean_menu_link_color":"","ocean_menu_link_color_hover":"","ocean_menu_link_color_active":"","ocean_menu_link_background":"","ocean_menu_link_hover_background":"","ocean_menu_link_active_background":"","ocean_menu_social_links_bg":"","ocean_menu_social_hover_links_bg":"","ocean_menu_social_links_color":"","ocean_menu_social_hover_links_color":"","ocean_disable_title":"default","ocean_disable_heading":"default","ocean_post_title":"","ocean_post_subheading":"","ocean_post_title_style":"","ocean_post_title_background_color":"","ocean_post_title_background":0,"ocean_post_title_bg_image_position":"","ocean_post_title_bg_image_attachment":"","ocean_post_title_bg_image_repeat":"","ocean_post_title_bg_image_size":"","ocean_post_title_height":0,"ocean_post_title_bg_overlay":0.5,"ocean_post_title_bg_overlay_color":"","ocean_disable_breadcrumbs":"off","ocean_breadcrumbs_color":"","ocean_breadcrumbs_separator_color":"","ocean_breadcrumbs_links_color":"","ocean_breadcrumbs_links_hover_color":"","ocean_display_footer_widgets":"off","ocean_display_footer_bottom":"off","ocean_custom_footer_template":"0","footnotes":""},"class_list":["post-6116","page","type-page","status-publish","hentry","entry"],"yoast_head":"<!-- This site is optimized with the Yoast SEO plugin v27.4 - https:\/\/yoast.com\/product\/yoast-seo-wordpress\/ -->\n<title>C\u00e2mera de corpo &#8226; Motorola VB400 &#8226; Advanced Resources<\/title>\n<meta name=\"description\" content=\"O modelo VB400 da Motorola Solutions \u00e9 uma c\u00e2mera de corpo para for\u00e7as policiais e de seguran\u00e7a que permite captar qualquer incidente.\" \/>\n<meta name=\"robots\" content=\"index, follow, max-snippet:-1, max-image-preview:large, max-video-preview:-1\" \/>\n<link rel=\"canonical\" href=\"https:\/\/aresources.pt\/en\/motorola-vb400\/\" \/>\n<meta property=\"og:locale\" content=\"en_US\" \/>\n<meta property=\"og:type\" content=\"article\" \/>\n<meta property=\"og:title\" content=\"C\u00e2mera de corpo &#8226; Motorola VB400 &#8226; Advanced Resources\" \/>\n<meta property=\"og:description\" content=\"O modelo VB400 da Motorola Solutions \u00e9 uma c\u00e2mera de corpo para for\u00e7as policiais e de seguran\u00e7a que permite captar qualquer incidente.\" \/>\n<meta property=\"og:url\" content=\"https:\/\/aresources.pt\/en\/motorola-vb400\/\" \/>\n<meta property=\"og:site_name\" content=\"Advanced Resources\" \/>\n<meta property=\"article:publisher\" content=\"https:\/\/www.facebook.com\/aresources.pt\" \/>\n<meta property=\"article:modified_time\" content=\"2026-01-05T10:45:04+00:00\" \/>\n<meta property=\"og:image\" content=\"https:\/\/aresources.pt\/wp-content\/uploads\/2022\/11\/vb400_banner.jpeg\" \/>\n\t<meta property=\"og:image:width\" content=\"1900\" \/>\n\t<meta property=\"og:image:height\" content=\"400\" \/>\n\t<meta property=\"og:image:type\" content=\"image\/jpeg\" \/>\n<meta name=\"twitter:card\" content=\"summary_large_image\" \/>\n<meta name=\"twitter:label1\" content=\"Est. reading time\" \/>\n\t<meta name=\"twitter:data1\" content=\"2 minutes\" \/>\n<script type=\"application\/ld+json\" class=\"yoast-schema-graph\">{\"@context\":\"https:\\\/\\\/schema.org\",\"@graph\":[{\"@type\":\"WebPage\",\"@id\":\"https:\\\/\\\/aresources.pt\\\/motorola-vb400\\\/\",\"url\":\"https:\\\/\\\/aresources.pt\\\/motorola-vb400\\\/\",\"name\":\"C\u00e2mera de corpo &#8226; Motorola VB400 &#8226; Advanced Resources\",\"isPartOf\":{\"@id\":\"https:\\\/\\\/aresources.pt\\\/#website\"},\"primaryImageOfPage\":{\"@id\":\"https:\\\/\\\/aresources.pt\\\/motorola-vb400\\\/#primaryimage\"},\"image\":{\"@id\":\"https:\\\/\\\/aresources.pt\\\/motorola-vb400\\\/#primaryimage\"},\"thumbnailUrl\":\"https:\\\/\\\/aresources.pt\\\/wp-content\\\/uploads\\\/2022\\\/11\\\/vb400_banner.jpeg\",\"datePublished\":\"2020-07-08T11:47:12+00:00\",\"dateModified\":\"2026-01-05T10:45:04+00:00\",\"description\":\"O modelo VB400 da Motorola Solutions \u00e9 uma c\u00e2mera de corpo para for\u00e7as policiais e de seguran\u00e7a que permite captar qualquer incidente.\",\"breadcrumb\":{\"@id\":\"https:\\\/\\\/aresources.pt\\\/motorola-vb400\\\/#breadcrumb\"},\"inLanguage\":\"en-US\",\"potentialAction\":[{\"@type\":\"ReadAction\",\"target\":[\"https:\\\/\\\/aresources.pt\\\/motorola-vb400\\\/\"]}]},{\"@type\":\"ImageObject\",\"inLanguage\":\"en-US\",\"@id\":\"https:\\\/\\\/aresources.pt\\\/motorola-vb400\\\/#primaryimage\",\"url\":\"https:\\\/\\\/aresources.pt\\\/wp-content\\\/uploads\\\/2022\\\/11\\\/vb400_banner.jpeg\",\"contentUrl\":\"https:\\\/\\\/aresources.pt\\\/wp-content\\\/uploads\\\/2022\\\/11\\\/vb400_banner.jpeg\"},{\"@type\":\"BreadcrumbList\",\"@id\":\"https:\\\/\\\/aresources.pt\\\/motorola-vb400\\\/#breadcrumb\",\"itemListElement\":[{\"@type\":\"ListItem\",\"position\":1,\"name\":\"Home\",\"item\":\"https:\\\/\\\/aresources.pt\\\/\"},{\"@type\":\"ListItem\",\"position\":2,\"name\":\"Motorola VB400\"}]},{\"@type\":\"WebSite\",\"@id\":\"https:\\\/\\\/aresources.pt\\\/#website\",\"url\":\"https:\\\/\\\/aresources.pt\\\/\",\"name\":\"Advanced Resources\",\"description\":\"Telecomunica\u00e7\u00f5es e Seguran\u00e7a\",\"publisher\":{\"@id\":\"https:\\\/\\\/aresources.pt\\\/#organization\"},\"potentialAction\":[{\"@type\":\"SearchAction\",\"target\":{\"@type\":\"EntryPoint\",\"urlTemplate\":\"https:\\\/\\\/aresources.pt\\\/?s={search_term_string}\"},\"query-input\":{\"@type\":\"PropertyValueSpecification\",\"valueRequired\":true,\"valueName\":\"search_term_string\"}}],\"inLanguage\":\"en-US\"},{\"@type\":\"Organization\",\"@id\":\"https:\\\/\\\/aresources.pt\\\/#organization\",\"name\":\"Advanced Resources\",\"url\":\"https:\\\/\\\/aresources.pt\\\/\",\"logo\":{\"@type\":\"ImageObject\",\"inLanguage\":\"en-US\",\"@id\":\"https:\\\/\\\/aresources.pt\\\/#\\\/schema\\\/logo\\\/image\\\/\",\"url\":\"https:\\\/\\\/aresources.pt\\\/wp-content\\\/uploads\\\/2019\\\/06\\\/cropped-150dpi-14.jpg\",\"contentUrl\":\"https:\\\/\\\/aresources.pt\\\/wp-content\\\/uploads\\\/2019\\\/06\\\/cropped-150dpi-14.jpg\",\"width\":436,\"height\":100,\"caption\":\"Advanced Resources\"},\"image\":{\"@id\":\"https:\\\/\\\/aresources.pt\\\/#\\\/schema\\\/logo\\\/image\\\/\"},\"sameAs\":[\"https:\\\/\\\/www.facebook.com\\\/aresources.pt\"]}]}<\/script>\n<!-- \/ Yoast SEO plugin. -->","yoast_head_json":{"title":"C\u00e2mera de corpo &#8226; Motorola VB400 &#8226; Advanced Resources","description":"O modelo VB400 da Motorola Solutions \u00e9 uma c\u00e2mera de corpo para for\u00e7as policiais e de seguran\u00e7a que permite captar qualquer incidente.","robots":{"index":"index","follow":"follow","max-snippet":"max-snippet:-1","max-image-preview":"max-image-preview:large","max-video-preview":"max-video-preview:-1"},"canonical":"https:\/\/aresources.pt\/en\/motorola-vb400\/","og_locale":"en_US","og_type":"article","og_title":"C\u00e2mera de corpo &#8226; Motorola VB400 &#8226; Advanced Resources","og_description":"O modelo VB400 da Motorola Solutions \u00e9 uma c\u00e2mera de corpo para for\u00e7as policiais e de seguran\u00e7a que permite captar qualquer incidente.","og_url":"https:\/\/aresources.pt\/en\/motorola-vb400\/","og_site_name":"Advanced Resources","article_publisher":"https:\/\/www.facebook.com\/aresources.pt","article_modified_time":"2026-01-05T10:45:04+00:00","og_image":[{"width":1900,"height":400,"url":"https:\/\/aresources.pt\/wp-content\/uploads\/2022\/11\/vb400_banner.jpeg","type":"image\/jpeg"}],"twitter_card":"summary_large_image","twitter_misc":{"Est. reading time":"2 minutes"},"schema":{"@context":"https:\/\/schema.org","@graph":[{"@type":"WebPage","@id":"https:\/\/aresources.pt\/motorola-vb400\/","url":"https:\/\/aresources.pt\/motorola-vb400\/","name":"C\u00e2mera de corpo &#8226; Motorola VB400 &#8226; Advanced Resources","isPartOf":{"@id":"https:\/\/aresources.pt\/#website"},"primaryImageOfPage":{"@id":"https:\/\/aresources.pt\/motorola-vb400\/#primaryimage"},"image":{"@id":"https:\/\/aresources.pt\/motorola-vb400\/#primaryimage"},"thumbnailUrl":"https:\/\/aresources.pt\/wp-content\/uploads\/2022\/11\/vb400_banner.jpeg","datePublished":"2020-07-08T11:47:12+00:00","dateModified":"2026-01-05T10:45:04+00:00","description":"O modelo VB400 da Motorola Solutions \u00e9 uma c\u00e2mera de corpo para for\u00e7as policiais e de seguran\u00e7a que permite captar qualquer incidente.","breadcrumb":{"@id":"https:\/\/aresources.pt\/motorola-vb400\/#breadcrumb"},"inLanguage":"en-US","potentialAction":[{"@type":"ReadAction","target":["https:\/\/aresources.pt\/motorola-vb400\/"]}]},{"@type":"ImageObject","inLanguage":"en-US","@id":"https:\/\/aresources.pt\/motorola-vb400\/#primaryimage","url":"https:\/\/aresources.pt\/wp-content\/uploads\/2022\/11\/vb400_banner.jpeg","contentUrl":"https:\/\/aresources.pt\/wp-content\/uploads\/2022\/11\/vb400_banner.jpeg"},{"@type":"BreadcrumbList","@id":"https:\/\/aresources.pt\/motorola-vb400\/#breadcrumb","itemListElement":[{"@type":"ListItem","position":1,"name":"Home","item":"https:\/\/aresources.pt\/"},{"@type":"ListItem","position":2,"name":"Motorola VB400"}]},{"@type":"WebSite","@id":"https:\/\/aresources.pt\/#website","url":"https:\/\/aresources.pt\/","name":"Advanced Resources","description":"Telecomunica\u00e7\u00f5es e Seguran\u00e7a","publisher":{"@id":"https:\/\/aresources.pt\/#organization"},"potentialAction":[{"@type":"SearchAction","target":{"@type":"EntryPoint","urlTemplate":"https:\/\/aresources.pt\/?s={search_term_string}"},"query-input":{"@type":"PropertyValueSpecification","valueRequired":true,"valueName":"search_term_string"}}],"inLanguage":"en-US"},{"@type":"Organization","@id":"https:\/\/aresources.pt\/#organization","name":"Advanced Resources","url":"https:\/\/aresources.pt\/","logo":{"@type":"ImageObject","inLanguage":"en-US","@id":"https:\/\/aresources.pt\/#\/schema\/logo\/image\/","url":"https:\/\/aresources.pt\/wp-content\/uploads\/2019\/06\/cropped-150dpi-14.jpg","contentUrl":"https:\/\/aresources.pt\/wp-content\/uploads\/2019\/06\/cropped-150dpi-14.jpg","width":436,"height":100,"caption":"Advanced Resources"},"image":{"@id":"https:\/\/aresources.pt\/#\/schema\/logo\/image\/"},"sameAs":["https:\/\/www.facebook.com\/aresources.pt"]}]}},"_links":{"self":[{"href":"https:\/\/aresources.pt\/en\/wp-json\/wp\/v2\/pages\/6116","targetHints":{"allow":["GET"]}}],"collection":[{"href":"https:\/\/aresources.pt\/en\/wp-json\/wp\/v2\/pages"}],"about":[{"href":"https:\/\/aresources.pt\/en\/wp-json\/wp\/v2\/types\/page"}],"author":[{"embeddable":true,"href":"https:\/\/aresources.pt\/en\/wp-json\/wp\/v2\/users\/2"}],"replies":[{"embeddable":true,"href":"https:\/\/aresources.pt\/en\/wp-json\/wp\/v2\/comments?post=6116"}],"version-history":[{"count":75,"href":"https:\/\/aresources.pt\/en\/wp-json\/wp\/v2\/pages\/6116\/revisions"}],"predecessor-version":[{"id":10324,"href":"https:\/\/aresources.pt\/en\/wp-json\/wp\/v2\/pages\/6116\/revisions\/10324"}],"wp:attachment":[{"href":"https:\/\/aresources.pt\/en\/wp-json\/wp\/v2\/media?parent=6116"}],"curies":[{"name":"wp","href":"https:\/\/api.w.org\/{rel}","templated":true}]}}