{"id":3270,"date":"2019-05-28T16:08:54","date_gmt":"2019-05-28T15:08:54","guid":{"rendered":"https:\/\/aresources.pt\/?page_id=3270"},"modified":"2023-03-20T12:21:40","modified_gmt":"2023-03-20T11:21:40","slug":"wifi4eu","status":"publish","type":"page","link":"https:\/\/aresources.pt\/en\/destaques\/wifi4eu\/","title":{"rendered":"WiFi4EU"},"content":{"rendered":"<div data-elementor-type=\"wp-page\" data-elementor-id=\"3270\" class=\"elementor elementor-3270\">\n\t\t\t\t\t\t<section class=\"elementor-section elementor-top-section elementor-element elementor-element-dcc0e4a elementor-section-full_width elementor-hidden-phone elementor-section-height-default elementor-section-height-default\" data-id=\"dcc0e4a\" data-element_type=\"section\" data-e-type=\"section\">\n\t\t\t\t\t\t<div class=\"elementor-container elementor-column-gap-default\">\n\t\t\t\t\t<div class=\"elementor-column elementor-col-100 elementor-top-column elementor-element elementor-element-495a77a\" data-id=\"495a77a\" data-element_type=\"column\" data-e-type=\"column\">\n\t\t\t<div class=\"elementor-widget-wrap elementor-element-populated\">\n\t\t\t\t\t\t<div class=\"elementor-element elementor-element-ff6eecd elementor-hidden-phone elementor-widget elementor-widget-image\" data-id=\"ff6eecd\" data-element_type=\"widget\" data-e-type=\"widget\" data-widget_type=\"image.default\">\n\t\t\t\t<div class=\"elementor-widget-container\">\n\t\t\t\t\t\t\t\t\t\t\t\t\t\t\t<img fetchpriority=\"high\" decoding=\"async\" width=\"1920\" height=\"400\" src=\"https:\/\/aresources.pt\/wp-content\/uploads\/2019\/05\/WiFi4EU_wide-3.jpg\" class=\"attachment-full size-full wp-image-3311\" alt=\"WiFi4EU_wide\" \/>\t\t\t\t\t\t\t\t\t\t\t\t\t\t\t<\/div>\n\t\t\t\t<\/div>\n\t\t\t\t\t<\/div>\n\t\t<\/div>\n\t\t\t\t\t<\/div>\n\t\t<\/section>\n\t\t\t\t<section class=\"elementor-section elementor-top-section elementor-element elementor-element-10f3215 elementor-section-full_width elementor-hidden-desktop elementor-hidden-tablet elementor-section-height-default elementor-section-height-default\" data-id=\"10f3215\" data-element_type=\"section\" data-e-type=\"section\">\n\t\t\t\t\t\t<div class=\"elementor-container elementor-column-gap-default\">\n\t\t\t\t\t<div class=\"elementor-column elementor-col-100 elementor-top-column elementor-element elementor-element-8a7963b\" data-id=\"8a7963b\" data-element_type=\"column\" data-e-type=\"column\">\n\t\t\t<div class=\"elementor-widget-wrap elementor-element-populated\">\n\t\t\t\t\t\t<div class=\"elementor-element elementor-element-8a37f82 elementor-hidden-desktop elementor-hidden-tablet elementor-widget elementor-widget-image\" data-id=\"8a37f82\" data-element_type=\"widget\" data-e-type=\"widget\" data-widget_type=\"image.default\">\n\t\t\t\t<div class=\"elementor-widget-container\">\n\t\t\t\t\t\t\t\t\t\t\t\t\t\t\t<img decoding=\"async\" src=\"https:\/\/aresources.pt\/wp-content\/uploads\/elementor\/thumbs\/WiFi4EU_wide-1-o8ji2fernk1f8gny8jlw5xbns0hqy8npcibpqtja8w.jpg\" title=\"WiFi4EU_wide_mobile\" alt=\"WiFi4EU_wide_mobile\" loading=\"lazy\" \/>\t\t\t\t\t\t\t\t\t\t\t\t\t\t\t<\/div>\n\t\t\t\t<\/div>\n\t\t\t\t\t<\/div>\n\t\t<\/div>\n\t\t\t\t\t<\/div>\n\t\t<\/section>\n\t\t\t\t<section class=\"elementor-section elementor-top-section elementor-element elementor-element-91a89a6 elementor-section-full_width elementor-section-height-default elementor-section-height-default\" data-id=\"91a89a6\" data-element_type=\"section\" data-e-type=\"section\">\n\t\t\t\t\t\t<div class=\"elementor-container elementor-column-gap-default\">\n\t\t\t\t\t<div class=\"elementor-column elementor-col-100 elementor-top-column elementor-element elementor-element-7caa3b8\" data-id=\"7caa3b8\" data-element_type=\"column\" data-e-type=\"column\">\n\t\t\t<div class=\"elementor-widget-wrap elementor-element-populated\">\n\t\t\t\t\t\t<div class=\"elementor-element elementor-element-8915695 elementor-widget elementor-widget-heading\" data-id=\"8915695\" data-element_type=\"widget\" data-e-type=\"widget\" data-widget_type=\"heading.default\">\n\t\t\t\t<div class=\"elementor-widget-container\">\n\t\t\t\t\t<h1 class=\"elementor-heading-title elementor-size-default\">WiFi4EU<\/h1>\t\t\t\t<\/div>\n\t\t\t\t<\/div>\n\t\t\t\t<div class=\"elementor-element elementor-element-186e93e elementor-widget elementor-widget-text-editor\" data-id=\"186e93e\" data-element_type=\"widget\" data-e-type=\"widget\" data-widget_type=\"text-editor.default\">\n\t\t\t\t<div class=\"elementor-widget-container\">\n\t\t\t\t\t\t\t\t\t<p>The WiFi4EU initiative is a European Commission program that promotes the provision of free Internet access for residents and visitors to the main centers of life of local communities. To this end, financial support will be provided by the European Union, through the CEF (Connecting Europe Facility) program, for a total amount of 15,000 euros per municipality.<\/p><p>From the date the support is granted to a municipality, it will have 18 months to implement the solution.<\/p><p>The free Internet service offered to users must foresee a minimum period of operation of 3 years. As such, it will have to consider the costs of maintaining and financing the connection during this period.<\/p><p>The technical requirements for implementing a WiFi4EU network are as follows:<\/p><ul><li>Compliance with the 802.11ac Wave I protocol;<\/li><li>Authentication with the 802.1X protocol;<\/li><li>Capacity for 50 users, without compromising the quality of experience;<\/li><li>MIMO with at least 2\u00d72 channels;<\/li><li>Compliance with the Hotspot 2.0 protocol.<br \/><br \/><\/li><\/ul><p>Advanced Resources is a company registered as a WiFi4EU network installer. In partnership with Cambium Networks, it presents itself as an experienced partner for the implementation of WiFi4EU projects.<\/p>\t\t\t\t\t\t\t\t<\/div>\n\t\t\t\t<\/div>\n\t\t\t\t\t<\/div>\n\t\t<\/div>\n\t\t\t\t\t<\/div>\n\t\t<\/section>\n\t\t\t\t<\/div>","protected":false},"excerpt":{"rendered":"<p>WiFi4EU A iniciativa WiFi4EU \u00e9 um programa da Comiss\u00e3o Europeia que promove a oferta de acesso \u00e0 internet gr\u00e1tis, para residentes e visitantes dos principais centros de vida das comunidades locais. Para tal, ser\u00e3o atribu\u00eddos apoios financeiros pela Uni\u00e3o Europeia, atrav\u00e9s do programa CEF (Connecting Europe Facility), no valor total de 15.000\u20ac por munic\u00edpio. A [&hellip;]<\/p>\n","protected":false},"author":2,"featured_media":0,"parent":1094,"menu_order":0,"comment_status":"closed","ping_status":"closed","template":"","meta":{"_monsterinsights_skip_tracking":false,"_monsterinsights_sitenote_active":false,"_monsterinsights_sitenote_note":"","_monsterinsights_sitenote_category":0,"ocean_post_layout":"full-screen","ocean_both_sidebars_style":"","ocean_both_sidebars_content_width":0,"ocean_both_sidebars_sidebars_width":0,"ocean_sidebar":"0","ocean_second_sidebar":"0","ocean_disable_margins":"enable","ocean_add_body_class":"","ocean_shortcode_before_top_bar":"","ocean_shortcode_after_top_bar":"","ocean_shortcode_before_header":"","ocean_shortcode_after_header":"","ocean_has_shortcode":"","ocean_shortcode_after_title":"","ocean_shortcode_before_footer_widgets":"","ocean_shortcode_after_footer_widgets":"","ocean_shortcode_before_footer_bottom":"","ocean_shortcode_after_footer_bottom":"","ocean_display_top_bar":"default","ocean_display_header":"default","ocean_header_style":"","ocean_center_header_left_menu":"0","ocean_custom_header_template":"0","ocean_custom_logo":0,"ocean_custom_retina_logo":0,"ocean_custom_logo_max_width":0,"ocean_custom_logo_tablet_max_width":0,"ocean_custom_logo_mobile_max_width":0,"ocean_custom_logo_max_height":0,"ocean_custom_logo_tablet_max_height":0,"ocean_custom_logo_mobile_max_height":0,"ocean_header_custom_menu":"0","ocean_menu_typo_font_family":"0","ocean_menu_typo_font_subset":"","ocean_menu_typo_font_size":0,"ocean_menu_typo_font_size_tablet":0,"ocean_menu_typo_font_size_mobile":0,"ocean_menu_typo_font_size_unit":"px","ocean_menu_typo_font_weight":"","ocean_menu_typo_font_weight_tablet":"","ocean_menu_typo_font_weight_mobile":"","ocean_menu_typo_transform":"","ocean_menu_typo_transform_tablet":"","ocean_menu_typo_transform_mobile":"","ocean_menu_typo_line_height":0,"ocean_menu_typo_line_height_tablet":0,"ocean_menu_typo_line_height_mobile":0,"ocean_menu_typo_line_height_unit":"","ocean_menu_typo_spacing":0,"ocean_menu_typo_spacing_tablet":0,"ocean_menu_typo_spacing_mobile":0,"ocean_menu_typo_spacing_unit":"","ocean_menu_link_color":"","ocean_menu_link_color_hover":"","ocean_menu_link_color_active":"","ocean_menu_link_background":"","ocean_menu_link_hover_background":"","ocean_menu_link_active_background":"","ocean_menu_social_links_bg":"","ocean_menu_social_hover_links_bg":"","ocean_menu_social_links_color":"","ocean_menu_social_hover_links_color":"","ocean_disable_title":"on","ocean_disable_heading":"default","ocean_post_title":"","ocean_post_subheading":"","ocean_post_title_style":"","ocean_post_title_background_color":"","ocean_post_title_background":0,"ocean_post_title_bg_image_position":"","ocean_post_title_bg_image_attachment":"","ocean_post_title_bg_image_repeat":"","ocean_post_title_bg_image_size":"","ocean_post_title_height":0,"ocean_post_title_bg_overlay":0.5,"ocean_post_title_bg_overlay_color":"","ocean_disable_breadcrumbs":"off","ocean_breadcrumbs_color":"","ocean_breadcrumbs_separator_color":"","ocean_breadcrumbs_links_color":"","ocean_breadcrumbs_links_hover_color":"","ocean_display_footer_widgets":"off","ocean_display_footer_bottom":"off","ocean_custom_footer_template":"0","footnotes":""},"class_list":["post-3270","page","type-page","status-publish","hentry","entry"],"yoast_head":"<!-- This site is optimized with the Yoast SEO plugin v27.4 - https:\/\/yoast.com\/product\/yoast-seo-wordpress\/ -->\n<title>WiFi4EU &#8226; Regras de Implementa\u00e7\u00e3o &#8226; Advanced Resources<\/title>\n<meta name=\"description\" content=\"Informa\u00e7\u00f5es relativas \u00e0 implementa\u00e7\u00e3o de projetos WiFi4EU, de financiamento para oferta de internet wireless gr\u00e1tis em locais p\u00fablicos.\" \/>\n<meta name=\"robots\" content=\"index, follow, max-snippet:-1, max-image-preview:large, max-video-preview:-1\" \/>\n<link rel=\"canonical\" href=\"https:\/\/aresources.pt\/en\/destaques\/wifi4eu\/\" \/>\n<meta property=\"og:locale\" content=\"en_US\" \/>\n<meta property=\"og:type\" content=\"article\" \/>\n<meta property=\"og:title\" content=\"WiFi4EU &#8226; Regras de Implementa\u00e7\u00e3o &#8226; Advanced Resources\" \/>\n<meta property=\"og:description\" content=\"Informa\u00e7\u00f5es relativas \u00e0 implementa\u00e7\u00e3o de projetos WiFi4EU, de financiamento para oferta de internet wireless gr\u00e1tis em locais p\u00fablicos.\" \/>\n<meta property=\"og:url\" content=\"https:\/\/aresources.pt\/en\/destaques\/wifi4eu\/\" \/>\n<meta property=\"og:site_name\" content=\"Advanced Resources\" \/>\n<meta property=\"article:publisher\" content=\"https:\/\/www.facebook.com\/aresources.pt\" \/>\n<meta property=\"article:modified_time\" content=\"2023-03-20T11:21:40+00:00\" \/>\n<meta property=\"og:image\" content=\"https:\/\/aresources.pt\/wp-content\/uploads\/2019\/05\/WiFi4EU_wide-3.jpg\" \/>\n<meta name=\"twitter:card\" content=\"summary_large_image\" \/>\n<meta name=\"twitter:label1\" content=\"Est. reading time\" \/>\n\t<meta name=\"twitter:data1\" content=\"2 minutes\" \/>\n<script type=\"application\/ld+json\" class=\"yoast-schema-graph\">{\"@context\":\"https:\\\/\\\/schema.org\",\"@graph\":[{\"@type\":\"WebPage\",\"@id\":\"https:\\\/\\\/aresources.pt\\\/destaques\\\/wifi4eu\\\/\",\"url\":\"https:\\\/\\\/aresources.pt\\\/destaques\\\/wifi4eu\\\/\",\"name\":\"WiFi4EU &#8226; Regras de Implementa\u00e7\u00e3o &#8226; Advanced Resources\",\"isPartOf\":{\"@id\":\"https:\\\/\\\/aresources.pt\\\/#website\"},\"primaryImageOfPage\":{\"@id\":\"https:\\\/\\\/aresources.pt\\\/destaques\\\/wifi4eu\\\/#primaryimage\"},\"image\":{\"@id\":\"https:\\\/\\\/aresources.pt\\\/destaques\\\/wifi4eu\\\/#primaryimage\"},\"thumbnailUrl\":\"https:\\\/\\\/aresources.pt\\\/wp-content\\\/uploads\\\/2019\\\/05\\\/WiFi4EU_wide-3.jpg\",\"datePublished\":\"2019-05-28T15:08:54+00:00\",\"dateModified\":\"2023-03-20T11:21:40+00:00\",\"description\":\"Informa\u00e7\u00f5es relativas \u00e0 implementa\u00e7\u00e3o de projetos WiFi4EU, de financiamento para oferta de internet wireless gr\u00e1tis em locais p\u00fablicos.\",\"breadcrumb\":{\"@id\":\"https:\\\/\\\/aresources.pt\\\/destaques\\\/wifi4eu\\\/#breadcrumb\"},\"inLanguage\":\"en-US\",\"potentialAction\":[{\"@type\":\"ReadAction\",\"target\":[\"https:\\\/\\\/aresources.pt\\\/destaques\\\/wifi4eu\\\/\"]}]},{\"@type\":\"ImageObject\",\"inLanguage\":\"en-US\",\"@id\":\"https:\\\/\\\/aresources.pt\\\/destaques\\\/wifi4eu\\\/#primaryimage\",\"url\":\"https:\\\/\\\/aresources.pt\\\/wp-content\\\/uploads\\\/2019\\\/05\\\/WiFi4EU_wide-3.jpg\",\"contentUrl\":\"https:\\\/\\\/aresources.pt\\\/wp-content\\\/uploads\\\/2019\\\/05\\\/WiFi4EU_wide-3.jpg\"},{\"@type\":\"BreadcrumbList\",\"@id\":\"https:\\\/\\\/aresources.pt\\\/destaques\\\/wifi4eu\\\/#breadcrumb\",\"itemListElement\":[{\"@type\":\"ListItem\",\"position\":1,\"name\":\"Home\",\"item\":\"https:\\\/\\\/aresources.pt\\\/\"},{\"@type\":\"ListItem\",\"position\":2,\"name\":\"Destaques\",\"item\":\"https:\\\/\\\/aresources.pt\\\/destaques\\\/\"},{\"@type\":\"ListItem\",\"position\":3,\"name\":\"WiFi4EU\"}]},{\"@type\":\"WebSite\",\"@id\":\"https:\\\/\\\/aresources.pt\\\/#website\",\"url\":\"https:\\\/\\\/aresources.pt\\\/\",\"name\":\"Advanced Resources\",\"description\":\"Telecomunica\u00e7\u00f5es e Seguran\u00e7a\",\"publisher\":{\"@id\":\"https:\\\/\\\/aresources.pt\\\/#organization\"},\"potentialAction\":[{\"@type\":\"SearchAction\",\"target\":{\"@type\":\"EntryPoint\",\"urlTemplate\":\"https:\\\/\\\/aresources.pt\\\/?s={search_term_string}\"},\"query-input\":{\"@type\":\"PropertyValueSpecification\",\"valueRequired\":true,\"valueName\":\"search_term_string\"}}],\"inLanguage\":\"en-US\"},{\"@type\":\"Organization\",\"@id\":\"https:\\\/\\\/aresources.pt\\\/#organization\",\"name\":\"Advanced Resources\",\"url\":\"https:\\\/\\\/aresources.pt\\\/\",\"logo\":{\"@type\":\"ImageObject\",\"inLanguage\":\"en-US\",\"@id\":\"https:\\\/\\\/aresources.pt\\\/#\\\/schema\\\/logo\\\/image\\\/\",\"url\":\"https:\\\/\\\/aresources.pt\\\/wp-content\\\/uploads\\\/2019\\\/06\\\/cropped-150dpi-14.jpg\",\"contentUrl\":\"https:\\\/\\\/aresources.pt\\\/wp-content\\\/uploads\\\/2019\\\/06\\\/cropped-150dpi-14.jpg\",\"width\":436,\"height\":100,\"caption\":\"Advanced Resources\"},\"image\":{\"@id\":\"https:\\\/\\\/aresources.pt\\\/#\\\/schema\\\/logo\\\/image\\\/\"},\"sameAs\":[\"https:\\\/\\\/www.facebook.com\\\/aresources.pt\"]}]}<\/script>\n<!-- \/ Yoast SEO plugin. -->","yoast_head_json":{"title":"WiFi4EU &#8226; Regras de Implementa\u00e7\u00e3o &#8226; Advanced Resources","description":"Informa\u00e7\u00f5es relativas \u00e0 implementa\u00e7\u00e3o de projetos WiFi4EU, de financiamento para oferta de internet wireless gr\u00e1tis em locais p\u00fablicos.","robots":{"index":"index","follow":"follow","max-snippet":"max-snippet:-1","max-image-preview":"max-image-preview:large","max-video-preview":"max-video-preview:-1"},"canonical":"https:\/\/aresources.pt\/en\/destaques\/wifi4eu\/","og_locale":"en_US","og_type":"article","og_title":"WiFi4EU &#8226; Regras de Implementa\u00e7\u00e3o &#8226; Advanced Resources","og_description":"Informa\u00e7\u00f5es relativas \u00e0 implementa\u00e7\u00e3o de projetos WiFi4EU, de financiamento para oferta de internet wireless gr\u00e1tis em locais p\u00fablicos.","og_url":"https:\/\/aresources.pt\/en\/destaques\/wifi4eu\/","og_site_name":"Advanced Resources","article_publisher":"https:\/\/www.facebook.com\/aresources.pt","article_modified_time":"2023-03-20T11:21:40+00:00","og_image":[{"url":"https:\/\/aresources.pt\/wp-content\/uploads\/2019\/05\/WiFi4EU_wide-3.jpg","type":"","width":"","height":""}],"twitter_card":"summary_large_image","twitter_misc":{"Est. reading time":"2 minutes"},"schema":{"@context":"https:\/\/schema.org","@graph":[{"@type":"WebPage","@id":"https:\/\/aresources.pt\/destaques\/wifi4eu\/","url":"https:\/\/aresources.pt\/destaques\/wifi4eu\/","name":"WiFi4EU &#8226; Regras de Implementa\u00e7\u00e3o &#8226; Advanced Resources","isPartOf":{"@id":"https:\/\/aresources.pt\/#website"},"primaryImageOfPage":{"@id":"https:\/\/aresources.pt\/destaques\/wifi4eu\/#primaryimage"},"image":{"@id":"https:\/\/aresources.pt\/destaques\/wifi4eu\/#primaryimage"},"thumbnailUrl":"https:\/\/aresources.pt\/wp-content\/uploads\/2019\/05\/WiFi4EU_wide-3.jpg","datePublished":"2019-05-28T15:08:54+00:00","dateModified":"2023-03-20T11:21:40+00:00","description":"Informa\u00e7\u00f5es relativas \u00e0 implementa\u00e7\u00e3o de projetos WiFi4EU, de financiamento para oferta de internet wireless gr\u00e1tis em locais p\u00fablicos.","breadcrumb":{"@id":"https:\/\/aresources.pt\/destaques\/wifi4eu\/#breadcrumb"},"inLanguage":"en-US","potentialAction":[{"@type":"ReadAction","target":["https:\/\/aresources.pt\/destaques\/wifi4eu\/"]}]},{"@type":"ImageObject","inLanguage":"en-US","@id":"https:\/\/aresources.pt\/destaques\/wifi4eu\/#primaryimage","url":"https:\/\/aresources.pt\/wp-content\/uploads\/2019\/05\/WiFi4EU_wide-3.jpg","contentUrl":"https:\/\/aresources.pt\/wp-content\/uploads\/2019\/05\/WiFi4EU_wide-3.jpg"},{"@type":"BreadcrumbList","@id":"https:\/\/aresources.pt\/destaques\/wifi4eu\/#breadcrumb","itemListElement":[{"@type":"ListItem","position":1,"name":"Home","item":"https:\/\/aresources.pt\/"},{"@type":"ListItem","position":2,"name":"Destaques","item":"https:\/\/aresources.pt\/destaques\/"},{"@type":"ListItem","position":3,"name":"WiFi4EU"}]},{"@type":"WebSite","@id":"https:\/\/aresources.pt\/#website","url":"https:\/\/aresources.pt\/","name":"Advanced Resources","description":"Telecomunica\u00e7\u00f5es e Seguran\u00e7a","publisher":{"@id":"https:\/\/aresources.pt\/#organization"},"potentialAction":[{"@type":"SearchAction","target":{"@type":"EntryPoint","urlTemplate":"https:\/\/aresources.pt\/?s={search_term_string}"},"query-input":{"@type":"PropertyValueSpecification","valueRequired":true,"valueName":"search_term_string"}}],"inLanguage":"en-US"},{"@type":"Organization","@id":"https:\/\/aresources.pt\/#organization","name":"Advanced Resources","url":"https:\/\/aresources.pt\/","logo":{"@type":"ImageObject","inLanguage":"en-US","@id":"https:\/\/aresources.pt\/#\/schema\/logo\/image\/","url":"https:\/\/aresources.pt\/wp-content\/uploads\/2019\/06\/cropped-150dpi-14.jpg","contentUrl":"https:\/\/aresources.pt\/wp-content\/uploads\/2019\/06\/cropped-150dpi-14.jpg","width":436,"height":100,"caption":"Advanced Resources"},"image":{"@id":"https:\/\/aresources.pt\/#\/schema\/logo\/image\/"},"sameAs":["https:\/\/www.facebook.com\/aresources.pt"]}]}},"_links":{"self":[{"href":"https:\/\/aresources.pt\/en\/wp-json\/wp\/v2\/pages\/3270","targetHints":{"allow":["GET"]}}],"collection":[{"href":"https:\/\/aresources.pt\/en\/wp-json\/wp\/v2\/pages"}],"about":[{"href":"https:\/\/aresources.pt\/en\/wp-json\/wp\/v2\/types\/page"}],"author":[{"embeddable":true,"href":"https:\/\/aresources.pt\/en\/wp-json\/wp\/v2\/users\/2"}],"replies":[{"embeddable":true,"href":"https:\/\/aresources.pt\/en\/wp-json\/wp\/v2\/comments?post=3270"}],"version-history":[{"count":32,"href":"https:\/\/aresources.pt\/en\/wp-json\/wp\/v2\/pages\/3270\/revisions"}],"predecessor-version":[{"id":8415,"href":"https:\/\/aresources.pt\/en\/wp-json\/wp\/v2\/pages\/3270\/revisions\/8415"}],"up":[{"embeddable":true,"href":"https:\/\/aresources.pt\/en\/wp-json\/wp\/v2\/pages\/1094"}],"wp:attachment":[{"href":"https:\/\/aresources.pt\/en\/wp-json\/wp\/v2\/media?parent=3270"}],"curies":[{"name":"wp","href":"https:\/\/api.w.org\/{rel}","templated":true}]}}