{"id":3247,"date":"2019-05-27T16:52:25","date_gmt":"2019-05-27T15:52:25","guid":{"rendered":"https:\/\/aresources.pt\/?page_id=3247"},"modified":"2024-09-02T17:27:29","modified_gmt":"2024-09-02T16:27:29","slug":"sistemas-avigilon","status":"publish","type":"page","link":"https:\/\/aresources.pt\/en\/destaques\/sistemas-avigilon\/","title":{"rendered":"Avigilon CCTV Systems"},"content":{"rendered":"<div data-elementor-type=\"wp-page\" data-elementor-id=\"3247\" class=\"elementor elementor-3247\">\n\t\t\t\t\t\t<section class=\"elementor-section elementor-top-section elementor-element elementor-element-bb35837 elementor-section-full_width elementor-section-height-default elementor-section-height-default\" data-id=\"bb35837\" data-element_type=\"section\" data-e-type=\"section\">\n\t\t\t\t\t\t<div class=\"elementor-container elementor-column-gap-default\">\n\t\t\t\t\t<div class=\"elementor-column elementor-col-100 elementor-top-column elementor-element elementor-element-725bc20\" data-id=\"725bc20\" data-element_type=\"column\" data-e-type=\"column\">\n\t\t\t<div class=\"elementor-widget-wrap elementor-element-populated\">\n\t\t\t\t\t\t<div class=\"elementor-element elementor-element-1728abb elementor-hidden-phone elementor-widget elementor-widget-image\" data-id=\"1728abb\" data-element_type=\"widget\" data-e-type=\"widget\" data-widget_type=\"image.default\">\n\t\t\t\t<div class=\"elementor-widget-container\">\n\t\t\t\t\t\t\t\t\t\t\t\t\t\t\t<img fetchpriority=\"high\" decoding=\"async\" width=\"1280\" height=\"266\" src=\"https:\/\/aresources.pt\/wp-content\/uploads\/2024\/08\/wide-fisheye-avigilon-cctv.jpeg\" class=\"attachment-full size-full wp-image-9903\" alt=\"\" srcset=\"https:\/\/aresources.pt\/wp-content\/uploads\/2024\/08\/wide-fisheye-avigilon-cctv.jpeg 1280w, https:\/\/aresources.pt\/wp-content\/uploads\/2024\/08\/wide-fisheye-avigilon-cctv-300x62.jpeg 300w, https:\/\/aresources.pt\/wp-content\/uploads\/2024\/08\/wide-fisheye-avigilon-cctv-1024x213.jpeg 1024w, https:\/\/aresources.pt\/wp-content\/uploads\/2024\/08\/wide-fisheye-avigilon-cctv-768x160.jpeg 768w, https:\/\/aresources.pt\/wp-content\/uploads\/2024\/08\/wide-fisheye-avigilon-cctv-18x4.jpeg 18w\" sizes=\"(max-width: 1280px) 100vw, 1280px\" \/>\t\t\t\t\t\t\t\t\t\t\t\t\t\t\t<\/div>\n\t\t\t\t<\/div>\n\t\t\t\t\t<\/div>\n\t\t<\/div>\n\t\t\t\t\t<\/div>\n\t\t<\/section>\n\t\t\t\t<section class=\"elementor-section elementor-top-section elementor-element elementor-element-d95ed9b elementor-section-full_width elementor-section-height-default elementor-section-height-default\" data-id=\"d95ed9b\" data-element_type=\"section\" data-e-type=\"section\">\n\t\t\t\t\t\t<div class=\"elementor-container elementor-column-gap-default\">\n\t\t\t\t\t<div class=\"elementor-column elementor-col-100 elementor-top-column elementor-element elementor-element-3038e6d\" data-id=\"3038e6d\" data-element_type=\"column\" data-e-type=\"column\">\n\t\t\t<div class=\"elementor-widget-wrap elementor-element-populated\">\n\t\t\t\t\t\t<div class=\"elementor-element elementor-element-b8851aa elementor-hidden-desktop elementor-hidden-tablet elementor-widget elementor-widget-image\" data-id=\"b8851aa\" data-element_type=\"widget\" data-e-type=\"widget\" data-widget_type=\"image.default\">\n\t\t\t\t<div class=\"elementor-widget-container\">\n\t\t\t\t\t\t\t\t\t\t\t\t\t\t\t<img decoding=\"async\" width=\"700\" height=\"350\" src=\"https:\/\/aresources.pt\/wp-content\/uploads\/2024\/09\/wide-fisheye-avigilon-cctv-mobile.jpeg\" class=\"attachment-full size-full wp-image-9908\" alt=\"\" srcset=\"https:\/\/aresources.pt\/wp-content\/uploads\/2024\/09\/wide-fisheye-avigilon-cctv-mobile.jpeg 700w, https:\/\/aresources.pt\/wp-content\/uploads\/2024\/09\/wide-fisheye-avigilon-cctv-mobile-300x150.jpeg 300w, https:\/\/aresources.pt\/wp-content\/uploads\/2024\/09\/wide-fisheye-avigilon-cctv-mobile-18x9.jpeg 18w\" sizes=\"(max-width: 700px) 100vw, 700px\" \/>\t\t\t\t\t\t\t\t\t\t\t\t\t\t\t<\/div>\n\t\t\t\t<\/div>\n\t\t\t\t\t<\/div>\n\t\t<\/div>\n\t\t\t\t\t<\/div>\n\t\t<\/section>\n\t\t\t\t<section class=\"elementor-section elementor-top-section elementor-element elementor-element-91da54a elementor-section-boxed elementor-section-height-default elementor-section-height-default\" data-id=\"91da54a\" data-element_type=\"section\" data-e-type=\"section\">\n\t\t\t\t\t\t<div class=\"elementor-container elementor-column-gap-default\">\n\t\t\t\t\t<div class=\"elementor-column elementor-col-100 elementor-top-column elementor-element elementor-element-9b5c252\" data-id=\"9b5c252\" data-element_type=\"column\" data-e-type=\"column\">\n\t\t\t<div class=\"elementor-widget-wrap elementor-element-populated\">\n\t\t\t\t\t\t<div class=\"elementor-element elementor-element-bebb116 elementor-widget elementor-widget-heading\" data-id=\"bebb116\" data-element_type=\"widget\" data-e-type=\"widget\" data-widget_type=\"heading.default\">\n\t\t\t\t<div class=\"elementor-widget-container\">\n\t\t\t\t\t<h2 class=\"elementor-heading-title elementor-size-default\">Avigilon Systems<\/h2>\t\t\t\t<\/div>\n\t\t\t\t<\/div>\n\t\t\t\t<div class=\"elementor-element elementor-element-648ad82 elementor-widget elementor-widget-heading\" data-id=\"648ad82\" data-element_type=\"widget\" data-e-type=\"widget\" data-widget_type=\"heading.default\">\n\t\t\t\t<div class=\"elementor-widget-container\">\n\t\t\t\t\t<h3 class=\"elementor-heading-title elementor-size-default\">Video Surveillance and Access Control<\/h3>\t\t\t\t<\/div>\n\t\t\t\t<\/div>\n\t\t\t\t<div class=\"elementor-element elementor-element-59e326f elementor-widget elementor-widget-text-editor\" data-id=\"59e326f\" data-element_type=\"widget\" data-e-type=\"widget\" data-widget_type=\"text-editor.default\">\n\t\t\t\t<div class=\"elementor-widget-container\">\n\t\t\t\t\t\t\t\t\t<p class=\"translation-block\">Avigilon, part of Motorola Solutions, is known worldwide for its cutting-edge security solutions that integrate advanced video analytics technology, cloud-based systems and scalable infrastructure. As a trusted partner, we offer two distinct platforms adapted to different security needs:  <span style=\"color: #0d70bc\"><strong>Avigilon Alta<\/strong><\/span> and <span style=\"color: #0d70bc\"><strong>Avigilon Unity<\/strong><\/span>.<\/p><p><!-- notionvc: 98f93f54-2828-4f6e-bef1-d346050210c7 --><\/p>\t\t\t\t\t\t\t\t<\/div>\n\t\t\t\t<\/div>\n\t\t\t\t<div class=\"elementor-element elementor-element-c5fbd5f elementor-widget elementor-widget-video\" data-id=\"c5fbd5f\" data-element_type=\"widget\" data-e-type=\"widget\" data-settings=\"{&quot;youtube_url&quot;:&quot;https:\\\/\\\/www.youtube.com\\\/watch?v=_4OWxx9RTPw&quot;,&quot;video_type&quot;:&quot;youtube&quot;,&quot;controls&quot;:&quot;yes&quot;}\" data-widget_type=\"video.default\">\n\t\t\t\t<div class=\"elementor-widget-container\">\n\t\t\t\t\t\t\t<div class=\"elementor-wrapper elementor-open-inline\">\n\t\t\t<div class=\"elementor-video\"><\/div>\t\t<\/div>\n\t\t\t\t\t\t<\/div>\n\t\t\t\t<\/div>\n\t\t\t\t\t<\/div>\n\t\t<\/div>\n\t\t\t\t\t<\/div>\n\t\t<\/section>\n\t\t\t\t<section class=\"elementor-section elementor-top-section elementor-element elementor-element-fb671d0 elementor-section-boxed elementor-section-height-default elementor-section-height-default\" data-id=\"fb671d0\" data-element_type=\"section\" data-e-type=\"section\">\n\t\t\t\t\t\t<div class=\"elementor-container elementor-column-gap-default\">\n\t\t\t\t\t<div class=\"elementor-column elementor-col-100 elementor-top-column elementor-element elementor-element-06a73d7\" data-id=\"06a73d7\" data-element_type=\"column\" data-e-type=\"column\">\n\t\t\t<div class=\"elementor-widget-wrap elementor-element-populated\">\n\t\t\t\t\t\t<div class=\"elementor-element elementor-element-0bc457f elementor-widget elementor-widget-heading\" data-id=\"0bc457f\" data-element_type=\"widget\" data-e-type=\"widget\" data-widget_type=\"heading.default\">\n\t\t\t\t<div class=\"elementor-widget-container\">\n\t\t\t\t\t<h3 class=\"elementor-heading-title elementor-size-default\">Avigilon Alta: Cloud-native, flexible and scalable<\/h3>\t\t\t\t<\/div>\n\t\t\t\t<\/div>\n\t\t\t\t<div class=\"elementor-element elementor-element-fc1bcac elementor-widget elementor-widget-text-editor\" data-id=\"fc1bcac\" data-element_type=\"widget\" data-e-type=\"widget\" data-widget_type=\"text-editor.default\">\n\t\t\t\t<div class=\"elementor-widget-container\">\n\t\t\t\t\t\t\t\t\t<p>Avigilon Alta is a fully cloud-native platform designed for modern companies that require flexibility, scalability and remote accessibility. With Alta, you can manage video security and access control from anywhere in the world via an intuitive web interface or mobile application.<\/p><h3><span style=\"color: #0d70bc;\">The main features include:<\/span><\/h3><ul><li><strong>Cloud-managed security<\/strong>: No on-site servers are needed, reducing hardware costs and the complexity of systems.<\/li><li><strong>Unlimited scalability<\/strong>: Ideal for companies with multiple locations or those hoping to expand, Alta can be easily scaled as your organization grows.<\/li><li><strong>Remote Management<\/strong>: Monitor and control your security infrastructure from any location, ensuring peace of mind even when you're off-site.<\/li><\/ul><p>This solution is perfect for organizations that prioritize ease of implementation and management across distant locations, such as distribution chains, educational institutions and other companies with multiple establishments.<\/p><p><!-- notionvc: 2f993004-c52a-4e1a-9d4d-ac72025cdd1e --><\/p>\t\t\t\t\t\t\t\t<\/div>\n\t\t\t\t<\/div>\n\t\t\t\t\t<\/div>\n\t\t<\/div>\n\t\t\t\t\t<\/div>\n\t\t<\/section>\n\t\t\t\t<section class=\"elementor-section elementor-top-section elementor-element elementor-element-b447bf4 elementor-section-boxed elementor-section-height-default elementor-section-height-default\" data-id=\"b447bf4\" data-element_type=\"section\" data-e-type=\"section\">\n\t\t\t\t\t\t<div class=\"elementor-container elementor-column-gap-default\">\n\t\t\t\t\t<div class=\"elementor-column elementor-col-100 elementor-top-column elementor-element elementor-element-01abe4f\" data-id=\"01abe4f\" data-element_type=\"column\" data-e-type=\"column\">\n\t\t\t<div class=\"elementor-widget-wrap elementor-element-populated\">\n\t\t\t\t\t\t<div class=\"elementor-element elementor-element-590eebf elementor-widget elementor-widget-heading\" data-id=\"590eebf\" data-element_type=\"widget\" data-e-type=\"widget\" data-widget_type=\"heading.default\">\n\t\t\t\t<div class=\"elementor-widget-container\">\n\t\t\t\t\t<h3 class=\"elementor-heading-title elementor-size-default\">Avigilon Unity: On-site capacity with greater control <\/h3>\t\t\t\t<\/div>\n\t\t\t\t<\/div>\n\t\t\t\t<div class=\"elementor-element elementor-element-0185211 elementor-widget elementor-widget-text-editor\" data-id=\"0185211\" data-element_type=\"widget\" data-e-type=\"widget\" data-widget_type=\"text-editor.default\">\n\t\t\t\t<div class=\"elementor-widget-container\">\n\t\t\t\t\t\t\t\t\t<p>Avigilon Unity provides a robust on-site security solution, giving you complete control over your video surveillance and access control systems. Designed for environments where security is paramount and external access is limited, Unity offers the power and flexibility needed to manage complex security requirements.<\/p><h3><span style=\"color: #0d70bc;\">The main features include:<\/span><\/h3><ul><li><strong>On-site security<\/strong>: Total control over data storage and system management, important for industries with strict compliance requirements.<\/li><li><strong>Advanced video analytics<\/strong>: Unity's sophisticated analytics help detect and respond to potential security threats in real time, improving situational awareness.<\/li><li><strong>Customizable integration<\/strong>: Unity supports extensive customization, allowing it to be adapted to the specific needs of sectors ranging from government facilities to financial institutions.<\/li><li><strong>High reliability<\/strong>: With a focus on uptime and security, Unity ensures that your critical systems remain up and running even in the harshest conditions.<\/li><li><strong>Safety Reimagined<\/strong>: Alarm communication can be integrated with a Motorola Solutions communication network via <a href=\"https:\/\/aresources.pt\/en\/safety-reimagined\/\">Safety Reimagined<\/a>.<\/li><\/ul><p>Unity is the ideal solution for organizations where data security, compliance and high security requirements are paramount. It can also be integrated with radio systems via its platform: <a href=\"https:\/\/www.motorolasolutions.com\/en_us\/solutions\/safety-ecosystem\/orchestrate.html\">Orchestrate<\/a>.<\/p><p><!-- notionvc: b252bfd7-7188-4e0f-9eb0-6d7fbc62a095 --><\/p><p><!-- notionvc: 2f993004-c52a-4e1a-9d4d-ac72025cdd1e --><\/p>\t\t\t\t\t\t\t\t<\/div>\n\t\t\t\t<\/div>\n\t\t\t\t\t<\/div>\n\t\t<\/div>\n\t\t\t\t\t<\/div>\n\t\t<\/section>\n\t\t\t\t<\/div>","protected":false},"excerpt":{"rendered":"<p>Sistemas Avigilon V\u00eddeo Vigil\u00e2ncia e Controlo de Acessos A Avigilon, parte da Motorola Solutions, \u00e9 conhecida mundialmente pelas suas solu\u00e7\u00f5es de seguran\u00e7a de ponta que integram tecnologia anal\u00edtica de v\u00eddeo avan\u00e7ada, sistemas baseados em nuvem e infraestrutura escal\u00e1vel. Como parceiro de confian\u00e7a, oferecemos duas plataformas distintas adaptadas \u00e0s diferentes necessidades de seguran\u00e7a: Avigilon Alta e [&hellip;]<\/p>\n","protected":false},"author":2,"featured_media":0,"parent":1094,"menu_order":0,"comment_status":"closed","ping_status":"closed","template":"","meta":{"_monsterinsights_skip_tracking":false,"_monsterinsights_sitenote_active":false,"_monsterinsights_sitenote_note":"","_monsterinsights_sitenote_category":0,"ocean_post_layout":"full-screen","ocean_both_sidebars_style":"","ocean_both_sidebars_content_width":0,"ocean_both_sidebars_sidebars_width":0,"ocean_sidebar":"0","ocean_second_sidebar":"0","ocean_disable_margins":"enable","ocean_add_body_class":"","ocean_shortcode_before_top_bar":"","ocean_shortcode_after_top_bar":"","ocean_shortcode_before_header":"","ocean_shortcode_after_header":"","ocean_has_shortcode":"","ocean_shortcode_after_title":"","ocean_shortcode_before_footer_widgets":"","ocean_shortcode_after_footer_widgets":"","ocean_shortcode_before_footer_bottom":"","ocean_shortcode_after_footer_bottom":"","ocean_display_top_bar":"default","ocean_display_header":"default","ocean_header_style":"","ocean_center_header_left_menu":"0","ocean_custom_header_template":"0","ocean_custom_logo":0,"ocean_custom_retina_logo":0,"ocean_custom_logo_max_width":0,"ocean_custom_logo_tablet_max_width":0,"ocean_custom_logo_mobile_max_width":0,"ocean_custom_logo_max_height":0,"ocean_custom_logo_tablet_max_height":0,"ocean_custom_logo_mobile_max_height":0,"ocean_header_custom_menu":"0","ocean_menu_typo_font_family":"0","ocean_menu_typo_font_subset":"","ocean_menu_typo_font_size":0,"ocean_menu_typo_font_size_tablet":0,"ocean_menu_typo_font_size_mobile":0,"ocean_menu_typo_font_size_unit":"px","ocean_menu_typo_font_weight":"","ocean_menu_typo_font_weight_tablet":"","ocean_menu_typo_font_weight_mobile":"","ocean_menu_typo_transform":"","ocean_menu_typo_transform_tablet":"","ocean_menu_typo_transform_mobile":"","ocean_menu_typo_line_height":0,"ocean_menu_typo_line_height_tablet":0,"ocean_menu_typo_line_height_mobile":0,"ocean_menu_typo_line_height_unit":"","ocean_menu_typo_spacing":0,"ocean_menu_typo_spacing_tablet":0,"ocean_menu_typo_spacing_mobile":0,"ocean_menu_typo_spacing_unit":"","ocean_menu_link_color":"","ocean_menu_link_color_hover":"","ocean_menu_link_color_active":"","ocean_menu_link_background":"","ocean_menu_link_hover_background":"","ocean_menu_link_active_background":"","ocean_menu_social_links_bg":"","ocean_menu_social_hover_links_bg":"","ocean_menu_social_links_color":"","ocean_menu_social_hover_links_color":"","ocean_disable_title":"on","ocean_disable_heading":"default","ocean_post_title":"","ocean_post_subheading":"","ocean_post_title_style":"","ocean_post_title_background_color":"","ocean_post_title_background":0,"ocean_post_title_bg_image_position":"","ocean_post_title_bg_image_attachment":"","ocean_post_title_bg_image_repeat":"","ocean_post_title_bg_image_size":"","ocean_post_title_height":0,"ocean_post_title_bg_overlay":0.5,"ocean_post_title_bg_overlay_color":"","ocean_disable_breadcrumbs":"off","ocean_breadcrumbs_color":"","ocean_breadcrumbs_separator_color":"","ocean_breadcrumbs_links_color":"","ocean_breadcrumbs_links_hover_color":"","ocean_display_footer_widgets":"off","ocean_display_footer_bottom":"off","ocean_custom_footer_template":"0","footnotes":""},"class_list":["post-3247","page","type-page","status-publish","hentry","entry"],"yoast_head":"<!-- This site is optimized with the Yoast SEO plugin v27.4 - https:\/\/yoast.com\/product\/yoast-seo-wordpress\/ -->\n<title>Sistemas CCTV Avigilon - Motorola Solutions &#8226; Advanced Resources<\/title>\n<meta name=\"description\" content=\"Conhe\u00e7a a Avigilon - Motorola Solutions, l\u00edder do setor, com solu\u00e7\u00f5es integradas de video vigil\u00e2ncia, controle de acessos e comunica\u00e7\u00f5es cr\u00edticas.\" \/>\n<meta name=\"robots\" content=\"index, follow, max-snippet:-1, max-image-preview:large, max-video-preview:-1\" \/>\n<link rel=\"canonical\" href=\"https:\/\/aresources.pt\/en\/destaques\/sistemas-avigilon\/\" \/>\n<meta property=\"og:locale\" content=\"en_US\" \/>\n<meta property=\"og:type\" content=\"article\" \/>\n<meta property=\"og:title\" content=\"Sistemas CCTV Avigilon - Motorola Solutions &#8226; Advanced Resources\" \/>\n<meta property=\"og:description\" content=\"Conhe\u00e7a a Avigilon - Motorola Solutions, l\u00edder do setor, com solu\u00e7\u00f5es integradas de video vigil\u00e2ncia, controle de acessos e comunica\u00e7\u00f5es cr\u00edticas.\" \/>\n<meta property=\"og:url\" content=\"https:\/\/aresources.pt\/en\/destaques\/sistemas-avigilon\/\" \/>\n<meta property=\"og:site_name\" content=\"Advanced Resources\" \/>\n<meta property=\"article:publisher\" content=\"https:\/\/www.facebook.com\/aresources.pt\" \/>\n<meta property=\"article:modified_time\" content=\"2024-09-02T16:27:29+00:00\" \/>\n<meta property=\"og:image\" content=\"https:\/\/aresources.pt\/wp-content\/uploads\/2024\/08\/wide-fisheye-avigilon-cctv.jpeg\" \/>\n<meta name=\"twitter:card\" content=\"summary_large_image\" \/>\n<meta name=\"twitter:label1\" content=\"Est. reading time\" \/>\n\t<meta name=\"twitter:data1\" content=\"3 minutes\" \/>\n<script type=\"application\/ld+json\" class=\"yoast-schema-graph\">{\"@context\":\"https:\\\/\\\/schema.org\",\"@graph\":[{\"@type\":\"WebPage\",\"@id\":\"https:\\\/\\\/aresources.pt\\\/destaques\\\/sistemas-avigilon\\\/\",\"url\":\"https:\\\/\\\/aresources.pt\\\/destaques\\\/sistemas-avigilon\\\/\",\"name\":\"Sistemas CCTV Avigilon - Motorola Solutions &#8226; Advanced Resources\",\"isPartOf\":{\"@id\":\"https:\\\/\\\/aresources.pt\\\/#website\"},\"primaryImageOfPage\":{\"@id\":\"https:\\\/\\\/aresources.pt\\\/destaques\\\/sistemas-avigilon\\\/#primaryimage\"},\"image\":{\"@id\":\"https:\\\/\\\/aresources.pt\\\/destaques\\\/sistemas-avigilon\\\/#primaryimage\"},\"thumbnailUrl\":\"https:\\\/\\\/aresources.pt\\\/wp-content\\\/uploads\\\/2024\\\/08\\\/wide-fisheye-avigilon-cctv.jpeg\",\"datePublished\":\"2019-05-27T15:52:25+00:00\",\"dateModified\":\"2024-09-02T16:27:29+00:00\",\"description\":\"Conhe\u00e7a a Avigilon - Motorola Solutions, l\u00edder do setor, com solu\u00e7\u00f5es integradas de video vigil\u00e2ncia, controle de acessos e comunica\u00e7\u00f5es cr\u00edticas.\",\"breadcrumb\":{\"@id\":\"https:\\\/\\\/aresources.pt\\\/destaques\\\/sistemas-avigilon\\\/#breadcrumb\"},\"inLanguage\":\"en-US\",\"potentialAction\":[{\"@type\":\"ReadAction\",\"target\":[\"https:\\\/\\\/aresources.pt\\\/destaques\\\/sistemas-avigilon\\\/\"]}]},{\"@type\":\"ImageObject\",\"inLanguage\":\"en-US\",\"@id\":\"https:\\\/\\\/aresources.pt\\\/destaques\\\/sistemas-avigilon\\\/#primaryimage\",\"url\":\"https:\\\/\\\/aresources.pt\\\/wp-content\\\/uploads\\\/2024\\\/08\\\/wide-fisheye-avigilon-cctv.jpeg\",\"contentUrl\":\"https:\\\/\\\/aresources.pt\\\/wp-content\\\/uploads\\\/2024\\\/08\\\/wide-fisheye-avigilon-cctv.jpeg\"},{\"@type\":\"BreadcrumbList\",\"@id\":\"https:\\\/\\\/aresources.pt\\\/destaques\\\/sistemas-avigilon\\\/#breadcrumb\",\"itemListElement\":[{\"@type\":\"ListItem\",\"position\":1,\"name\":\"Home\",\"item\":\"https:\\\/\\\/aresources.pt\\\/\"},{\"@type\":\"ListItem\",\"position\":2,\"name\":\"Destaques\",\"item\":\"https:\\\/\\\/aresources.pt\\\/destaques\\\/\"},{\"@type\":\"ListItem\",\"position\":3,\"name\":\"Sistemas CCTV Avigilon\"}]},{\"@type\":\"WebSite\",\"@id\":\"https:\\\/\\\/aresources.pt\\\/#website\",\"url\":\"https:\\\/\\\/aresources.pt\\\/\",\"name\":\"Advanced Resources\",\"description\":\"Telecomunica\u00e7\u00f5es e Seguran\u00e7a\",\"publisher\":{\"@id\":\"https:\\\/\\\/aresources.pt\\\/#organization\"},\"potentialAction\":[{\"@type\":\"SearchAction\",\"target\":{\"@type\":\"EntryPoint\",\"urlTemplate\":\"https:\\\/\\\/aresources.pt\\\/?s={search_term_string}\"},\"query-input\":{\"@type\":\"PropertyValueSpecification\",\"valueRequired\":true,\"valueName\":\"search_term_string\"}}],\"inLanguage\":\"en-US\"},{\"@type\":\"Organization\",\"@id\":\"https:\\\/\\\/aresources.pt\\\/#organization\",\"name\":\"Advanced Resources\",\"url\":\"https:\\\/\\\/aresources.pt\\\/\",\"logo\":{\"@type\":\"ImageObject\",\"inLanguage\":\"en-US\",\"@id\":\"https:\\\/\\\/aresources.pt\\\/#\\\/schema\\\/logo\\\/image\\\/\",\"url\":\"https:\\\/\\\/aresources.pt\\\/wp-content\\\/uploads\\\/2019\\\/06\\\/cropped-150dpi-14.jpg\",\"contentUrl\":\"https:\\\/\\\/aresources.pt\\\/wp-content\\\/uploads\\\/2019\\\/06\\\/cropped-150dpi-14.jpg\",\"width\":436,\"height\":100,\"caption\":\"Advanced Resources\"},\"image\":{\"@id\":\"https:\\\/\\\/aresources.pt\\\/#\\\/schema\\\/logo\\\/image\\\/\"},\"sameAs\":[\"https:\\\/\\\/www.facebook.com\\\/aresources.pt\"]}]}<\/script>\n<!-- \/ Yoast SEO plugin. -->","yoast_head_json":{"title":"Sistemas CCTV Avigilon - Motorola Solutions &#8226; Advanced Resources","description":"Conhe\u00e7a a Avigilon - Motorola Solutions, l\u00edder do setor, com solu\u00e7\u00f5es integradas de video vigil\u00e2ncia, controle de acessos e comunica\u00e7\u00f5es cr\u00edticas.","robots":{"index":"index","follow":"follow","max-snippet":"max-snippet:-1","max-image-preview":"max-image-preview:large","max-video-preview":"max-video-preview:-1"},"canonical":"https:\/\/aresources.pt\/en\/destaques\/sistemas-avigilon\/","og_locale":"en_US","og_type":"article","og_title":"Sistemas CCTV Avigilon - Motorola Solutions &#8226; Advanced Resources","og_description":"Conhe\u00e7a a Avigilon - Motorola Solutions, l\u00edder do setor, com solu\u00e7\u00f5es integradas de video vigil\u00e2ncia, controle de acessos e comunica\u00e7\u00f5es cr\u00edticas.","og_url":"https:\/\/aresources.pt\/en\/destaques\/sistemas-avigilon\/","og_site_name":"Advanced Resources","article_publisher":"https:\/\/www.facebook.com\/aresources.pt","article_modified_time":"2024-09-02T16:27:29+00:00","og_image":[{"url":"https:\/\/aresources.pt\/wp-content\/uploads\/2024\/08\/wide-fisheye-avigilon-cctv.jpeg","type":"","width":"","height":""}],"twitter_card":"summary_large_image","twitter_misc":{"Est. reading time":"3 minutes"},"schema":{"@context":"https:\/\/schema.org","@graph":[{"@type":"WebPage","@id":"https:\/\/aresources.pt\/destaques\/sistemas-avigilon\/","url":"https:\/\/aresources.pt\/destaques\/sistemas-avigilon\/","name":"Sistemas CCTV Avigilon - Motorola Solutions &#8226; Advanced Resources","isPartOf":{"@id":"https:\/\/aresources.pt\/#website"},"primaryImageOfPage":{"@id":"https:\/\/aresources.pt\/destaques\/sistemas-avigilon\/#primaryimage"},"image":{"@id":"https:\/\/aresources.pt\/destaques\/sistemas-avigilon\/#primaryimage"},"thumbnailUrl":"https:\/\/aresources.pt\/wp-content\/uploads\/2024\/08\/wide-fisheye-avigilon-cctv.jpeg","datePublished":"2019-05-27T15:52:25+00:00","dateModified":"2024-09-02T16:27:29+00:00","description":"Conhe\u00e7a a Avigilon - Motorola Solutions, l\u00edder do setor, com solu\u00e7\u00f5es integradas de video vigil\u00e2ncia, controle de acessos e comunica\u00e7\u00f5es cr\u00edticas.","breadcrumb":{"@id":"https:\/\/aresources.pt\/destaques\/sistemas-avigilon\/#breadcrumb"},"inLanguage":"en-US","potentialAction":[{"@type":"ReadAction","target":["https:\/\/aresources.pt\/destaques\/sistemas-avigilon\/"]}]},{"@type":"ImageObject","inLanguage":"en-US","@id":"https:\/\/aresources.pt\/destaques\/sistemas-avigilon\/#primaryimage","url":"https:\/\/aresources.pt\/wp-content\/uploads\/2024\/08\/wide-fisheye-avigilon-cctv.jpeg","contentUrl":"https:\/\/aresources.pt\/wp-content\/uploads\/2024\/08\/wide-fisheye-avigilon-cctv.jpeg"},{"@type":"BreadcrumbList","@id":"https:\/\/aresources.pt\/destaques\/sistemas-avigilon\/#breadcrumb","itemListElement":[{"@type":"ListItem","position":1,"name":"Home","item":"https:\/\/aresources.pt\/"},{"@type":"ListItem","position":2,"name":"Destaques","item":"https:\/\/aresources.pt\/destaques\/"},{"@type":"ListItem","position":3,"name":"Sistemas CCTV Avigilon"}]},{"@type":"WebSite","@id":"https:\/\/aresources.pt\/#website","url":"https:\/\/aresources.pt\/","name":"Advanced Resources","description":"Telecomunica\u00e7\u00f5es e Seguran\u00e7a","publisher":{"@id":"https:\/\/aresources.pt\/#organization"},"potentialAction":[{"@type":"SearchAction","target":{"@type":"EntryPoint","urlTemplate":"https:\/\/aresources.pt\/?s={search_term_string}"},"query-input":{"@type":"PropertyValueSpecification","valueRequired":true,"valueName":"search_term_string"}}],"inLanguage":"en-US"},{"@type":"Organization","@id":"https:\/\/aresources.pt\/#organization","name":"Advanced Resources","url":"https:\/\/aresources.pt\/","logo":{"@type":"ImageObject","inLanguage":"en-US","@id":"https:\/\/aresources.pt\/#\/schema\/logo\/image\/","url":"https:\/\/aresources.pt\/wp-content\/uploads\/2019\/06\/cropped-150dpi-14.jpg","contentUrl":"https:\/\/aresources.pt\/wp-content\/uploads\/2019\/06\/cropped-150dpi-14.jpg","width":436,"height":100,"caption":"Advanced Resources"},"image":{"@id":"https:\/\/aresources.pt\/#\/schema\/logo\/image\/"},"sameAs":["https:\/\/www.facebook.com\/aresources.pt"]}]}},"_links":{"self":[{"href":"https:\/\/aresources.pt\/en\/wp-json\/wp\/v2\/pages\/3247","targetHints":{"allow":["GET"]}}],"collection":[{"href":"https:\/\/aresources.pt\/en\/wp-json\/wp\/v2\/pages"}],"about":[{"href":"https:\/\/aresources.pt\/en\/wp-json\/wp\/v2\/types\/page"}],"author":[{"embeddable":true,"href":"https:\/\/aresources.pt\/en\/wp-json\/wp\/v2\/users\/2"}],"replies":[{"embeddable":true,"href":"https:\/\/aresources.pt\/en\/wp-json\/wp\/v2\/comments?post=3247"}],"version-history":[{"count":55,"href":"https:\/\/aresources.pt\/en\/wp-json\/wp\/v2\/pages\/3247\/revisions"}],"predecessor-version":[{"id":9944,"href":"https:\/\/aresources.pt\/en\/wp-json\/wp\/v2\/pages\/3247\/revisions\/9944"}],"up":[{"embeddable":true,"href":"https:\/\/aresources.pt\/en\/wp-json\/wp\/v2\/pages\/1094"}],"wp:attachment":[{"href":"https:\/\/aresources.pt\/en\/wp-json\/wp\/v2\/media?parent=3247"}],"curies":[{"name":"wp","href":"https:\/\/api.w.org\/{rel}","templated":true}]}}