{"id":1286,"date":"2018-07-26T10:54:12","date_gmt":"2018-07-26T10:54:12","guid":{"rendered":"https:\/\/aresources.pt\/?page_id=1286"},"modified":"2023-03-20T12:12:09","modified_gmt":"2023-03-20T11:12:09","slug":"funcionalidades-dos-radios-digitais","status":"publish","type":"page","link":"https:\/\/aresources.pt\/en\/destaques\/funcionalidades-dos-radios-digitais\/","title":{"rendered":"Digital Radios Features page"},"content":{"rendered":"<div data-elementor-type=\"wp-page\" data-elementor-id=\"1286\" class=\"elementor elementor-1286\">\n\t\t\t\t\t\t<section class=\"elementor-section elementor-top-section elementor-element elementor-element-f1b2014 elementor-section-full_width elementor-section-height-default elementor-section-height-default\" data-id=\"f1b2014\" data-element_type=\"section\" data-e-type=\"section\">\n\t\t\t\t\t\t<div class=\"elementor-container elementor-column-gap-default\">\n\t\t\t\t\t<div class=\"elementor-column elementor-col-100 elementor-top-column elementor-element elementor-element-2ae65c8\" data-id=\"2ae65c8\" data-element_type=\"column\" data-e-type=\"column\">\n\t\t\t<div class=\"elementor-widget-wrap elementor-element-populated\">\n\t\t\t\t\t\t<div class=\"elementor-element elementor-element-c6ba352 elementor-widget elementor-widget-image\" data-id=\"c6ba352\" data-element_type=\"widget\" data-e-type=\"widget\" data-widget_type=\"image.default\">\n\t\t\t\t<div class=\"elementor-widget-container\">\n\t\t\t\t\t\t\t\t\t\t\t\t\t\t\t<img fetchpriority=\"high\" decoding=\"async\" width=\"1920\" height=\"409\" src=\"https:\/\/aresources.pt\/wp-content\/uploads\/2018\/10\/radios_digitais_compressed.jpg\" class=\"attachment-full size-full wp-image-2059\" alt=\"R\u00e1dios Digitais Motorola\" \/>\t\t\t\t\t\t\t\t\t\t\t\t\t\t\t<\/div>\n\t\t\t\t<\/div>\n\t\t\t\t\t<\/div>\n\t\t<\/div>\n\t\t\t\t\t<\/div>\n\t\t<\/section>\n\t\t\t\t<section class=\"elementor-section elementor-top-section elementor-element elementor-element-7e745f7 elementor-section-boxed elementor-section-height-default elementor-section-height-default\" data-id=\"7e745f7\" data-element_type=\"section\" data-e-type=\"section\">\n\t\t\t\t\t\t<div class=\"elementor-container elementor-column-gap-default\">\n\t\t\t\t\t<div class=\"elementor-column elementor-col-100 elementor-top-column elementor-element elementor-element-b67fb85\" data-id=\"b67fb85\" data-element_type=\"column\" data-e-type=\"column\">\n\t\t\t<div class=\"elementor-widget-wrap elementor-element-populated\">\n\t\t\t\t\t\t<div class=\"elementor-element elementor-element-5dc9bfd elementor-widget elementor-widget-heading\" data-id=\"5dc9bfd\" data-element_type=\"widget\" data-e-type=\"widget\" data-widget_type=\"heading.default\">\n\t\t\t\t<div class=\"elementor-widget-container\">\n\t\t\t\t\t<h1 class=\"elementor-heading-title elementor-size-default\">Digital Radios Features page<\/h1>\t\t\t\t<\/div>\n\t\t\t\t<\/div>\n\t\t\t\t<div class=\"elementor-element elementor-element-0a8bd2b elementor-widget elementor-widget-text-editor\" data-id=\"0a8bd2b\" data-element_type=\"widget\" data-e-type=\"widget\" data-widget_type=\"text-editor.default\">\n\t\t\t\t<div class=\"elementor-widget-container\">\n\t\t\t\t\t\t\t\t\t<p>Motorola's MOTOTRBO range of digital radios has enhanced the features that have been developed over the years for analog systems, and leverages a range of new applications. Among the features of the digital radios are the following:<\/p><ul><li>Individual, group or general calls: Each radio has a unique identifier in the network, facilitating the recognition of each terminal and the creation of groups.<\/li><li>Alert Calls: Notification by sound or vibration;<\/li><li>Emergency Calls: Places the radio in emission for a period of time, independently from the PTT, and notifies the base and the other terminals of its identification;<\/li><li>Deactivation of a terminal: Allows the deactivation of a terminal with abnormal operation;<\/li><li>Remote Verification: Verification of the operating status of a terminal;<\/li><li>Dead Man: Using an accelerometer, makes an emergency call based on the position of the equipment. Useful for operations in high risk areas, to identify loss of direction situations;<\/li><li>Channel Search: Search (scan) for active channel, from a list of channels.<\/li><\/ul><p>The presented functionalities were implementable in analog radios, in a rudimentary way.<\/p><p>The insertion of data with digitized audio made the implementation of these functionalities easier and opened a world of new applications. The TRBOnet system encompasses a large number of functionalities, discussed in the <a href=\"http:\/\/aresources.pt\/en\/destaques\/centrais-de-despacho-trbonet\/\">Radio Dispatch Solutions<\/a>.<\/p>\t\t\t\t\t\t\t\t<\/div>\n\t\t\t\t<\/div>\n\t\t\t\t\t<\/div>\n\t\t<\/div>\n\t\t\t\t\t<\/div>\n\t\t<\/section>\n\t\t\t\t<\/div>","protected":false},"excerpt":{"rendered":"<p>Funcionalidades dos R\u00e1dios Digitais A gama de r\u00e1dios digitais da Motorola, MOTOTRBO, melhorou as funcionalidades que foram desenvolvidas ao longo dos anos para os sistemas anal\u00f3gicos, e vem potenciar um conjunto de novas aplica\u00e7\u00f5es. Entre as funcionalidades dos r\u00e1dios digitais, destacam-se as seguintes: Chamadas individuais, de grupo ou gerais: Cada r\u00e1dio tem um identificador \u00fanico [&hellip;]<\/p>\n","protected":false},"author":2,"featured_media":0,"parent":1094,"menu_order":0,"comment_status":"closed","ping_status":"closed","template":"","meta":{"_monsterinsights_skip_tracking":false,"_monsterinsights_sitenote_active":false,"_monsterinsights_sitenote_note":"","_monsterinsights_sitenote_category":0,"ocean_post_layout":"full-screen","ocean_both_sidebars_style":"","ocean_both_sidebars_content_width":0,"ocean_both_sidebars_sidebars_width":0,"ocean_sidebar":"0","ocean_second_sidebar":"0","ocean_disable_margins":"enable","ocean_add_body_class":"","ocean_shortcode_before_top_bar":"","ocean_shortcode_after_top_bar":"","ocean_shortcode_before_header":"","ocean_shortcode_after_header":"","ocean_has_shortcode":"","ocean_shortcode_after_title":"","ocean_shortcode_before_footer_widgets":"","ocean_shortcode_after_footer_widgets":"","ocean_shortcode_before_footer_bottom":"","ocean_shortcode_after_footer_bottom":"","ocean_display_top_bar":"default","ocean_display_header":"default","ocean_header_style":"","ocean_center_header_left_menu":"0","ocean_custom_header_template":"0","ocean_custom_logo":0,"ocean_custom_retina_logo":0,"ocean_custom_logo_max_width":0,"ocean_custom_logo_tablet_max_width":0,"ocean_custom_logo_mobile_max_width":0,"ocean_custom_logo_max_height":0,"ocean_custom_logo_tablet_max_height":0,"ocean_custom_logo_mobile_max_height":0,"ocean_header_custom_menu":"0","ocean_menu_typo_font_family":"0","ocean_menu_typo_font_subset":"","ocean_menu_typo_font_size":0,"ocean_menu_typo_font_size_tablet":0,"ocean_menu_typo_font_size_mobile":0,"ocean_menu_typo_font_size_unit":"px","ocean_menu_typo_font_weight":"","ocean_menu_typo_font_weight_tablet":"","ocean_menu_typo_font_weight_mobile":"","ocean_menu_typo_transform":"","ocean_menu_typo_transform_tablet":"","ocean_menu_typo_transform_mobile":"","ocean_menu_typo_line_height":0,"ocean_menu_typo_line_height_tablet":0,"ocean_menu_typo_line_height_mobile":0,"ocean_menu_typo_line_height_unit":"","ocean_menu_typo_spacing":0,"ocean_menu_typo_spacing_tablet":0,"ocean_menu_typo_spacing_mobile":0,"ocean_menu_typo_spacing_unit":"","ocean_menu_link_color":"","ocean_menu_link_color_hover":"","ocean_menu_link_color_active":"","ocean_menu_link_background":"","ocean_menu_link_hover_background":"","ocean_menu_link_active_background":"","ocean_menu_social_links_bg":"","ocean_menu_social_hover_links_bg":"","ocean_menu_social_links_color":"","ocean_menu_social_hover_links_color":"","ocean_disable_title":"on","ocean_disable_heading":"default","ocean_post_title":"","ocean_post_subheading":"","ocean_post_title_style":"","ocean_post_title_background_color":"","ocean_post_title_background":0,"ocean_post_title_bg_image_position":"","ocean_post_title_bg_image_attachment":"","ocean_post_title_bg_image_repeat":"","ocean_post_title_bg_image_size":"","ocean_post_title_height":0,"ocean_post_title_bg_overlay":0.5,"ocean_post_title_bg_overlay_color":"","ocean_disable_breadcrumbs":"default","ocean_breadcrumbs_color":"","ocean_breadcrumbs_separator_color":"","ocean_breadcrumbs_links_color":"","ocean_breadcrumbs_links_hover_color":"","ocean_display_footer_widgets":"off","ocean_display_footer_bottom":"off","ocean_custom_footer_template":"0","footnotes":""},"class_list":["post-1286","page","type-page","status-publish","hentry","entry"],"yoast_head":"<!-- This site is optimized with the Yoast SEO plugin v27.4 - https:\/\/yoast.com\/product\/yoast-seo-wordpress\/ -->\n<title>Funcionalidades dos R\u00e1dios Digitais &#8226; Advanced Resources<\/title>\n<meta name=\"description\" content=\"Apresenta\u00e7\u00e3o das funcionalidades dos r\u00e1dios digitais, em compara\u00e7\u00e3o com as potencialidades da tecnologia anal\u00f3gica, no ramo dos r\u00e1dios profissionais.\" \/>\n<meta name=\"robots\" content=\"index, follow, max-snippet:-1, max-image-preview:large, max-video-preview:-1\" \/>\n<link rel=\"canonical\" href=\"https:\/\/aresources.pt\/en\/destaques\/funcionalidades-dos-radios-digitais\/\" \/>\n<meta property=\"og:locale\" content=\"en_US\" \/>\n<meta property=\"og:type\" content=\"article\" \/>\n<meta property=\"og:title\" content=\"Funcionalidades dos R\u00e1dios Digitais &#8226; Advanced Resources\" \/>\n<meta property=\"og:description\" content=\"Apresenta\u00e7\u00e3o das funcionalidades dos r\u00e1dios digitais, em compara\u00e7\u00e3o com as potencialidades da tecnologia anal\u00f3gica, no ramo dos r\u00e1dios profissionais.\" \/>\n<meta property=\"og:url\" content=\"https:\/\/aresources.pt\/en\/destaques\/funcionalidades-dos-radios-digitais\/\" \/>\n<meta property=\"og:site_name\" content=\"Advanced Resources\" \/>\n<meta property=\"article:publisher\" content=\"https:\/\/www.facebook.com\/aresources.pt\" \/>\n<meta property=\"article:modified_time\" content=\"2023-03-20T11:12:09+00:00\" \/>\n<meta property=\"og:image\" content=\"https:\/\/aresources.pt\/wp-content\/uploads\/2018\/10\/radios_digitais_compressed.jpg\" \/>\n<meta name=\"twitter:card\" content=\"summary_large_image\" \/>\n<meta name=\"twitter:label1\" content=\"Est. reading time\" \/>\n\t<meta name=\"twitter:data1\" content=\"2 minutes\" \/>\n<script type=\"application\/ld+json\" class=\"yoast-schema-graph\">{\"@context\":\"https:\\\/\\\/schema.org\",\"@graph\":[{\"@type\":\"WebPage\",\"@id\":\"https:\\\/\\\/aresources.pt\\\/destaques\\\/funcionalidades-dos-radios-digitais\\\/\",\"url\":\"https:\\\/\\\/aresources.pt\\\/destaques\\\/funcionalidades-dos-radios-digitais\\\/\",\"name\":\"Funcionalidades dos R\u00e1dios Digitais &#8226; Advanced Resources\",\"isPartOf\":{\"@id\":\"https:\\\/\\\/aresources.pt\\\/#website\"},\"primaryImageOfPage\":{\"@id\":\"https:\\\/\\\/aresources.pt\\\/destaques\\\/funcionalidades-dos-radios-digitais\\\/#primaryimage\"},\"image\":{\"@id\":\"https:\\\/\\\/aresources.pt\\\/destaques\\\/funcionalidades-dos-radios-digitais\\\/#primaryimage\"},\"thumbnailUrl\":\"https:\\\/\\\/aresources.pt\\\/wp-content\\\/uploads\\\/2018\\\/10\\\/radios_digitais_compressed.jpg\",\"datePublished\":\"2018-07-26T10:54:12+00:00\",\"dateModified\":\"2023-03-20T11:12:09+00:00\",\"description\":\"Apresenta\u00e7\u00e3o das funcionalidades dos r\u00e1dios digitais, em compara\u00e7\u00e3o com as potencialidades da tecnologia anal\u00f3gica, no ramo dos r\u00e1dios profissionais.\",\"breadcrumb\":{\"@id\":\"https:\\\/\\\/aresources.pt\\\/destaques\\\/funcionalidades-dos-radios-digitais\\\/#breadcrumb\"},\"inLanguage\":\"en-US\",\"potentialAction\":[{\"@type\":\"ReadAction\",\"target\":[\"https:\\\/\\\/aresources.pt\\\/destaques\\\/funcionalidades-dos-radios-digitais\\\/\"]}]},{\"@type\":\"ImageObject\",\"inLanguage\":\"en-US\",\"@id\":\"https:\\\/\\\/aresources.pt\\\/destaques\\\/funcionalidades-dos-radios-digitais\\\/#primaryimage\",\"url\":\"https:\\\/\\\/aresources.pt\\\/wp-content\\\/uploads\\\/2018\\\/10\\\/radios_digitais_compressed.jpg\",\"contentUrl\":\"https:\\\/\\\/aresources.pt\\\/wp-content\\\/uploads\\\/2018\\\/10\\\/radios_digitais_compressed.jpg\"},{\"@type\":\"BreadcrumbList\",\"@id\":\"https:\\\/\\\/aresources.pt\\\/destaques\\\/funcionalidades-dos-radios-digitais\\\/#breadcrumb\",\"itemListElement\":[{\"@type\":\"ListItem\",\"position\":1,\"name\":\"Home\",\"item\":\"https:\\\/\\\/aresources.pt\\\/\"},{\"@type\":\"ListItem\",\"position\":2,\"name\":\"Destaques\",\"item\":\"https:\\\/\\\/aresources.pt\\\/destaques\\\/\"},{\"@type\":\"ListItem\",\"position\":3,\"name\":\"Funcionalidades dos R\u00e1dios Digitais\"}]},{\"@type\":\"WebSite\",\"@id\":\"https:\\\/\\\/aresources.pt\\\/#website\",\"url\":\"https:\\\/\\\/aresources.pt\\\/\",\"name\":\"Advanced Resources\",\"description\":\"Telecomunica\u00e7\u00f5es e Seguran\u00e7a\",\"publisher\":{\"@id\":\"https:\\\/\\\/aresources.pt\\\/#organization\"},\"potentialAction\":[{\"@type\":\"SearchAction\",\"target\":{\"@type\":\"EntryPoint\",\"urlTemplate\":\"https:\\\/\\\/aresources.pt\\\/?s={search_term_string}\"},\"query-input\":{\"@type\":\"PropertyValueSpecification\",\"valueRequired\":true,\"valueName\":\"search_term_string\"}}],\"inLanguage\":\"en-US\"},{\"@type\":\"Organization\",\"@id\":\"https:\\\/\\\/aresources.pt\\\/#organization\",\"name\":\"Advanced Resources\",\"url\":\"https:\\\/\\\/aresources.pt\\\/\",\"logo\":{\"@type\":\"ImageObject\",\"inLanguage\":\"en-US\",\"@id\":\"https:\\\/\\\/aresources.pt\\\/#\\\/schema\\\/logo\\\/image\\\/\",\"url\":\"https:\\\/\\\/aresources.pt\\\/wp-content\\\/uploads\\\/2019\\\/06\\\/cropped-150dpi-14.jpg\",\"contentUrl\":\"https:\\\/\\\/aresources.pt\\\/wp-content\\\/uploads\\\/2019\\\/06\\\/cropped-150dpi-14.jpg\",\"width\":436,\"height\":100,\"caption\":\"Advanced Resources\"},\"image\":{\"@id\":\"https:\\\/\\\/aresources.pt\\\/#\\\/schema\\\/logo\\\/image\\\/\"},\"sameAs\":[\"https:\\\/\\\/www.facebook.com\\\/aresources.pt\"]}]}<\/script>\n<!-- \/ Yoast SEO plugin. -->","yoast_head_json":{"title":"Funcionalidades dos R\u00e1dios Digitais &#8226; Advanced Resources","description":"Apresenta\u00e7\u00e3o das funcionalidades dos r\u00e1dios digitais, em compara\u00e7\u00e3o com as potencialidades da tecnologia anal\u00f3gica, no ramo dos r\u00e1dios profissionais.","robots":{"index":"index","follow":"follow","max-snippet":"max-snippet:-1","max-image-preview":"max-image-preview:large","max-video-preview":"max-video-preview:-1"},"canonical":"https:\/\/aresources.pt\/en\/destaques\/funcionalidades-dos-radios-digitais\/","og_locale":"en_US","og_type":"article","og_title":"Funcionalidades dos R\u00e1dios Digitais &#8226; Advanced Resources","og_description":"Apresenta\u00e7\u00e3o das funcionalidades dos r\u00e1dios digitais, em compara\u00e7\u00e3o com as potencialidades da tecnologia anal\u00f3gica, no ramo dos r\u00e1dios profissionais.","og_url":"https:\/\/aresources.pt\/en\/destaques\/funcionalidades-dos-radios-digitais\/","og_site_name":"Advanced Resources","article_publisher":"https:\/\/www.facebook.com\/aresources.pt","article_modified_time":"2023-03-20T11:12:09+00:00","og_image":[{"url":"https:\/\/aresources.pt\/wp-content\/uploads\/2018\/10\/radios_digitais_compressed.jpg","type":"","width":"","height":""}],"twitter_card":"summary_large_image","twitter_misc":{"Est. reading time":"2 minutes"},"schema":{"@context":"https:\/\/schema.org","@graph":[{"@type":"WebPage","@id":"https:\/\/aresources.pt\/destaques\/funcionalidades-dos-radios-digitais\/","url":"https:\/\/aresources.pt\/destaques\/funcionalidades-dos-radios-digitais\/","name":"Funcionalidades dos R\u00e1dios Digitais &#8226; Advanced Resources","isPartOf":{"@id":"https:\/\/aresources.pt\/#website"},"primaryImageOfPage":{"@id":"https:\/\/aresources.pt\/destaques\/funcionalidades-dos-radios-digitais\/#primaryimage"},"image":{"@id":"https:\/\/aresources.pt\/destaques\/funcionalidades-dos-radios-digitais\/#primaryimage"},"thumbnailUrl":"https:\/\/aresources.pt\/wp-content\/uploads\/2018\/10\/radios_digitais_compressed.jpg","datePublished":"2018-07-26T10:54:12+00:00","dateModified":"2023-03-20T11:12:09+00:00","description":"Apresenta\u00e7\u00e3o das funcionalidades dos r\u00e1dios digitais, em compara\u00e7\u00e3o com as potencialidades da tecnologia anal\u00f3gica, no ramo dos r\u00e1dios profissionais.","breadcrumb":{"@id":"https:\/\/aresources.pt\/destaques\/funcionalidades-dos-radios-digitais\/#breadcrumb"},"inLanguage":"en-US","potentialAction":[{"@type":"ReadAction","target":["https:\/\/aresources.pt\/destaques\/funcionalidades-dos-radios-digitais\/"]}]},{"@type":"ImageObject","inLanguage":"en-US","@id":"https:\/\/aresources.pt\/destaques\/funcionalidades-dos-radios-digitais\/#primaryimage","url":"https:\/\/aresources.pt\/wp-content\/uploads\/2018\/10\/radios_digitais_compressed.jpg","contentUrl":"https:\/\/aresources.pt\/wp-content\/uploads\/2018\/10\/radios_digitais_compressed.jpg"},{"@type":"BreadcrumbList","@id":"https:\/\/aresources.pt\/destaques\/funcionalidades-dos-radios-digitais\/#breadcrumb","itemListElement":[{"@type":"ListItem","position":1,"name":"Home","item":"https:\/\/aresources.pt\/"},{"@type":"ListItem","position":2,"name":"Destaques","item":"https:\/\/aresources.pt\/destaques\/"},{"@type":"ListItem","position":3,"name":"Funcionalidades dos R\u00e1dios Digitais"}]},{"@type":"WebSite","@id":"https:\/\/aresources.pt\/#website","url":"https:\/\/aresources.pt\/","name":"Advanced Resources","description":"Telecomunica\u00e7\u00f5es e Seguran\u00e7a","publisher":{"@id":"https:\/\/aresources.pt\/#organization"},"potentialAction":[{"@type":"SearchAction","target":{"@type":"EntryPoint","urlTemplate":"https:\/\/aresources.pt\/?s={search_term_string}"},"query-input":{"@type":"PropertyValueSpecification","valueRequired":true,"valueName":"search_term_string"}}],"inLanguage":"en-US"},{"@type":"Organization","@id":"https:\/\/aresources.pt\/#organization","name":"Advanced Resources","url":"https:\/\/aresources.pt\/","logo":{"@type":"ImageObject","inLanguage":"en-US","@id":"https:\/\/aresources.pt\/#\/schema\/logo\/image\/","url":"https:\/\/aresources.pt\/wp-content\/uploads\/2019\/06\/cropped-150dpi-14.jpg","contentUrl":"https:\/\/aresources.pt\/wp-content\/uploads\/2019\/06\/cropped-150dpi-14.jpg","width":436,"height":100,"caption":"Advanced Resources"},"image":{"@id":"https:\/\/aresources.pt\/#\/schema\/logo\/image\/"},"sameAs":["https:\/\/www.facebook.com\/aresources.pt"]}]}},"_links":{"self":[{"href":"https:\/\/aresources.pt\/en\/wp-json\/wp\/v2\/pages\/1286","targetHints":{"allow":["GET"]}}],"collection":[{"href":"https:\/\/aresources.pt\/en\/wp-json\/wp\/v2\/pages"}],"about":[{"href":"https:\/\/aresources.pt\/en\/wp-json\/wp\/v2\/types\/page"}],"author":[{"embeddable":true,"href":"https:\/\/aresources.pt\/en\/wp-json\/wp\/v2\/users\/2"}],"replies":[{"embeddable":true,"href":"https:\/\/aresources.pt\/en\/wp-json\/wp\/v2\/comments?post=1286"}],"version-history":[{"count":36,"href":"https:\/\/aresources.pt\/en\/wp-json\/wp\/v2\/pages\/1286\/revisions"}],"predecessor-version":[{"id":8393,"href":"https:\/\/aresources.pt\/en\/wp-json\/wp\/v2\/pages\/1286\/revisions\/8393"}],"up":[{"embeddable":true,"href":"https:\/\/aresources.pt\/en\/wp-json\/wp\/v2\/pages\/1094"}],"wp:attachment":[{"href":"https:\/\/aresources.pt\/en\/wp-json\/wp\/v2\/media?parent=1286"}],"curies":[{"name":"wp","href":"https:\/\/api.w.org\/{rel}","templated":true}]}}