{"id":1259,"date":"2018-07-25T15:15:51","date_gmt":"2018-07-25T15:15:51","guid":{"rendered":"https:\/\/aresources.pt\/?page_id=1259"},"modified":"2023-03-20T12:06:12","modified_gmt":"2023-03-20T11:06:12","slug":"acs-safir-alcoolimetro-quantitativo","status":"publish","type":"page","link":"https:\/\/aresources.pt\/en\/destaques\/acs-safir-alcoolimetro-quantitativo\/","title":{"rendered":"ACS SA&#8217;FIR"},"content":{"rendered":"<div data-elementor-type=\"wp-page\" data-elementor-id=\"1259\" class=\"elementor elementor-1259\">\n\t\t\t\t\t\t<section class=\"elementor-section elementor-top-section elementor-element elementor-element-ccdab79 elementor-section-full_width elementor-section-height-default elementor-section-height-default\" data-id=\"ccdab79\" data-element_type=\"section\" data-e-type=\"section\">\n\t\t\t\t\t\t<div class=\"elementor-container elementor-column-gap-default\">\n\t\t\t\t\t<div class=\"elementor-column elementor-col-100 elementor-top-column elementor-element elementor-element-575c186\" data-id=\"575c186\" data-element_type=\"column\" data-e-type=\"column\">\n\t\t\t<div class=\"elementor-widget-wrap elementor-element-populated\">\n\t\t\t\t\t\t<div class=\"elementor-element elementor-element-1b42acb elementor-widget elementor-widget-image\" data-id=\"1b42acb\" data-element_type=\"widget\" data-e-type=\"widget\" data-widget_type=\"image.default\">\n\t\t\t\t<div class=\"elementor-widget-container\">\n\t\t\t\t\t\t\t\t\t\t\t\t\t\t\t<img fetchpriority=\"high\" decoding=\"async\" width=\"1918\" height=\"400\" src=\"https:\/\/aresources.pt\/wp-content\/uploads\/2018\/09\/alcoolimetro.jpg\" class=\"attachment-full size-full wp-image-1851\" alt=\"\" srcset=\"https:\/\/aresources.pt\/wp-content\/uploads\/2018\/09\/alcoolimetro.jpg 1918w, https:\/\/aresources.pt\/wp-content\/uploads\/2018\/09\/alcoolimetro-300x63.jpg 300w, https:\/\/aresources.pt\/wp-content\/uploads\/2018\/09\/alcoolimetro-768x160.jpg 768w, https:\/\/aresources.pt\/wp-content\/uploads\/2018\/09\/alcoolimetro-1024x214.jpg 1024w\" sizes=\"(max-width: 1918px) 100vw, 1918px\" \/>\t\t\t\t\t\t\t\t\t\t\t\t\t\t\t<\/div>\n\t\t\t\t<\/div>\n\t\t\t\t\t<\/div>\n\t\t<\/div>\n\t\t\t\t\t<\/div>\n\t\t<\/section>\n\t\t\t\t<section class=\"elementor-section elementor-top-section elementor-element elementor-element-e91d065 elementor-section-boxed elementor-section-height-default elementor-section-height-default\" data-id=\"e91d065\" data-element_type=\"section\" data-e-type=\"section\">\n\t\t\t\t\t\t<div class=\"elementor-container elementor-column-gap-default\">\n\t\t\t\t\t<div class=\"elementor-column elementor-col-100 elementor-top-column elementor-element elementor-element-1c13b0f\" data-id=\"1c13b0f\" data-element_type=\"column\" data-e-type=\"column\">\n\t\t\t<div class=\"elementor-widget-wrap elementor-element-populated\">\n\t\t\t\t\t\t<div class=\"elementor-element elementor-element-59b2f3a elementor-widget elementor-widget-heading\" data-id=\"59b2f3a\" data-element_type=\"widget\" data-e-type=\"widget\" data-widget_type=\"heading.default\">\n\t\t\t\t<div class=\"elementor-widget-container\">\n\t\t\t\t\t<h1 class=\"elementor-heading-title elementor-size-default\">ACS SAF'IR<p>Quantitative Alcoholmeter<\/h1>\t\t\t\t<\/div>\n\t\t\t\t<\/div>\n\t\t\t\t<div class=\"elementor-element elementor-element-ec26c39 elementor-widget elementor-widget-text-editor\" data-id=\"ec26c39\" data-element_type=\"widget\" data-e-type=\"widget\" data-widget_type=\"text-editor.default\">\n\t\t\t\t<div class=\"elementor-widget-container\">\n\t\t\t\t\t\t\t\t\t<p class=\"translation-block\"><a href=\"https:\/\/acs-corp.com\/safir-evolution\" target=\"_self\">SAF\u2019IR\u2122 EVOLUTION<\/a> from ACS is a <strong>quantitative alcoholmeter<\/strong> that guarantees highly accurate results. Using a technology supported on infrared signals, it is possible to quantify the ethanol of each breath sample.<\/p><p>The absorption value is aligned with the alcohol concentration level and is used to calculate the breath alcohol concentration level (BrAC), providing accurate test results. With a user-friendly design, long battery life and a vehicle adapter, the SAF'IR is a worldwide reference evidential breathalyzer.<\/p><p>Each SAF'IR \u2122 EVOLUTION kit comes equipped with a NiMH battery pack, AC charger, DC charger, 5 nozzles, printer, 2 rolls of paper for the printer, AC charger for printer, instruction manual, quick guide and rugged plastic case.<\/p><p>SAF'IR stands out as a practical quality solution with the potential to revolutionize the current landscape of blood alcohol level testing.<\/p><p>ACS, Alcohol Countermeasure Systems Inc., is a group of companies focused on promoting road safety by developing market-leading blood alcohol testing solutions.<\/p><p>In 1970, it began as a research group with the goal of preventing the operation of vehicles by intoxicated users. Today it is headquartered in Canada, with offices in America, Europe, and Asia, and over 500 employees. ACS continues its constant focus on developing innovative solutions, and has an extensive portfolio of quality products.<\/p><p class=\"translation-block\">For other solutions, visit the <a href=\"http:\/\/aresources.pt\/en\/seguranca\/seguranca-rodoviaria\/\" target=\"_self\">Road Safety page<\/a>\u00a0or <a href=\"http:\/\/aresources.pt\/en\/wordpress\/home\/#footer\" target=\"_self\">contact us<\/a>.<\/p>\t\t\t\t\t\t\t\t<\/div>\n\t\t\t\t<\/div>\n\t\t\t\t\t<\/div>\n\t\t<\/div>\n\t\t\t\t\t<\/div>\n\t\t<\/section>\n\t\t\t\t<\/div>","protected":false},"excerpt":{"rendered":"<p>ACS SAF&#8217;IR Alcool\u00edmetro Quantitativo O\u00a0SAF\u2019IR\u2122 EVOLUTION da ACS \u00e9 um alcool\u00edmetro quantitativo que garante resultados de alta precis\u00e3o. Utilizando uma tecnologia suportada em sinais infravermelhos, \u00e9 poss\u00edvel quantificar o etanol de cada amostra de respira\u00e7\u00e3o. O valor de absor\u00e7\u00e3o est\u00e1 alinhado com o n\u00edvel de concentra\u00e7\u00e3o de \u00e1lcool e \u00e9 usado para calcular o n\u00edvel [&hellip;]<\/p>\n","protected":false},"author":2,"featured_media":0,"parent":1094,"menu_order":0,"comment_status":"closed","ping_status":"closed","template":"","meta":{"_monsterinsights_skip_tracking":false,"_monsterinsights_sitenote_active":false,"_monsterinsights_sitenote_note":"","_monsterinsights_sitenote_category":0,"ocean_post_layout":"full-screen","ocean_both_sidebars_style":"","ocean_both_sidebars_content_width":0,"ocean_both_sidebars_sidebars_width":0,"ocean_sidebar":"0","ocean_second_sidebar":"0","ocean_disable_margins":"enable","ocean_add_body_class":"","ocean_shortcode_before_top_bar":"","ocean_shortcode_after_top_bar":"","ocean_shortcode_before_header":"","ocean_shortcode_after_header":"","ocean_has_shortcode":"","ocean_shortcode_after_title":"","ocean_shortcode_before_footer_widgets":"","ocean_shortcode_after_footer_widgets":"","ocean_shortcode_before_footer_bottom":"","ocean_shortcode_after_footer_bottom":"","ocean_display_top_bar":"default","ocean_display_header":"default","ocean_header_style":"","ocean_center_header_left_menu":"0","ocean_custom_header_template":"0","ocean_custom_logo":0,"ocean_custom_retina_logo":0,"ocean_custom_logo_max_width":0,"ocean_custom_logo_tablet_max_width":0,"ocean_custom_logo_mobile_max_width":0,"ocean_custom_logo_max_height":0,"ocean_custom_logo_tablet_max_height":0,"ocean_custom_logo_mobile_max_height":0,"ocean_header_custom_menu":"0","ocean_menu_typo_font_family":"0","ocean_menu_typo_font_subset":"","ocean_menu_typo_font_size":0,"ocean_menu_typo_font_size_tablet":0,"ocean_menu_typo_font_size_mobile":0,"ocean_menu_typo_font_size_unit":"px","ocean_menu_typo_font_weight":"","ocean_menu_typo_font_weight_tablet":"","ocean_menu_typo_font_weight_mobile":"","ocean_menu_typo_transform":"","ocean_menu_typo_transform_tablet":"","ocean_menu_typo_transform_mobile":"","ocean_menu_typo_line_height":0,"ocean_menu_typo_line_height_tablet":0,"ocean_menu_typo_line_height_mobile":0,"ocean_menu_typo_line_height_unit":"","ocean_menu_typo_spacing":0,"ocean_menu_typo_spacing_tablet":0,"ocean_menu_typo_spacing_mobile":0,"ocean_menu_typo_spacing_unit":"","ocean_menu_link_color":"","ocean_menu_link_color_hover":"","ocean_menu_link_color_active":"","ocean_menu_link_background":"","ocean_menu_link_hover_background":"","ocean_menu_link_active_background":"","ocean_menu_social_links_bg":"","ocean_menu_social_hover_links_bg":"","ocean_menu_social_links_color":"","ocean_menu_social_hover_links_color":"","ocean_disable_title":"on","ocean_disable_heading":"default","ocean_post_title":"","ocean_post_subheading":"","ocean_post_title_style":"","ocean_post_title_background_color":"","ocean_post_title_background":0,"ocean_post_title_bg_image_position":"","ocean_post_title_bg_image_attachment":"","ocean_post_title_bg_image_repeat":"","ocean_post_title_bg_image_size":"","ocean_post_title_height":0,"ocean_post_title_bg_overlay":0.5,"ocean_post_title_bg_overlay_color":"","ocean_disable_breadcrumbs":"default","ocean_breadcrumbs_color":"","ocean_breadcrumbs_separator_color":"","ocean_breadcrumbs_links_color":"","ocean_breadcrumbs_links_hover_color":"","ocean_display_footer_widgets":"off","ocean_display_footer_bottom":"off","ocean_custom_footer_template":"0","footnotes":""},"class_list":["post-1259","page","type-page","status-publish","hentry","entry"],"yoast_head":"<!-- This site is optimized with the Yoast SEO plugin v27.4 - https:\/\/yoast.com\/product\/yoast-seo-wordpress\/ -->\n<title>ACS SA&#039;FIR &#8226; Alcool\u00edmetro quantitativo &#8226; Advanced Resources<\/title>\n<meta name=\"description\" content=\"Conhe\u00e7a o SAF&#039;IR da ACS, uma solu\u00e7\u00e3o de alcool\u00edmetro quantitativo e evidencial, de pequenas dimens\u00f5es que garante resultados de alta precis\u00e3o.\" \/>\n<meta name=\"robots\" content=\"index, follow, max-snippet:-1, max-image-preview:large, max-video-preview:-1\" \/>\n<link rel=\"canonical\" href=\"https:\/\/aresources.pt\/en\/destaques\/acs-safir-alcoolimetro-quantitativo\/\" \/>\n<meta property=\"og:locale\" content=\"en_US\" \/>\n<meta property=\"og:type\" content=\"article\" \/>\n<meta property=\"og:title\" content=\"ACS SA&#039;FIR &#8226; Alcool\u00edmetro quantitativo &#8226; Advanced Resources\" \/>\n<meta property=\"og:description\" content=\"Conhe\u00e7a o SAF&#039;IR da ACS, uma solu\u00e7\u00e3o de alcool\u00edmetro quantitativo e evidencial, de pequenas dimens\u00f5es que garante resultados de alta precis\u00e3o.\" \/>\n<meta property=\"og:url\" content=\"https:\/\/aresources.pt\/en\/destaques\/acs-safir-alcoolimetro-quantitativo\/\" \/>\n<meta property=\"og:site_name\" content=\"Advanced Resources\" \/>\n<meta property=\"article:publisher\" content=\"https:\/\/www.facebook.com\/aresources.pt\" \/>\n<meta property=\"article:modified_time\" content=\"2023-03-20T11:06:12+00:00\" \/>\n<meta property=\"og:image\" content=\"https:\/\/aresources.pt\/wp-content\/uploads\/2018\/09\/alcoolimetro.jpg\" \/>\n<meta name=\"twitter:card\" content=\"summary_large_image\" \/>\n<meta name=\"twitter:label1\" content=\"Est. reading time\" \/>\n\t<meta name=\"twitter:data1\" content=\"2 minutes\" \/>\n<script type=\"application\/ld+json\" class=\"yoast-schema-graph\">{\"@context\":\"https:\\\/\\\/schema.org\",\"@graph\":[{\"@type\":\"WebPage\",\"@id\":\"https:\\\/\\\/aresources.pt\\\/destaques\\\/acs-safir-alcoolimetro-quantitativo\\\/\",\"url\":\"https:\\\/\\\/aresources.pt\\\/destaques\\\/acs-safir-alcoolimetro-quantitativo\\\/\",\"name\":\"ACS SA'FIR &#8226; Alcool\u00edmetro quantitativo &#8226; Advanced Resources\",\"isPartOf\":{\"@id\":\"https:\\\/\\\/aresources.pt\\\/#website\"},\"primaryImageOfPage\":{\"@id\":\"https:\\\/\\\/aresources.pt\\\/destaques\\\/acs-safir-alcoolimetro-quantitativo\\\/#primaryimage\"},\"image\":{\"@id\":\"https:\\\/\\\/aresources.pt\\\/destaques\\\/acs-safir-alcoolimetro-quantitativo\\\/#primaryimage\"},\"thumbnailUrl\":\"https:\\\/\\\/aresources.pt\\\/wp-content\\\/uploads\\\/2018\\\/09\\\/alcoolimetro.jpg\",\"datePublished\":\"2018-07-25T15:15:51+00:00\",\"dateModified\":\"2023-03-20T11:06:12+00:00\",\"description\":\"Conhe\u00e7a o SAF'IR da ACS, uma solu\u00e7\u00e3o de alcool\u00edmetro quantitativo e evidencial, de pequenas dimens\u00f5es que garante resultados de alta precis\u00e3o.\",\"breadcrumb\":{\"@id\":\"https:\\\/\\\/aresources.pt\\\/destaques\\\/acs-safir-alcoolimetro-quantitativo\\\/#breadcrumb\"},\"inLanguage\":\"en-US\",\"potentialAction\":[{\"@type\":\"ReadAction\",\"target\":[\"https:\\\/\\\/aresources.pt\\\/destaques\\\/acs-safir-alcoolimetro-quantitativo\\\/\"]}]},{\"@type\":\"ImageObject\",\"inLanguage\":\"en-US\",\"@id\":\"https:\\\/\\\/aresources.pt\\\/destaques\\\/acs-safir-alcoolimetro-quantitativo\\\/#primaryimage\",\"url\":\"https:\\\/\\\/aresources.pt\\\/wp-content\\\/uploads\\\/2018\\\/09\\\/alcoolimetro.jpg\",\"contentUrl\":\"https:\\\/\\\/aresources.pt\\\/wp-content\\\/uploads\\\/2018\\\/09\\\/alcoolimetro.jpg\"},{\"@type\":\"BreadcrumbList\",\"@id\":\"https:\\\/\\\/aresources.pt\\\/destaques\\\/acs-safir-alcoolimetro-quantitativo\\\/#breadcrumb\",\"itemListElement\":[{\"@type\":\"ListItem\",\"position\":1,\"name\":\"Home\",\"item\":\"https:\\\/\\\/aresources.pt\\\/\"},{\"@type\":\"ListItem\",\"position\":2,\"name\":\"Destaques\",\"item\":\"https:\\\/\\\/aresources.pt\\\/destaques\\\/\"},{\"@type\":\"ListItem\",\"position\":3,\"name\":\"ACS SA&#8217;FIR\"}]},{\"@type\":\"WebSite\",\"@id\":\"https:\\\/\\\/aresources.pt\\\/#website\",\"url\":\"https:\\\/\\\/aresources.pt\\\/\",\"name\":\"Advanced Resources\",\"description\":\"Telecomunica\u00e7\u00f5es e Seguran\u00e7a\",\"publisher\":{\"@id\":\"https:\\\/\\\/aresources.pt\\\/#organization\"},\"potentialAction\":[{\"@type\":\"SearchAction\",\"target\":{\"@type\":\"EntryPoint\",\"urlTemplate\":\"https:\\\/\\\/aresources.pt\\\/?s={search_term_string}\"},\"query-input\":{\"@type\":\"PropertyValueSpecification\",\"valueRequired\":true,\"valueName\":\"search_term_string\"}}],\"inLanguage\":\"en-US\"},{\"@type\":\"Organization\",\"@id\":\"https:\\\/\\\/aresources.pt\\\/#organization\",\"name\":\"Advanced Resources\",\"url\":\"https:\\\/\\\/aresources.pt\\\/\",\"logo\":{\"@type\":\"ImageObject\",\"inLanguage\":\"en-US\",\"@id\":\"https:\\\/\\\/aresources.pt\\\/#\\\/schema\\\/logo\\\/image\\\/\",\"url\":\"https:\\\/\\\/aresources.pt\\\/wp-content\\\/uploads\\\/2019\\\/06\\\/cropped-150dpi-14.jpg\",\"contentUrl\":\"https:\\\/\\\/aresources.pt\\\/wp-content\\\/uploads\\\/2019\\\/06\\\/cropped-150dpi-14.jpg\",\"width\":436,\"height\":100,\"caption\":\"Advanced Resources\"},\"image\":{\"@id\":\"https:\\\/\\\/aresources.pt\\\/#\\\/schema\\\/logo\\\/image\\\/\"},\"sameAs\":[\"https:\\\/\\\/www.facebook.com\\\/aresources.pt\"]}]}<\/script>\n<!-- \/ Yoast SEO plugin. -->","yoast_head_json":{"title":"ACS SA'FIR &#8226; Alcool\u00edmetro quantitativo &#8226; Advanced Resources","description":"Conhe\u00e7a o SAF'IR da ACS, uma solu\u00e7\u00e3o de alcool\u00edmetro quantitativo e evidencial, de pequenas dimens\u00f5es que garante resultados de alta precis\u00e3o.","robots":{"index":"index","follow":"follow","max-snippet":"max-snippet:-1","max-image-preview":"max-image-preview:large","max-video-preview":"max-video-preview:-1"},"canonical":"https:\/\/aresources.pt\/en\/destaques\/acs-safir-alcoolimetro-quantitativo\/","og_locale":"en_US","og_type":"article","og_title":"ACS SA'FIR &#8226; Alcool\u00edmetro quantitativo &#8226; Advanced Resources","og_description":"Conhe\u00e7a o SAF'IR da ACS, uma solu\u00e7\u00e3o de alcool\u00edmetro quantitativo e evidencial, de pequenas dimens\u00f5es que garante resultados de alta precis\u00e3o.","og_url":"https:\/\/aresources.pt\/en\/destaques\/acs-safir-alcoolimetro-quantitativo\/","og_site_name":"Advanced Resources","article_publisher":"https:\/\/www.facebook.com\/aresources.pt","article_modified_time":"2023-03-20T11:06:12+00:00","og_image":[{"url":"https:\/\/aresources.pt\/wp-content\/uploads\/2018\/09\/alcoolimetro.jpg","type":"","width":"","height":""}],"twitter_card":"summary_large_image","twitter_misc":{"Est. reading time":"2 minutes"},"schema":{"@context":"https:\/\/schema.org","@graph":[{"@type":"WebPage","@id":"https:\/\/aresources.pt\/destaques\/acs-safir-alcoolimetro-quantitativo\/","url":"https:\/\/aresources.pt\/destaques\/acs-safir-alcoolimetro-quantitativo\/","name":"ACS SA'FIR &#8226; Alcool\u00edmetro quantitativo &#8226; Advanced Resources","isPartOf":{"@id":"https:\/\/aresources.pt\/#website"},"primaryImageOfPage":{"@id":"https:\/\/aresources.pt\/destaques\/acs-safir-alcoolimetro-quantitativo\/#primaryimage"},"image":{"@id":"https:\/\/aresources.pt\/destaques\/acs-safir-alcoolimetro-quantitativo\/#primaryimage"},"thumbnailUrl":"https:\/\/aresources.pt\/wp-content\/uploads\/2018\/09\/alcoolimetro.jpg","datePublished":"2018-07-25T15:15:51+00:00","dateModified":"2023-03-20T11:06:12+00:00","description":"Conhe\u00e7a o SAF'IR da ACS, uma solu\u00e7\u00e3o de alcool\u00edmetro quantitativo e evidencial, de pequenas dimens\u00f5es que garante resultados de alta precis\u00e3o.","breadcrumb":{"@id":"https:\/\/aresources.pt\/destaques\/acs-safir-alcoolimetro-quantitativo\/#breadcrumb"},"inLanguage":"en-US","potentialAction":[{"@type":"ReadAction","target":["https:\/\/aresources.pt\/destaques\/acs-safir-alcoolimetro-quantitativo\/"]}]},{"@type":"ImageObject","inLanguage":"en-US","@id":"https:\/\/aresources.pt\/destaques\/acs-safir-alcoolimetro-quantitativo\/#primaryimage","url":"https:\/\/aresources.pt\/wp-content\/uploads\/2018\/09\/alcoolimetro.jpg","contentUrl":"https:\/\/aresources.pt\/wp-content\/uploads\/2018\/09\/alcoolimetro.jpg"},{"@type":"BreadcrumbList","@id":"https:\/\/aresources.pt\/destaques\/acs-safir-alcoolimetro-quantitativo\/#breadcrumb","itemListElement":[{"@type":"ListItem","position":1,"name":"Home","item":"https:\/\/aresources.pt\/"},{"@type":"ListItem","position":2,"name":"Destaques","item":"https:\/\/aresources.pt\/destaques\/"},{"@type":"ListItem","position":3,"name":"ACS SA&#8217;FIR"}]},{"@type":"WebSite","@id":"https:\/\/aresources.pt\/#website","url":"https:\/\/aresources.pt\/","name":"Advanced Resources","description":"Telecomunica\u00e7\u00f5es e Seguran\u00e7a","publisher":{"@id":"https:\/\/aresources.pt\/#organization"},"potentialAction":[{"@type":"SearchAction","target":{"@type":"EntryPoint","urlTemplate":"https:\/\/aresources.pt\/?s={search_term_string}"},"query-input":{"@type":"PropertyValueSpecification","valueRequired":true,"valueName":"search_term_string"}}],"inLanguage":"en-US"},{"@type":"Organization","@id":"https:\/\/aresources.pt\/#organization","name":"Advanced Resources","url":"https:\/\/aresources.pt\/","logo":{"@type":"ImageObject","inLanguage":"en-US","@id":"https:\/\/aresources.pt\/#\/schema\/logo\/image\/","url":"https:\/\/aresources.pt\/wp-content\/uploads\/2019\/06\/cropped-150dpi-14.jpg","contentUrl":"https:\/\/aresources.pt\/wp-content\/uploads\/2019\/06\/cropped-150dpi-14.jpg","width":436,"height":100,"caption":"Advanced Resources"},"image":{"@id":"https:\/\/aresources.pt\/#\/schema\/logo\/image\/"},"sameAs":["https:\/\/www.facebook.com\/aresources.pt"]}]}},"_links":{"self":[{"href":"https:\/\/aresources.pt\/en\/wp-json\/wp\/v2\/pages\/1259","targetHints":{"allow":["GET"]}}],"collection":[{"href":"https:\/\/aresources.pt\/en\/wp-json\/wp\/v2\/pages"}],"about":[{"href":"https:\/\/aresources.pt\/en\/wp-json\/wp\/v2\/types\/page"}],"author":[{"embeddable":true,"href":"https:\/\/aresources.pt\/en\/wp-json\/wp\/v2\/users\/2"}],"replies":[{"embeddable":true,"href":"https:\/\/aresources.pt\/en\/wp-json\/wp\/v2\/comments?post=1259"}],"version-history":[{"count":57,"href":"https:\/\/aresources.pt\/en\/wp-json\/wp\/v2\/pages\/1259\/revisions"}],"predecessor-version":[{"id":8380,"href":"https:\/\/aresources.pt\/en\/wp-json\/wp\/v2\/pages\/1259\/revisions\/8380"}],"up":[{"embeddable":true,"href":"https:\/\/aresources.pt\/en\/wp-json\/wp\/v2\/pages\/1094"}],"wp:attachment":[{"href":"https:\/\/aresources.pt\/en\/wp-json\/wp\/v2\/media?parent=1259"}],"curies":[{"name":"wp","href":"https:\/\/api.w.org\/{rel}","templated":true}]}}