{"id":1116,"date":"2018-07-23T14:49:53","date_gmt":"2018-07-23T14:49:53","guid":{"rendered":"https:\/\/aresources.pt\/?page_id=1116"},"modified":"2023-03-20T12:00:06","modified_gmt":"2023-03-20T11:00:06","slug":"wifi-outdoor","status":"publish","type":"page","link":"https:\/\/aresources.pt\/en\/destaques\/wifi-outdoor\/","title":{"rendered":"Outdoor Wifi Networks"},"content":{"rendered":"<div data-elementor-type=\"wp-page\" data-elementor-id=\"1116\" class=\"elementor elementor-1116\">\n\t\t\t\t\t\t<section class=\"elementor-section elementor-top-section elementor-element elementor-element-7802c33 elementor-section-full_width elementor-section-height-default elementor-section-height-default\" data-id=\"7802c33\" data-element_type=\"section\" data-e-type=\"section\">\n\t\t\t\t\t\t<div class=\"elementor-container elementor-column-gap-default\">\n\t\t\t\t\t<div class=\"elementor-column elementor-col-100 elementor-top-column elementor-element elementor-element-b8a161a\" data-id=\"b8a161a\" data-element_type=\"column\" data-e-type=\"column\">\n\t\t\t<div class=\"elementor-widget-wrap elementor-element-populated\">\n\t\t\t\t\t\t<div class=\"elementor-element elementor-element-dfc2a01 elementor-widget elementor-widget-image\" data-id=\"dfc2a01\" data-element_type=\"widget\" data-e-type=\"widget\" data-widget_type=\"image.default\">\n\t\t\t\t<div class=\"elementor-widget-container\">\n\t\t\t\t\t\t\t\t\t\t\t\t\t\t\t<img decoding=\"async\" src=\"https:\/\/aresources.pt\/wp-content\/uploads\/elementor\/thumbs\/wifi_outdoor-1-ny3g2i734b444cf3nul3578wotk3yhs0rwlgsvz1y8.jpg\" title=\"wifi_outdoor\" alt=\"wifi outdoor\" loading=\"lazy\" \/>\t\t\t\t\t\t\t\t\t\t\t\t\t\t\t<\/div>\n\t\t\t\t<\/div>\n\t\t\t\t\t<\/div>\n\t\t<\/div>\n\t\t\t\t\t<\/div>\n\t\t<\/section>\n\t\t\t\t<section class=\"elementor-section elementor-top-section elementor-element elementor-element-629cf0e0 elementor-section-boxed elementor-section-height-default elementor-section-height-default\" data-id=\"629cf0e0\" data-element_type=\"section\" data-e-type=\"section\">\n\t\t\t\t\t\t<div class=\"elementor-container elementor-column-gap-default\">\n\t\t\t\t\t<div class=\"elementor-column elementor-col-100 elementor-top-column elementor-element elementor-element-45edfa9f\" data-id=\"45edfa9f\" data-element_type=\"column\" data-e-type=\"column\">\n\t\t\t<div class=\"elementor-widget-wrap elementor-element-populated\">\n\t\t\t\t\t\t<div class=\"elementor-element elementor-element-0d3da9b elementor-widget elementor-widget-heading\" data-id=\"0d3da9b\" data-element_type=\"widget\" data-e-type=\"widget\" data-widget_type=\"heading.default\">\n\t\t\t\t<div class=\"elementor-widget-container\">\n\t\t\t\t\t<h2 class=\"elementor-heading-title elementor-size-default\">Outdoor Wifi Networks<\/h2>\t\t\t\t<\/div>\n\t\t\t\t<\/div>\n\t\t\t\t<div class=\"elementor-element elementor-element-638167c6 elementor-widget elementor-widget-text-editor\" data-id=\"638167c6\" data-element_type=\"widget\" data-e-type=\"widget\" data-widget_type=\"text-editor.default\">\n\t\t\t\t<div class=\"elementor-widget-container\">\n\t\t\t\t\t\t\t\t\t<p>Development of outdoor wifi network installation projects.<\/p><p>In collaboration with <a href=\"https:\/\/www.cambiumnetworks.com\/\">Cambium Networks<\/a>, Advanced Resources develops solutions for the implementation of internet in outdoor spaces, through Wifi.<\/p><p>Combining Point-to-Point (PTP) or Point-to-Multipoint (PMP) wireless broadband solutions with cnPilot Wi-Fi APs, high reliability and performance outdoor Wi-Fi solutions are developed.<\/p><p>For more information please <a href=\"https:\/\/aresources.pt\/en\/#footer\">contact us<\/a>.<\/p>\t\t\t\t\t\t\t\t<\/div>\n\t\t\t\t<\/div>\n\t\t\t\t\t<\/div>\n\t\t<\/div>\n\t\t\t\t\t<\/div>\n\t\t<\/section>\n\t\t\t\t<\/div>","protected":false},"excerpt":{"rendered":"<p>Redes Wifi Outdoor Desenvolvimento de projetos de instala\u00e7\u00e3o de redes de wifi outdoor. Em parceria com a Cambium Networks, a Advanced Resources desenvolve solu\u00e7\u00f5es de implementa\u00e7\u00e3o de internet em espa\u00e7os outdoor, por Wifi. Combinando as solu\u00e7\u00f5es de banda larga wireless Ponto-a-Ponto (PTP) ou Ponto-Multiponto (PMP) com os APs Wifi cnPilot, s\u00e3o desenvolvidas solu\u00e7\u00f5es de Wifi [&hellip;]<\/p>\n","protected":false},"author":2,"featured_media":0,"parent":1094,"menu_order":0,"comment_status":"closed","ping_status":"closed","template":"","meta":{"_monsterinsights_skip_tracking":false,"_monsterinsights_sitenote_active":false,"_monsterinsights_sitenote_note":"","_monsterinsights_sitenote_category":0,"ocean_post_layout":"full-screen","ocean_both_sidebars_style":"","ocean_both_sidebars_content_width":0,"ocean_both_sidebars_sidebars_width":0,"ocean_sidebar":"0","ocean_second_sidebar":"0","ocean_disable_margins":"enable","ocean_add_body_class":"","ocean_shortcode_before_top_bar":"","ocean_shortcode_after_top_bar":"","ocean_shortcode_before_header":"","ocean_shortcode_after_header":"","ocean_has_shortcode":"","ocean_shortcode_after_title":"","ocean_shortcode_before_footer_widgets":"","ocean_shortcode_after_footer_widgets":"","ocean_shortcode_before_footer_bottom":"","ocean_shortcode_after_footer_bottom":"","ocean_display_top_bar":"default","ocean_display_header":"default","ocean_header_style":"","ocean_center_header_left_menu":"0","ocean_custom_header_template":"0","ocean_custom_logo":0,"ocean_custom_retina_logo":0,"ocean_custom_logo_max_width":0,"ocean_custom_logo_tablet_max_width":0,"ocean_custom_logo_mobile_max_width":0,"ocean_custom_logo_max_height":0,"ocean_custom_logo_tablet_max_height":0,"ocean_custom_logo_mobile_max_height":0,"ocean_header_custom_menu":"0","ocean_menu_typo_font_family":"0","ocean_menu_typo_font_subset":"","ocean_menu_typo_font_size":0,"ocean_menu_typo_font_size_tablet":0,"ocean_menu_typo_font_size_mobile":0,"ocean_menu_typo_font_size_unit":"px","ocean_menu_typo_font_weight":"","ocean_menu_typo_font_weight_tablet":"","ocean_menu_typo_font_weight_mobile":"","ocean_menu_typo_transform":"","ocean_menu_typo_transform_tablet":"","ocean_menu_typo_transform_mobile":"","ocean_menu_typo_line_height":0,"ocean_menu_typo_line_height_tablet":0,"ocean_menu_typo_line_height_mobile":0,"ocean_menu_typo_line_height_unit":"","ocean_menu_typo_spacing":0,"ocean_menu_typo_spacing_tablet":0,"ocean_menu_typo_spacing_mobile":0,"ocean_menu_typo_spacing_unit":"","ocean_menu_link_color":"","ocean_menu_link_color_hover":"","ocean_menu_link_color_active":"","ocean_menu_link_background":"","ocean_menu_link_hover_background":"","ocean_menu_link_active_background":"","ocean_menu_social_links_bg":"","ocean_menu_social_hover_links_bg":"","ocean_menu_social_links_color":"","ocean_menu_social_hover_links_color":"","ocean_disable_title":"on","ocean_disable_heading":"default","ocean_post_title":"","ocean_post_subheading":"","ocean_post_title_style":"","ocean_post_title_background_color":"","ocean_post_title_background":0,"ocean_post_title_bg_image_position":"","ocean_post_title_bg_image_attachment":"","ocean_post_title_bg_image_repeat":"","ocean_post_title_bg_image_size":"","ocean_post_title_height":0,"ocean_post_title_bg_overlay":0.5,"ocean_post_title_bg_overlay_color":"","ocean_disable_breadcrumbs":"default","ocean_breadcrumbs_color":"","ocean_breadcrumbs_separator_color":"","ocean_breadcrumbs_links_color":"","ocean_breadcrumbs_links_hover_color":"","ocean_display_footer_widgets":"off","ocean_display_footer_bottom":"off","ocean_custom_footer_template":"0","footnotes":""},"class_list":["post-1116","page","type-page","status-publish","hentry","entry"],"yoast_head":"<!-- This site is optimized with the Yoast SEO plugin v27.3 - https:\/\/yoast.com\/product\/yoast-seo-wordpress\/ -->\n<title>Redes Wifi Outdoor &#8226; Cambium Networks &#8226; Advanced Resources<\/title>\n<meta name=\"description\" content=\"Desenvolvimento de solu\u00e7\u00f5es de implementa\u00e7\u00e3o de redes Wifi Outdoor, em parceria com a Cambium Networks, com garantias de fiabilidade e performance.\" \/>\n<meta name=\"robots\" content=\"index, follow, max-snippet:-1, max-image-preview:large, max-video-preview:-1\" \/>\n<link rel=\"canonical\" href=\"https:\/\/aresources.pt\/en\/destaques\/wifi-outdoor\/\" \/>\n<meta property=\"og:locale\" content=\"en_US\" \/>\n<meta property=\"og:type\" content=\"article\" \/>\n<meta property=\"og:title\" content=\"Redes Wifi Outdoor &#8226; Cambium Networks &#8226; Advanced Resources\" \/>\n<meta property=\"og:description\" content=\"Desenvolvimento de solu\u00e7\u00f5es de implementa\u00e7\u00e3o de redes Wifi Outdoor, em parceria com a Cambium Networks, com garantias de fiabilidade e performance.\" \/>\n<meta property=\"og:url\" content=\"https:\/\/aresources.pt\/en\/destaques\/wifi-outdoor\/\" \/>\n<meta property=\"og:site_name\" content=\"Advanced Resources\" \/>\n<meta property=\"article:publisher\" content=\"https:\/\/www.facebook.com\/aresources.pt\" \/>\n<meta property=\"article:modified_time\" content=\"2023-03-20T11:00:06+00:00\" \/>\n<meta property=\"og:image\" content=\"https:\/\/aresources.pt\/wp-content\/uploads\/2018\/10\/wifi_outdoor-1.jpg\" \/>\n<meta name=\"twitter:card\" content=\"summary_large_image\" \/>\n<meta name=\"twitter:label1\" content=\"Est. reading time\" \/>\n\t<meta name=\"twitter:data1\" content=\"1 minute\" \/>\n<script type=\"application\/ld+json\" class=\"yoast-schema-graph\">{\"@context\":\"https:\\\/\\\/schema.org\",\"@graph\":[{\"@type\":\"WebPage\",\"@id\":\"https:\\\/\\\/aresources.pt\\\/destaques\\\/wifi-outdoor\\\/\",\"url\":\"https:\\\/\\\/aresources.pt\\\/destaques\\\/wifi-outdoor\\\/\",\"name\":\"Redes Wifi Outdoor &#8226; Cambium Networks &#8226; Advanced Resources\",\"isPartOf\":{\"@id\":\"https:\\\/\\\/aresources.pt\\\/#website\"},\"primaryImageOfPage\":{\"@id\":\"https:\\\/\\\/aresources.pt\\\/destaques\\\/wifi-outdoor\\\/#primaryimage\"},\"image\":{\"@id\":\"https:\\\/\\\/aresources.pt\\\/destaques\\\/wifi-outdoor\\\/#primaryimage\"},\"thumbnailUrl\":\"https:\\\/\\\/aresources.pt\\\/wp-content\\\/uploads\\\/2018\\\/10\\\/wifi_outdoor-1.jpg\",\"datePublished\":\"2018-07-23T14:49:53+00:00\",\"dateModified\":\"2023-03-20T11:00:06+00:00\",\"description\":\"Desenvolvimento de solu\u00e7\u00f5es de implementa\u00e7\u00e3o de redes Wifi Outdoor, em parceria com a Cambium Networks, com garantias de fiabilidade e performance.\",\"breadcrumb\":{\"@id\":\"https:\\\/\\\/aresources.pt\\\/destaques\\\/wifi-outdoor\\\/#breadcrumb\"},\"inLanguage\":\"en-US\",\"potentialAction\":[{\"@type\":\"ReadAction\",\"target\":[\"https:\\\/\\\/aresources.pt\\\/destaques\\\/wifi-outdoor\\\/\"]}]},{\"@type\":\"ImageObject\",\"inLanguage\":\"en-US\",\"@id\":\"https:\\\/\\\/aresources.pt\\\/destaques\\\/wifi-outdoor\\\/#primaryimage\",\"url\":\"https:\\\/\\\/aresources.pt\\\/wp-content\\\/uploads\\\/2018\\\/10\\\/wifi_outdoor-1.jpg\",\"contentUrl\":\"https:\\\/\\\/aresources.pt\\\/wp-content\\\/uploads\\\/2018\\\/10\\\/wifi_outdoor-1.jpg\"},{\"@type\":\"BreadcrumbList\",\"@id\":\"https:\\\/\\\/aresources.pt\\\/destaques\\\/wifi-outdoor\\\/#breadcrumb\",\"itemListElement\":[{\"@type\":\"ListItem\",\"position\":1,\"name\":\"Home\",\"item\":\"https:\\\/\\\/aresources.pt\\\/\"},{\"@type\":\"ListItem\",\"position\":2,\"name\":\"Destaques\",\"item\":\"https:\\\/\\\/aresources.pt\\\/destaques\\\/\"},{\"@type\":\"ListItem\",\"position\":3,\"name\":\"Redes Wifi Outdoor\"}]},{\"@type\":\"WebSite\",\"@id\":\"https:\\\/\\\/aresources.pt\\\/#website\",\"url\":\"https:\\\/\\\/aresources.pt\\\/\",\"name\":\"Advanced Resources\",\"description\":\"Telecomunica\u00e7\u00f5es e Seguran\u00e7a\",\"publisher\":{\"@id\":\"https:\\\/\\\/aresources.pt\\\/#organization\"},\"potentialAction\":[{\"@type\":\"SearchAction\",\"target\":{\"@type\":\"EntryPoint\",\"urlTemplate\":\"https:\\\/\\\/aresources.pt\\\/?s={search_term_string}\"},\"query-input\":{\"@type\":\"PropertyValueSpecification\",\"valueRequired\":true,\"valueName\":\"search_term_string\"}}],\"inLanguage\":\"en-US\"},{\"@type\":\"Organization\",\"@id\":\"https:\\\/\\\/aresources.pt\\\/#organization\",\"name\":\"Advanced Resources\",\"url\":\"https:\\\/\\\/aresources.pt\\\/\",\"logo\":{\"@type\":\"ImageObject\",\"inLanguage\":\"en-US\",\"@id\":\"https:\\\/\\\/aresources.pt\\\/#\\\/schema\\\/logo\\\/image\\\/\",\"url\":\"https:\\\/\\\/aresources.pt\\\/wp-content\\\/uploads\\\/2019\\\/06\\\/cropped-150dpi-14.jpg\",\"contentUrl\":\"https:\\\/\\\/aresources.pt\\\/wp-content\\\/uploads\\\/2019\\\/06\\\/cropped-150dpi-14.jpg\",\"width\":436,\"height\":100,\"caption\":\"Advanced Resources\"},\"image\":{\"@id\":\"https:\\\/\\\/aresources.pt\\\/#\\\/schema\\\/logo\\\/image\\\/\"},\"sameAs\":[\"https:\\\/\\\/www.facebook.com\\\/aresources.pt\"]}]}<\/script>\n<!-- \/ Yoast SEO plugin. -->","yoast_head_json":{"title":"Redes Wifi Outdoor &#8226; Cambium Networks &#8226; Advanced Resources","description":"Desenvolvimento de solu\u00e7\u00f5es de implementa\u00e7\u00e3o de redes Wifi Outdoor, em parceria com a Cambium Networks, com garantias de fiabilidade e performance.","robots":{"index":"index","follow":"follow","max-snippet":"max-snippet:-1","max-image-preview":"max-image-preview:large","max-video-preview":"max-video-preview:-1"},"canonical":"https:\/\/aresources.pt\/en\/destaques\/wifi-outdoor\/","og_locale":"en_US","og_type":"article","og_title":"Redes Wifi Outdoor &#8226; Cambium Networks &#8226; Advanced Resources","og_description":"Desenvolvimento de solu\u00e7\u00f5es de implementa\u00e7\u00e3o de redes Wifi Outdoor, em parceria com a Cambium Networks, com garantias de fiabilidade e performance.","og_url":"https:\/\/aresources.pt\/en\/destaques\/wifi-outdoor\/","og_site_name":"Advanced Resources","article_publisher":"https:\/\/www.facebook.com\/aresources.pt","article_modified_time":"2023-03-20T11:00:06+00:00","og_image":[{"url":"https:\/\/aresources.pt\/wp-content\/uploads\/2018\/10\/wifi_outdoor-1.jpg","type":"","width":"","height":""}],"twitter_card":"summary_large_image","twitter_misc":{"Est. reading time":"1 minute"},"schema":{"@context":"https:\/\/schema.org","@graph":[{"@type":"WebPage","@id":"https:\/\/aresources.pt\/destaques\/wifi-outdoor\/","url":"https:\/\/aresources.pt\/destaques\/wifi-outdoor\/","name":"Redes Wifi Outdoor &#8226; Cambium Networks &#8226; Advanced Resources","isPartOf":{"@id":"https:\/\/aresources.pt\/#website"},"primaryImageOfPage":{"@id":"https:\/\/aresources.pt\/destaques\/wifi-outdoor\/#primaryimage"},"image":{"@id":"https:\/\/aresources.pt\/destaques\/wifi-outdoor\/#primaryimage"},"thumbnailUrl":"https:\/\/aresources.pt\/wp-content\/uploads\/2018\/10\/wifi_outdoor-1.jpg","datePublished":"2018-07-23T14:49:53+00:00","dateModified":"2023-03-20T11:00:06+00:00","description":"Desenvolvimento de solu\u00e7\u00f5es de implementa\u00e7\u00e3o de redes Wifi Outdoor, em parceria com a Cambium Networks, com garantias de fiabilidade e performance.","breadcrumb":{"@id":"https:\/\/aresources.pt\/destaques\/wifi-outdoor\/#breadcrumb"},"inLanguage":"en-US","potentialAction":[{"@type":"ReadAction","target":["https:\/\/aresources.pt\/destaques\/wifi-outdoor\/"]}]},{"@type":"ImageObject","inLanguage":"en-US","@id":"https:\/\/aresources.pt\/destaques\/wifi-outdoor\/#primaryimage","url":"https:\/\/aresources.pt\/wp-content\/uploads\/2018\/10\/wifi_outdoor-1.jpg","contentUrl":"https:\/\/aresources.pt\/wp-content\/uploads\/2018\/10\/wifi_outdoor-1.jpg"},{"@type":"BreadcrumbList","@id":"https:\/\/aresources.pt\/destaques\/wifi-outdoor\/#breadcrumb","itemListElement":[{"@type":"ListItem","position":1,"name":"Home","item":"https:\/\/aresources.pt\/"},{"@type":"ListItem","position":2,"name":"Destaques","item":"https:\/\/aresources.pt\/destaques\/"},{"@type":"ListItem","position":3,"name":"Redes Wifi Outdoor"}]},{"@type":"WebSite","@id":"https:\/\/aresources.pt\/#website","url":"https:\/\/aresources.pt\/","name":"Advanced Resources","description":"Telecomunica\u00e7\u00f5es e Seguran\u00e7a","publisher":{"@id":"https:\/\/aresources.pt\/#organization"},"potentialAction":[{"@type":"SearchAction","target":{"@type":"EntryPoint","urlTemplate":"https:\/\/aresources.pt\/?s={search_term_string}"},"query-input":{"@type":"PropertyValueSpecification","valueRequired":true,"valueName":"search_term_string"}}],"inLanguage":"en-US"},{"@type":"Organization","@id":"https:\/\/aresources.pt\/#organization","name":"Advanced Resources","url":"https:\/\/aresources.pt\/","logo":{"@type":"ImageObject","inLanguage":"en-US","@id":"https:\/\/aresources.pt\/#\/schema\/logo\/image\/","url":"https:\/\/aresources.pt\/wp-content\/uploads\/2019\/06\/cropped-150dpi-14.jpg","contentUrl":"https:\/\/aresources.pt\/wp-content\/uploads\/2019\/06\/cropped-150dpi-14.jpg","width":436,"height":100,"caption":"Advanced Resources"},"image":{"@id":"https:\/\/aresources.pt\/#\/schema\/logo\/image\/"},"sameAs":["https:\/\/www.facebook.com\/aresources.pt"]}]}},"_links":{"self":[{"href":"https:\/\/aresources.pt\/en\/wp-json\/wp\/v2\/pages\/1116","targetHints":{"allow":["GET"]}}],"collection":[{"href":"https:\/\/aresources.pt\/en\/wp-json\/wp\/v2\/pages"}],"about":[{"href":"https:\/\/aresources.pt\/en\/wp-json\/wp\/v2\/types\/page"}],"author":[{"embeddable":true,"href":"https:\/\/aresources.pt\/en\/wp-json\/wp\/v2\/users\/2"}],"replies":[{"embeddable":true,"href":"https:\/\/aresources.pt\/en\/wp-json\/wp\/v2\/comments?post=1116"}],"version-history":[{"count":36,"href":"https:\/\/aresources.pt\/en\/wp-json\/wp\/v2\/pages\/1116\/revisions"}],"predecessor-version":[{"id":8356,"href":"https:\/\/aresources.pt\/en\/wp-json\/wp\/v2\/pages\/1116\/revisions\/8356"}],"up":[{"embeddable":true,"href":"https:\/\/aresources.pt\/en\/wp-json\/wp\/v2\/pages\/1094"}],"wp:attachment":[{"href":"https:\/\/aresources.pt\/en\/wp-json\/wp\/v2\/media?parent=1116"}],"curies":[{"name":"wp","href":"https:\/\/api.w.org\/{rel}","templated":true}]}}