{"id":1114,"date":"2018-07-23T14:12:36","date_gmt":"2018-07-23T14:12:36","guid":{"rendered":"https:\/\/aresources.pt\/?page_id=1114"},"modified":"2023-03-20T11:57:26","modified_gmt":"2023-03-20T10:57:26","slug":"centrais-de-despacho-trbonet","status":"publish","type":"page","link":"https:\/\/aresources.pt\/en\/destaques\/centrais-de-despacho-trbonet\/","title":{"rendered":"TRBOnet Radio Dispatch Solutions"},"content":{"rendered":"<div data-elementor-type=\"wp-page\" data-elementor-id=\"1114\" class=\"elementor elementor-1114\">\n\t\t\t\t\t\t<section class=\"elementor-section elementor-top-section elementor-element elementor-element-fee7229 elementor-section-full_width elementor-section-height-default elementor-section-height-default\" data-id=\"fee7229\" data-element_type=\"section\" data-e-type=\"section\">\n\t\t\t\t\t\t<div class=\"elementor-container elementor-column-gap-default\">\n\t\t\t\t\t<div class=\"elementor-column elementor-col-100 elementor-top-column elementor-element elementor-element-522450a\" data-id=\"522450a\" data-element_type=\"column\" data-e-type=\"column\">\n\t\t\t<div class=\"elementor-widget-wrap elementor-element-populated\">\n\t\t\t\t\t\t<div class=\"elementor-element elementor-element-fc79734 elementor-widget elementor-widget-image\" data-id=\"fc79734\" data-element_type=\"widget\" data-e-type=\"widget\" data-widget_type=\"image.default\">\n\t\t\t\t<div class=\"elementor-widget-container\">\n\t\t\t\t\t\t\t\t\t\t\t\t\t\t\t<img fetchpriority=\"high\" decoding=\"async\" width=\"1919\" height=\"400\" src=\"https:\/\/aresources.pt\/wp-content\/uploads\/2018\/10\/central_trbonet_compressed.jpg\" class=\"attachment-full size-full wp-image-2048\" alt=\"Central de controlo Motorola\" \/>\t\t\t\t\t\t\t\t\t\t\t\t\t\t\t<\/div>\n\t\t\t\t<\/div>\n\t\t\t\t\t<\/div>\n\t\t<\/div>\n\t\t\t\t\t<\/div>\n\t\t<\/section>\n\t\t\t\t<section class=\"elementor-section elementor-top-section elementor-element elementor-element-ce33a3f elementor-section-boxed elementor-section-height-default elementor-section-height-default\" data-id=\"ce33a3f\" data-element_type=\"section\" data-e-type=\"section\">\n\t\t\t\t\t\t<div class=\"elementor-container elementor-column-gap-default\">\n\t\t\t\t\t<div class=\"elementor-column elementor-col-100 elementor-top-column elementor-element elementor-element-89acfae\" data-id=\"89acfae\" data-element_type=\"column\" data-e-type=\"column\">\n\t\t\t<div class=\"elementor-widget-wrap elementor-element-populated\">\n\t\t\t\t\t\t<div class=\"elementor-element elementor-element-872d00a elementor-widget elementor-widget-heading\" data-id=\"872d00a\" data-element_type=\"widget\" data-e-type=\"widget\" data-widget_type=\"heading.default\">\n\t\t\t\t<div class=\"elementor-widget-container\">\n\t\t\t\t\t<h1 class=\"elementor-heading-title elementor-size-default\">TRBOnet Radio Dispatch Solutions<\/h1>\t\t\t\t<\/div>\n\t\t\t\t<\/div>\n\t\t\t\t<div class=\"elementor-element elementor-element-4092757 elementor-widget elementor-widget-text-editor\" data-id=\"4092757\" data-element_type=\"widget\" data-e-type=\"widget\" data-widget_type=\"text-editor.default\">\n\t\t\t\t<div class=\"elementor-widget-container\">\n\t\t\t\t\t\t\t\t\t<p>TRBOnet is a Dispatch Center solution for MOTOTRBO radio networks of any size and complexity.<\/p><p>Launched in 2008, this solution is accessible through a simple and intuitive graphical interface in a terminal running the Windows operating system.<\/p>\t\t\t\t\t\t\t\t<\/div>\n\t\t\t\t<\/div>\n\t\t\t\t<div class=\"elementor-element elementor-element-89e4760 elementor-widget elementor-widget-heading\" data-id=\"89e4760\" data-element_type=\"widget\" data-e-type=\"widget\" data-widget_type=\"heading.default\">\n\t\t\t\t<div class=\"elementor-widget-container\">\n\t\t\t\t\t<h2 class=\"elementor-heading-title elementor-size-default\">Basic Functionalities<\/h2>\t\t\t\t<\/div>\n\t\t\t\t<\/div>\n\t\t\t\t<div class=\"elementor-element elementor-element-43eba9a elementor-widget elementor-widget-text-editor\" data-id=\"43eba9a\" data-element_type=\"widget\" data-e-type=\"widget\" data-widget_type=\"text-editor.default\">\n\t\t\t\t<div class=\"elementor-widget-container\">\n\t\t\t\t\t\t\t\t\t<p>Among the system's basic functionalities, we highlight the following:<\/p><ul><li>Voice Dispatch - With support for all types of calls, including private or group calls, between Control Centers, Cross mute and the possibility of sending recorded voice messages;<\/li><li>Voice Recording - Allows the recording and storage of network communications;<\/li><li>Event Logging - Notifications can be set up for different types of events. Navigation between logs facilitated by filtering the results.<\/li><li>Sending Text Messages - Enables sending text messages to individuals or groups of users. These can also be predefined and scheduled.<\/li><li>Location of terminals - Observation of GPS location in real time or stored for specific terminals or user groups. Custom maps according to customer preferences.<\/li><\/ul>\t\t\t\t\t\t\t\t<\/div>\n\t\t\t\t<\/div>\n\t\t\t\t<div class=\"elementor-element elementor-element-9f7f39d elementor-widget elementor-widget-heading\" data-id=\"9f7f39d\" data-element_type=\"widget\" data-e-type=\"widget\" data-widget_type=\"heading.default\">\n\t\t\t\t<div class=\"elementor-widget-container\">\n\t\t\t\t\t<h2 class=\"elementor-heading-title elementor-size-default\">Additional Features<\/h2>\t\t\t\t<\/div>\n\t\t\t\t<\/div>\n\t\t\t\t<div class=\"elementor-element elementor-element-836941d elementor-widget elementor-widget-text-editor\" data-id=\"836941d\" data-element_type=\"widget\" data-e-type=\"widget\" data-widget_type=\"text-editor.default\">\n\t\t\t\t<div class=\"elementor-widget-container\">\n\t\t\t\t\t\t\t\t\t<p>In addition to these, there is a wide range of additional features such as:<\/p><ul><li>Advanced functionalities for indoor or outdoor location services: Display of a terminal's location in a programmable time interval; Definition of the radios' operating zone, notifying the central when an equipment is out of it; Implementation of minimum or maximum speed limits.<\/li><li>Guard Route - Definition of a route that must be followed by the radio terminal user. Failure to follow the route in the defined time triggers an alarm.<\/li><li>Alarm Management System - Useful for automating daily tasks and for speeding up emergency procedures. Allows you to send alarms to and from any element in the network, such as MOTOTRBO devices, email accounts or even cell phones.<\/li><li>\u00a0Web Interface - Makes the TRBOnet server accessible from any browser.<\/li><li>IP Cameras - The central is able to capture images from the connected cameras. An alarm at a specific location can trigger the respective camera.<\/li><li>Telemetry - Possibility to remotely control doors, elevators or access rights in any situation.<\/li><li>Interconnection with cell phones - IP-based solution to enable communication of MOTOTRBO devices with cell phones or VoIP telephone exchanges.<\/li><li>Mobile Application - TRBOnet's application for Android and iOS extends MOTOTRBO to cell phones.<\/li><\/ul><div>For more information about Motorola's digital radios features, visit the\u00a0 <a href=\"http:\/\/aresources.pt\/en\/destaques\/faq-mototrbo\/\">MOTOTRBO FAQ page<\/a>.<\/div>\t\t\t\t\t\t\t\t<\/div>\n\t\t\t\t<\/div>\n\t\t\t\t\t<\/div>\n\t\t<\/div>\n\t\t\t\t\t<\/div>\n\t\t<\/section>\n\t\t\t\t<\/div>","protected":false},"excerpt":{"rendered":"<p>Centrais de Despacho TRBOnet A TRBOnet \u00e9 uma solu\u00e7\u00e3o de Centrais de Despacho para redes r\u00e1dio MOTOTRBO de qualquer dimens\u00e3o e complexidade. Lan\u00e7ada em 2008, esta solu\u00e7\u00e3o \u00e9 acess\u00edvel atrav\u00e9s de uma interface gr\u00e1fica simples e intuitiva num terminal com o sistema operativo Windows. Funcionalidades B\u00e1sicas Entre as funcionalidades b\u00e1sicas deste sistema destacam-se as seguintes: [&hellip;]<\/p>\n","protected":false},"author":2,"featured_media":0,"parent":1094,"menu_order":0,"comment_status":"closed","ping_status":"closed","template":"","meta":{"_monsterinsights_skip_tracking":false,"_monsterinsights_sitenote_active":false,"_monsterinsights_sitenote_note":"","_monsterinsights_sitenote_category":0,"ocean_post_layout":"full-screen","ocean_both_sidebars_style":"","ocean_both_sidebars_content_width":0,"ocean_both_sidebars_sidebars_width":0,"ocean_sidebar":"0","ocean_second_sidebar":"0","ocean_disable_margins":"enable","ocean_add_body_class":"","ocean_shortcode_before_top_bar":"","ocean_shortcode_after_top_bar":"","ocean_shortcode_before_header":"","ocean_shortcode_after_header":"","ocean_has_shortcode":"","ocean_shortcode_after_title":"","ocean_shortcode_before_footer_widgets":"","ocean_shortcode_after_footer_widgets":"","ocean_shortcode_before_footer_bottom":"","ocean_shortcode_after_footer_bottom":"","ocean_display_top_bar":"default","ocean_display_header":"default","ocean_header_style":"","ocean_center_header_left_menu":"0","ocean_custom_header_template":"0","ocean_custom_logo":0,"ocean_custom_retina_logo":0,"ocean_custom_logo_max_width":0,"ocean_custom_logo_tablet_max_width":0,"ocean_custom_logo_mobile_max_width":0,"ocean_custom_logo_max_height":0,"ocean_custom_logo_tablet_max_height":0,"ocean_custom_logo_mobile_max_height":0,"ocean_header_custom_menu":"0","ocean_menu_typo_font_family":"0","ocean_menu_typo_font_subset":"","ocean_menu_typo_font_size":0,"ocean_menu_typo_font_size_tablet":0,"ocean_menu_typo_font_size_mobile":0,"ocean_menu_typo_font_size_unit":"px","ocean_menu_typo_font_weight":"","ocean_menu_typo_font_weight_tablet":"","ocean_menu_typo_font_weight_mobile":"","ocean_menu_typo_transform":"","ocean_menu_typo_transform_tablet":"","ocean_menu_typo_transform_mobile":"","ocean_menu_typo_line_height":0,"ocean_menu_typo_line_height_tablet":0,"ocean_menu_typo_line_height_mobile":0,"ocean_menu_typo_line_height_unit":"","ocean_menu_typo_spacing":0,"ocean_menu_typo_spacing_tablet":0,"ocean_menu_typo_spacing_mobile":0,"ocean_menu_typo_spacing_unit":"","ocean_menu_link_color":"","ocean_menu_link_color_hover":"","ocean_menu_link_color_active":"","ocean_menu_link_background":"","ocean_menu_link_hover_background":"","ocean_menu_link_active_background":"","ocean_menu_social_links_bg":"","ocean_menu_social_hover_links_bg":"","ocean_menu_social_links_color":"","ocean_menu_social_hover_links_color":"","ocean_disable_title":"on","ocean_disable_heading":"default","ocean_post_title":"","ocean_post_subheading":"","ocean_post_title_style":"","ocean_post_title_background_color":"","ocean_post_title_background":0,"ocean_post_title_bg_image_position":"","ocean_post_title_bg_image_attachment":"","ocean_post_title_bg_image_repeat":"","ocean_post_title_bg_image_size":"","ocean_post_title_height":0,"ocean_post_title_bg_overlay":0.5,"ocean_post_title_bg_overlay_color":"","ocean_disable_breadcrumbs":"default","ocean_breadcrumbs_color":"","ocean_breadcrumbs_separator_color":"","ocean_breadcrumbs_links_color":"","ocean_breadcrumbs_links_hover_color":"","ocean_display_footer_widgets":"off","ocean_display_footer_bottom":"off","ocean_custom_footer_template":"0","footnotes":""},"class_list":["post-1114","page","type-page","status-publish","hentry","entry"],"yoast_head":"<!-- This site is optimized with the Yoast SEO plugin v27.4 - https:\/\/yoast.com\/product\/yoast-seo-wordpress\/ -->\n<title>Centrais de Despacho TRBOnet &#8226; Advanced Resources<\/title>\n<meta name=\"description\" content=\"Conhe\u00e7a a TRBOnet, uma solu\u00e7\u00e3o de Centrais de Despacho para r\u00e1dios MOTOTRBO da Motorola. Consulte as suas funcionalidades.\" \/>\n<meta name=\"robots\" content=\"index, follow, max-snippet:-1, max-image-preview:large, max-video-preview:-1\" \/>\n<link rel=\"canonical\" href=\"https:\/\/aresources.pt\/en\/destaques\/centrais-de-despacho-trbonet\/\" \/>\n<meta property=\"og:locale\" content=\"en_US\" \/>\n<meta property=\"og:type\" content=\"article\" \/>\n<meta property=\"og:title\" content=\"Centrais de Despacho TRBOnet &#8226; Advanced Resources\" \/>\n<meta property=\"og:description\" content=\"Conhe\u00e7a a TRBOnet, uma solu\u00e7\u00e3o de Centrais de Despacho para r\u00e1dios MOTOTRBO da Motorola. Consulte as suas funcionalidades.\" \/>\n<meta property=\"og:url\" content=\"https:\/\/aresources.pt\/en\/destaques\/centrais-de-despacho-trbonet\/\" \/>\n<meta property=\"og:site_name\" content=\"Advanced Resources\" \/>\n<meta property=\"article:publisher\" content=\"https:\/\/www.facebook.com\/aresources.pt\" \/>\n<meta property=\"article:modified_time\" content=\"2023-03-20T10:57:26+00:00\" \/>\n<meta property=\"og:image\" content=\"https:\/\/aresources.pt\/wp-content\/uploads\/2018\/10\/central_trbonet_compressed.jpg\" \/>\n<meta name=\"twitter:card\" content=\"summary_large_image\" \/>\n<meta name=\"twitter:label1\" content=\"Est. reading time\" \/>\n\t<meta name=\"twitter:data1\" content=\"3 minutes\" \/>\n<script type=\"application\/ld+json\" class=\"yoast-schema-graph\">{\"@context\":\"https:\\\/\\\/schema.org\",\"@graph\":[{\"@type\":\"WebPage\",\"@id\":\"https:\\\/\\\/aresources.pt\\\/destaques\\\/centrais-de-despacho-trbonet\\\/\",\"url\":\"https:\\\/\\\/aresources.pt\\\/destaques\\\/centrais-de-despacho-trbonet\\\/\",\"name\":\"Centrais de Despacho TRBOnet &#8226; Advanced Resources\",\"isPartOf\":{\"@id\":\"https:\\\/\\\/aresources.pt\\\/#website\"},\"primaryImageOfPage\":{\"@id\":\"https:\\\/\\\/aresources.pt\\\/destaques\\\/centrais-de-despacho-trbonet\\\/#primaryimage\"},\"image\":{\"@id\":\"https:\\\/\\\/aresources.pt\\\/destaques\\\/centrais-de-despacho-trbonet\\\/#primaryimage\"},\"thumbnailUrl\":\"https:\\\/\\\/aresources.pt\\\/wp-content\\\/uploads\\\/2018\\\/10\\\/central_trbonet_compressed.jpg\",\"datePublished\":\"2018-07-23T14:12:36+00:00\",\"dateModified\":\"2023-03-20T10:57:26+00:00\",\"description\":\"Conhe\u00e7a a TRBOnet, uma solu\u00e7\u00e3o de Centrais de Despacho para r\u00e1dios MOTOTRBO da Motorola. Consulte as suas funcionalidades.\",\"breadcrumb\":{\"@id\":\"https:\\\/\\\/aresources.pt\\\/destaques\\\/centrais-de-despacho-trbonet\\\/#breadcrumb\"},\"inLanguage\":\"en-US\",\"potentialAction\":[{\"@type\":\"ReadAction\",\"target\":[\"https:\\\/\\\/aresources.pt\\\/destaques\\\/centrais-de-despacho-trbonet\\\/\"]}]},{\"@type\":\"ImageObject\",\"inLanguage\":\"en-US\",\"@id\":\"https:\\\/\\\/aresources.pt\\\/destaques\\\/centrais-de-despacho-trbonet\\\/#primaryimage\",\"url\":\"https:\\\/\\\/aresources.pt\\\/wp-content\\\/uploads\\\/2018\\\/10\\\/central_trbonet_compressed.jpg\",\"contentUrl\":\"https:\\\/\\\/aresources.pt\\\/wp-content\\\/uploads\\\/2018\\\/10\\\/central_trbonet_compressed.jpg\"},{\"@type\":\"BreadcrumbList\",\"@id\":\"https:\\\/\\\/aresources.pt\\\/destaques\\\/centrais-de-despacho-trbonet\\\/#breadcrumb\",\"itemListElement\":[{\"@type\":\"ListItem\",\"position\":1,\"name\":\"Home\",\"item\":\"https:\\\/\\\/aresources.pt\\\/\"},{\"@type\":\"ListItem\",\"position\":2,\"name\":\"Destaques\",\"item\":\"https:\\\/\\\/aresources.pt\\\/destaques\\\/\"},{\"@type\":\"ListItem\",\"position\":3,\"name\":\"Centrais de Despacho TRBOnet\"}]},{\"@type\":\"WebSite\",\"@id\":\"https:\\\/\\\/aresources.pt\\\/#website\",\"url\":\"https:\\\/\\\/aresources.pt\\\/\",\"name\":\"Advanced Resources\",\"description\":\"Telecomunica\u00e7\u00f5es e Seguran\u00e7a\",\"publisher\":{\"@id\":\"https:\\\/\\\/aresources.pt\\\/#organization\"},\"potentialAction\":[{\"@type\":\"SearchAction\",\"target\":{\"@type\":\"EntryPoint\",\"urlTemplate\":\"https:\\\/\\\/aresources.pt\\\/?s={search_term_string}\"},\"query-input\":{\"@type\":\"PropertyValueSpecification\",\"valueRequired\":true,\"valueName\":\"search_term_string\"}}],\"inLanguage\":\"en-US\"},{\"@type\":\"Organization\",\"@id\":\"https:\\\/\\\/aresources.pt\\\/#organization\",\"name\":\"Advanced Resources\",\"url\":\"https:\\\/\\\/aresources.pt\\\/\",\"logo\":{\"@type\":\"ImageObject\",\"inLanguage\":\"en-US\",\"@id\":\"https:\\\/\\\/aresources.pt\\\/#\\\/schema\\\/logo\\\/image\\\/\",\"url\":\"https:\\\/\\\/aresources.pt\\\/wp-content\\\/uploads\\\/2019\\\/06\\\/cropped-150dpi-14.jpg\",\"contentUrl\":\"https:\\\/\\\/aresources.pt\\\/wp-content\\\/uploads\\\/2019\\\/06\\\/cropped-150dpi-14.jpg\",\"width\":436,\"height\":100,\"caption\":\"Advanced Resources\"},\"image\":{\"@id\":\"https:\\\/\\\/aresources.pt\\\/#\\\/schema\\\/logo\\\/image\\\/\"},\"sameAs\":[\"https:\\\/\\\/www.facebook.com\\\/aresources.pt\"]}]}<\/script>\n<!-- \/ Yoast SEO plugin. -->","yoast_head_json":{"title":"Centrais de Despacho TRBOnet &#8226; Advanced Resources","description":"Conhe\u00e7a a TRBOnet, uma solu\u00e7\u00e3o de Centrais de Despacho para r\u00e1dios MOTOTRBO da Motorola. Consulte as suas funcionalidades.","robots":{"index":"index","follow":"follow","max-snippet":"max-snippet:-1","max-image-preview":"max-image-preview:large","max-video-preview":"max-video-preview:-1"},"canonical":"https:\/\/aresources.pt\/en\/destaques\/centrais-de-despacho-trbonet\/","og_locale":"en_US","og_type":"article","og_title":"Centrais de Despacho TRBOnet &#8226; Advanced Resources","og_description":"Conhe\u00e7a a TRBOnet, uma solu\u00e7\u00e3o de Centrais de Despacho para r\u00e1dios MOTOTRBO da Motorola. Consulte as suas funcionalidades.","og_url":"https:\/\/aresources.pt\/en\/destaques\/centrais-de-despacho-trbonet\/","og_site_name":"Advanced Resources","article_publisher":"https:\/\/www.facebook.com\/aresources.pt","article_modified_time":"2023-03-20T10:57:26+00:00","og_image":[{"url":"https:\/\/aresources.pt\/wp-content\/uploads\/2018\/10\/central_trbonet_compressed.jpg","type":"","width":"","height":""}],"twitter_card":"summary_large_image","twitter_misc":{"Est. reading time":"3 minutes"},"schema":{"@context":"https:\/\/schema.org","@graph":[{"@type":"WebPage","@id":"https:\/\/aresources.pt\/destaques\/centrais-de-despacho-trbonet\/","url":"https:\/\/aresources.pt\/destaques\/centrais-de-despacho-trbonet\/","name":"Centrais de Despacho TRBOnet &#8226; Advanced Resources","isPartOf":{"@id":"https:\/\/aresources.pt\/#website"},"primaryImageOfPage":{"@id":"https:\/\/aresources.pt\/destaques\/centrais-de-despacho-trbonet\/#primaryimage"},"image":{"@id":"https:\/\/aresources.pt\/destaques\/centrais-de-despacho-trbonet\/#primaryimage"},"thumbnailUrl":"https:\/\/aresources.pt\/wp-content\/uploads\/2018\/10\/central_trbonet_compressed.jpg","datePublished":"2018-07-23T14:12:36+00:00","dateModified":"2023-03-20T10:57:26+00:00","description":"Conhe\u00e7a a TRBOnet, uma solu\u00e7\u00e3o de Centrais de Despacho para r\u00e1dios MOTOTRBO da Motorola. Consulte as suas funcionalidades.","breadcrumb":{"@id":"https:\/\/aresources.pt\/destaques\/centrais-de-despacho-trbonet\/#breadcrumb"},"inLanguage":"en-US","potentialAction":[{"@type":"ReadAction","target":["https:\/\/aresources.pt\/destaques\/centrais-de-despacho-trbonet\/"]}]},{"@type":"ImageObject","inLanguage":"en-US","@id":"https:\/\/aresources.pt\/destaques\/centrais-de-despacho-trbonet\/#primaryimage","url":"https:\/\/aresources.pt\/wp-content\/uploads\/2018\/10\/central_trbonet_compressed.jpg","contentUrl":"https:\/\/aresources.pt\/wp-content\/uploads\/2018\/10\/central_trbonet_compressed.jpg"},{"@type":"BreadcrumbList","@id":"https:\/\/aresources.pt\/destaques\/centrais-de-despacho-trbonet\/#breadcrumb","itemListElement":[{"@type":"ListItem","position":1,"name":"Home","item":"https:\/\/aresources.pt\/"},{"@type":"ListItem","position":2,"name":"Destaques","item":"https:\/\/aresources.pt\/destaques\/"},{"@type":"ListItem","position":3,"name":"Centrais de Despacho TRBOnet"}]},{"@type":"WebSite","@id":"https:\/\/aresources.pt\/#website","url":"https:\/\/aresources.pt\/","name":"Advanced Resources","description":"Telecomunica\u00e7\u00f5es e Seguran\u00e7a","publisher":{"@id":"https:\/\/aresources.pt\/#organization"},"potentialAction":[{"@type":"SearchAction","target":{"@type":"EntryPoint","urlTemplate":"https:\/\/aresources.pt\/?s={search_term_string}"},"query-input":{"@type":"PropertyValueSpecification","valueRequired":true,"valueName":"search_term_string"}}],"inLanguage":"en-US"},{"@type":"Organization","@id":"https:\/\/aresources.pt\/#organization","name":"Advanced Resources","url":"https:\/\/aresources.pt\/","logo":{"@type":"ImageObject","inLanguage":"en-US","@id":"https:\/\/aresources.pt\/#\/schema\/logo\/image\/","url":"https:\/\/aresources.pt\/wp-content\/uploads\/2019\/06\/cropped-150dpi-14.jpg","contentUrl":"https:\/\/aresources.pt\/wp-content\/uploads\/2019\/06\/cropped-150dpi-14.jpg","width":436,"height":100,"caption":"Advanced Resources"},"image":{"@id":"https:\/\/aresources.pt\/#\/schema\/logo\/image\/"},"sameAs":["https:\/\/www.facebook.com\/aresources.pt"]}]}},"_links":{"self":[{"href":"https:\/\/aresources.pt\/en\/wp-json\/wp\/v2\/pages\/1114","targetHints":{"allow":["GET"]}}],"collection":[{"href":"https:\/\/aresources.pt\/en\/wp-json\/wp\/v2\/pages"}],"about":[{"href":"https:\/\/aresources.pt\/en\/wp-json\/wp\/v2\/types\/page"}],"author":[{"embeddable":true,"href":"https:\/\/aresources.pt\/en\/wp-json\/wp\/v2\/users\/2"}],"replies":[{"embeddable":true,"href":"https:\/\/aresources.pt\/en\/wp-json\/wp\/v2\/comments?post=1114"}],"version-history":[{"count":36,"href":"https:\/\/aresources.pt\/en\/wp-json\/wp\/v2\/pages\/1114\/revisions"}],"predecessor-version":[{"id":8339,"href":"https:\/\/aresources.pt\/en\/wp-json\/wp\/v2\/pages\/1114\/revisions\/8339"}],"up":[{"embeddable":true,"href":"https:\/\/aresources.pt\/en\/wp-json\/wp\/v2\/pages\/1094"}],"wp:attachment":[{"href":"https:\/\/aresources.pt\/en\/wp-json\/wp\/v2\/media?parent=1114"}],"curies":[{"name":"wp","href":"https:\/\/api.w.org\/{rel}","templated":true}]}}