{"id":1112,"date":"2018-07-23T14:10:11","date_gmt":"2018-07-23T14:10:11","guid":{"rendered":"https:\/\/aresources.pt\/?page_id=1112"},"modified":"2024-05-22T11:14:02","modified_gmt":"2024-05-22T10:14:02","slug":"faq-mototrbo","status":"publish","type":"page","link":"https:\/\/aresources.pt\/en\/destaques\/faq-mototrbo\/","title":{"rendered":"MOTOTRBO FAQ page"},"content":{"rendered":"<div data-elementor-type=\"wp-page\" data-elementor-id=\"1112\" class=\"elementor elementor-1112\">\n\t\t\t\t\t\t<section class=\"elementor-section elementor-top-section elementor-element elementor-element-f341021 elementor-section-full_width elementor-section-height-default elementor-section-height-default\" data-id=\"f341021\" data-element_type=\"section\" data-e-type=\"section\">\n\t\t\t\t\t\t<div class=\"elementor-container elementor-column-gap-default\">\n\t\t\t\t\t<div class=\"elementor-column elementor-col-100 elementor-top-column elementor-element elementor-element-96df7d2\" data-id=\"96df7d2\" data-element_type=\"column\" data-e-type=\"column\">\n\t\t\t<div class=\"elementor-widget-wrap elementor-element-populated\">\n\t\t\t\t\t\t<div class=\"elementor-element elementor-element-c61b9a1 elementor-widget elementor-widget-image\" data-id=\"c61b9a1\" data-element_type=\"widget\" data-e-type=\"widget\" data-widget_type=\"image.default\">\n\t\t\t\t<div class=\"elementor-widget-container\">\n\t\t\t\t\t\t\t\t\t\t\t\t\t\t\t<img fetchpriority=\"high\" decoding=\"async\" width=\"1920\" height=\"400\" src=\"https:\/\/aresources.pt\/wp-content\/uploads\/2018\/09\/mototrbo.jpg\" class=\"attachment-full size-full wp-image-1849\" alt=\"\" srcset=\"https:\/\/aresources.pt\/wp-content\/uploads\/2018\/09\/mototrbo.jpg 1920w, https:\/\/aresources.pt\/wp-content\/uploads\/2018\/09\/mototrbo-300x63.jpg 300w, https:\/\/aresources.pt\/wp-content\/uploads\/2018\/09\/mototrbo-768x160.jpg 768w, https:\/\/aresources.pt\/wp-content\/uploads\/2018\/09\/mototrbo-1024x213.jpg 1024w\" sizes=\"(max-width: 1920px) 100vw, 1920px\" \/>\t\t\t\t\t\t\t\t\t\t\t\t\t\t\t<\/div>\n\t\t\t\t<\/div>\n\t\t\t\t\t<\/div>\n\t\t<\/div>\n\t\t\t\t\t<\/div>\n\t\t<\/section>\n\t\t\t\t<section class=\"elementor-section elementor-top-section elementor-element elementor-element-7b202a41 elementor-section-boxed elementor-section-height-default elementor-section-height-default\" data-id=\"7b202a41\" data-element_type=\"section\" data-e-type=\"section\">\n\t\t\t\t\t\t<div class=\"elementor-container elementor-column-gap-default\">\n\t\t\t\t\t<div class=\"elementor-column elementor-col-100 elementor-top-column elementor-element elementor-element-3e94b87d\" data-id=\"3e94b87d\" data-element_type=\"column\" data-e-type=\"column\">\n\t\t\t<div class=\"elementor-widget-wrap elementor-element-populated\">\n\t\t\t\t\t\t<div class=\"elementor-element elementor-element-ca9f0b0 elementor-widget elementor-widget-heading\" data-id=\"ca9f0b0\" data-element_type=\"widget\" data-e-type=\"widget\" data-widget_type=\"heading.default\">\n\t\t\t\t<div class=\"elementor-widget-container\">\n\t\t\t\t\t<h1 class=\"elementor-heading-title elementor-size-default\">MOTOTRBO FAQ page<\/h1>\t\t\t\t<\/div>\n\t\t\t\t<\/div>\n\t\t\t\t<div class=\"elementor-element elementor-element-773db85a elementor-widget elementor-widget-text-editor\" data-id=\"773db85a\" data-element_type=\"widget\" data-e-type=\"widget\" data-widget_type=\"text-editor.default\">\n\t\t\t\t<div class=\"elementor-widget-container\">\n\t\t\t\t\t\t\t\t\t<h3><strong style=\"font-size: 18px;\">What is MOTOTRBO?<\/strong><\/h3><p>MOTOTRBO is Motorola's digital product range, which includes portable radios, mobile radios, repeaters and accessories. This range includes all the features of analog equipment, and enables a large number of new features.<\/p><h3><strong>Do MOTOTRBO products communicate with analog equipment?<\/strong><\/h3><p>Yes, these products can also function in analog mode. On the other hand, there is no possibility to use analog equipment in a digital network. To take advantage of the functionalities of a digital network, all equipment must work in digital mode.<\/p><p>To enable a gradual migration from an analog to digital network, MOTOTRBO series is compatible with the range of analog equipment.<\/p><h3><strong>Quais as vantagens inerentes \u00e0 utiliza\u00e7\u00e3o destes equipamentos?<\/strong><\/h3><p>All the features of traditional Motorola radios have been combined with the features and functionality of a digital communication protocol. In particular, the increase in capacity, spectral efficiency and the integration of data applications.<\/p><p>The use of TDMA (Time-Division Multiple-Access) enables the use of two communication channels for each contracted 12.5 kHz channel, in a single repeater, resulting in reduced infrastructure and license costs.<\/p><h3><strong>What is the communication protocol used by MOTOTRBO equipment based on?<\/strong><\/h3><p>The communication protocol used by MOTOTRBO equipment was developed in accordance with the DMR (Digital Mobile Radio) protocol specifications defined by ETSI (European Telecommunications Standards Institute). This allows interoperability with equipment from other manufacturers.<\/p><h3><strong>What are the advantages of TDMA, compared to FDMA?<\/strong><\/h3><p class=\"translation-block\">TDMA manages access to the medium by dividing the reception channel into two time slots. In contrast, FDMA (Frequency-Division Multiple-Access) divides the communication channel into two carriers, with half the bandwidth. This highlights the spectral efficiency of TDMA.<\/p><p>This reduces the number of active devices needed for downlink and uplink communication. This reduction in equipment results in an optimization of battery consumption, interference level and equipment cost.<\/p><p>There is also the advantage of compliance with the DMR protocol, enabling communication with equipment from most manufacturers.<\/p><h3><strong>What are the practical applications of MOTOTRBO systems?<\/strong><\/h3><p>Practical applications and features of a MOTOTRBO system are covered in the article: <a href=\"http:\/\/aresources.pt\/en\/destaques\/funcionalidades-dos-radios-digitais\/\">Digital Radios Features page<\/a>.<\/p>\t\t\t\t\t\t\t\t<\/div>\n\t\t\t\t<\/div>\n\t\t\t\t\t<\/div>\n\t\t<\/div>\n\t\t\t\t\t<\/div>\n\t\t<\/section>\n\t\t\t\t<\/div>","protected":false},"excerpt":{"rendered":"<p>FAQ MOTOTRBO O que \u00e9 a MOTOTRBO? MOTOTRBO \u00e9 a gama de produtos digitais da Motorola, que inclui r\u00e1dios port\u00e1teis, r\u00e1dios m\u00f3veis, repetidores e acess\u00f3rios. Esta gama inclui todas as funcionalidades dos equipamentos anal\u00f3gicos e possibilita um grande n\u00famero de funcionalidades novas. Os produtos MOTOTRBO comunicam com os equipamentos anal\u00f3gicos? Sim, estes produtos podem funcionar [&hellip;]<\/p>\n","protected":false},"author":2,"featured_media":0,"parent":1094,"menu_order":0,"comment_status":"closed","ping_status":"closed","template":"","meta":{"_monsterinsights_skip_tracking":false,"_monsterinsights_sitenote_active":false,"_monsterinsights_sitenote_note":"","_monsterinsights_sitenote_category":0,"ocean_post_layout":"full-screen","ocean_both_sidebars_style":"","ocean_both_sidebars_content_width":0,"ocean_both_sidebars_sidebars_width":0,"ocean_sidebar":"0","ocean_second_sidebar":"0","ocean_disable_margins":"enable","ocean_add_body_class":"","ocean_shortcode_before_top_bar":"","ocean_shortcode_after_top_bar":"","ocean_shortcode_before_header":"","ocean_shortcode_after_header":"","ocean_has_shortcode":"","ocean_shortcode_after_title":"","ocean_shortcode_before_footer_widgets":"","ocean_shortcode_after_footer_widgets":"","ocean_shortcode_before_footer_bottom":"","ocean_shortcode_after_footer_bottom":"","ocean_display_top_bar":"default","ocean_display_header":"default","ocean_header_style":"","ocean_center_header_left_menu":"0","ocean_custom_header_template":"0","ocean_custom_logo":0,"ocean_custom_retina_logo":0,"ocean_custom_logo_max_width":0,"ocean_custom_logo_tablet_max_width":0,"ocean_custom_logo_mobile_max_width":0,"ocean_custom_logo_max_height":0,"ocean_custom_logo_tablet_max_height":0,"ocean_custom_logo_mobile_max_height":0,"ocean_header_custom_menu":"0","ocean_menu_typo_font_family":"0","ocean_menu_typo_font_subset":"","ocean_menu_typo_font_size":0,"ocean_menu_typo_font_size_tablet":0,"ocean_menu_typo_font_size_mobile":0,"ocean_menu_typo_font_size_unit":"px","ocean_menu_typo_font_weight":"","ocean_menu_typo_font_weight_tablet":"","ocean_menu_typo_font_weight_mobile":"","ocean_menu_typo_transform":"","ocean_menu_typo_transform_tablet":"","ocean_menu_typo_transform_mobile":"","ocean_menu_typo_line_height":0,"ocean_menu_typo_line_height_tablet":0,"ocean_menu_typo_line_height_mobile":0,"ocean_menu_typo_line_height_unit":"","ocean_menu_typo_spacing":0,"ocean_menu_typo_spacing_tablet":0,"ocean_menu_typo_spacing_mobile":0,"ocean_menu_typo_spacing_unit":"","ocean_menu_link_color":"","ocean_menu_link_color_hover":"","ocean_menu_link_color_active":"","ocean_menu_link_background":"","ocean_menu_link_hover_background":"","ocean_menu_link_active_background":"","ocean_menu_social_links_bg":"","ocean_menu_social_hover_links_bg":"","ocean_menu_social_links_color":"","ocean_menu_social_hover_links_color":"","ocean_disable_title":"on","ocean_disable_heading":"default","ocean_post_title":"","ocean_post_subheading":"","ocean_post_title_style":"","ocean_post_title_background_color":"","ocean_post_title_background":0,"ocean_post_title_bg_image_position":"","ocean_post_title_bg_image_attachment":"","ocean_post_title_bg_image_repeat":"","ocean_post_title_bg_image_size":"","ocean_post_title_height":0,"ocean_post_title_bg_overlay":0.5,"ocean_post_title_bg_overlay_color":"","ocean_disable_breadcrumbs":"default","ocean_breadcrumbs_color":"","ocean_breadcrumbs_separator_color":"","ocean_breadcrumbs_links_color":"","ocean_breadcrumbs_links_hover_color":"","ocean_display_footer_widgets":"off","ocean_display_footer_bottom":"off","ocean_custom_footer_template":"0","footnotes":""},"class_list":["post-1112","page","type-page","status-publish","hentry","entry"],"yoast_head":"<!-- This site is optimized with the Yoast SEO plugin v27.4 - https:\/\/yoast.com\/product\/yoast-seo-wordpress\/ -->\n<title>FAQ MOTOTRBO &#8226; Advanced Resources<\/title>\n<meta name=\"description\" content=\"Consulte a FAQ - lista de perguntas mais frequentes - sobre a MOTOTRBO, a gama de r\u00e1dios digitais da Motorola.\" \/>\n<meta name=\"robots\" content=\"index, follow, max-snippet:-1, max-image-preview:large, max-video-preview:-1\" \/>\n<link rel=\"canonical\" href=\"https:\/\/aresources.pt\/en\/destaques\/faq-mototrbo\/\" \/>\n<meta property=\"og:locale\" content=\"en_US\" \/>\n<meta property=\"og:type\" content=\"article\" \/>\n<meta property=\"og:title\" content=\"FAQ MOTOTRBO &#8226; Advanced Resources\" \/>\n<meta property=\"og:description\" content=\"Consulte a FAQ - lista de perguntas mais frequentes - sobre a MOTOTRBO, a gama de r\u00e1dios digitais da Motorola.\" \/>\n<meta property=\"og:url\" content=\"https:\/\/aresources.pt\/en\/destaques\/faq-mototrbo\/\" \/>\n<meta property=\"og:site_name\" content=\"Advanced Resources\" \/>\n<meta property=\"article:publisher\" content=\"https:\/\/www.facebook.com\/aresources.pt\" \/>\n<meta property=\"article:modified_time\" content=\"2024-05-22T10:14:02+00:00\" \/>\n<meta property=\"og:image\" content=\"https:\/\/aresources.pt\/wp-content\/uploads\/2018\/09\/mototrbo.jpg\" \/>\n<meta name=\"twitter:card\" content=\"summary_large_image\" \/>\n<meta name=\"twitter:label1\" content=\"Est. reading time\" \/>\n\t<meta name=\"twitter:data1\" content=\"3 minutes\" \/>\n<script type=\"application\/ld+json\" class=\"yoast-schema-graph\">{\"@context\":\"https:\\\/\\\/schema.org\",\"@graph\":[{\"@type\":\"WebPage\",\"@id\":\"https:\\\/\\\/aresources.pt\\\/destaques\\\/faq-mototrbo\\\/\",\"url\":\"https:\\\/\\\/aresources.pt\\\/destaques\\\/faq-mototrbo\\\/\",\"name\":\"FAQ MOTOTRBO &#8226; Advanced Resources\",\"isPartOf\":{\"@id\":\"https:\\\/\\\/aresources.pt\\\/#website\"},\"primaryImageOfPage\":{\"@id\":\"https:\\\/\\\/aresources.pt\\\/destaques\\\/faq-mototrbo\\\/#primaryimage\"},\"image\":{\"@id\":\"https:\\\/\\\/aresources.pt\\\/destaques\\\/faq-mototrbo\\\/#primaryimage\"},\"thumbnailUrl\":\"https:\\\/\\\/aresources.pt\\\/wp-content\\\/uploads\\\/2018\\\/09\\\/mototrbo.jpg\",\"datePublished\":\"2018-07-23T14:10:11+00:00\",\"dateModified\":\"2024-05-22T10:14:02+00:00\",\"description\":\"Consulte a FAQ - lista de perguntas mais frequentes - sobre a MOTOTRBO, a gama de r\u00e1dios digitais da Motorola.\",\"breadcrumb\":{\"@id\":\"https:\\\/\\\/aresources.pt\\\/destaques\\\/faq-mototrbo\\\/#breadcrumb\"},\"inLanguage\":\"en-US\",\"potentialAction\":[{\"@type\":\"ReadAction\",\"target\":[\"https:\\\/\\\/aresources.pt\\\/destaques\\\/faq-mototrbo\\\/\"]}]},{\"@type\":\"ImageObject\",\"inLanguage\":\"en-US\",\"@id\":\"https:\\\/\\\/aresources.pt\\\/destaques\\\/faq-mototrbo\\\/#primaryimage\",\"url\":\"https:\\\/\\\/aresources.pt\\\/wp-content\\\/uploads\\\/2018\\\/09\\\/mototrbo.jpg\",\"contentUrl\":\"https:\\\/\\\/aresources.pt\\\/wp-content\\\/uploads\\\/2018\\\/09\\\/mototrbo.jpg\"},{\"@type\":\"BreadcrumbList\",\"@id\":\"https:\\\/\\\/aresources.pt\\\/destaques\\\/faq-mototrbo\\\/#breadcrumb\",\"itemListElement\":[{\"@type\":\"ListItem\",\"position\":1,\"name\":\"Home\",\"item\":\"https:\\\/\\\/aresources.pt\\\/\"},{\"@type\":\"ListItem\",\"position\":2,\"name\":\"Destaques\",\"item\":\"https:\\\/\\\/aresources.pt\\\/destaques\\\/\"},{\"@type\":\"ListItem\",\"position\":3,\"name\":\"FAQ MOTOTRBO\"}]},{\"@type\":\"WebSite\",\"@id\":\"https:\\\/\\\/aresources.pt\\\/#website\",\"url\":\"https:\\\/\\\/aresources.pt\\\/\",\"name\":\"Advanced Resources\",\"description\":\"Telecomunica\u00e7\u00f5es e Seguran\u00e7a\",\"publisher\":{\"@id\":\"https:\\\/\\\/aresources.pt\\\/#organization\"},\"potentialAction\":[{\"@type\":\"SearchAction\",\"target\":{\"@type\":\"EntryPoint\",\"urlTemplate\":\"https:\\\/\\\/aresources.pt\\\/?s={search_term_string}\"},\"query-input\":{\"@type\":\"PropertyValueSpecification\",\"valueRequired\":true,\"valueName\":\"search_term_string\"}}],\"inLanguage\":\"en-US\"},{\"@type\":\"Organization\",\"@id\":\"https:\\\/\\\/aresources.pt\\\/#organization\",\"name\":\"Advanced Resources\",\"url\":\"https:\\\/\\\/aresources.pt\\\/\",\"logo\":{\"@type\":\"ImageObject\",\"inLanguage\":\"en-US\",\"@id\":\"https:\\\/\\\/aresources.pt\\\/#\\\/schema\\\/logo\\\/image\\\/\",\"url\":\"https:\\\/\\\/aresources.pt\\\/wp-content\\\/uploads\\\/2019\\\/06\\\/cropped-150dpi-14.jpg\",\"contentUrl\":\"https:\\\/\\\/aresources.pt\\\/wp-content\\\/uploads\\\/2019\\\/06\\\/cropped-150dpi-14.jpg\",\"width\":436,\"height\":100,\"caption\":\"Advanced Resources\"},\"image\":{\"@id\":\"https:\\\/\\\/aresources.pt\\\/#\\\/schema\\\/logo\\\/image\\\/\"},\"sameAs\":[\"https:\\\/\\\/www.facebook.com\\\/aresources.pt\"]}]}<\/script>\n<!-- \/ Yoast SEO plugin. -->","yoast_head_json":{"title":"FAQ MOTOTRBO &#8226; Advanced Resources","description":"Consulte a FAQ - lista de perguntas mais frequentes - sobre a MOTOTRBO, a gama de r\u00e1dios digitais da Motorola.","robots":{"index":"index","follow":"follow","max-snippet":"max-snippet:-1","max-image-preview":"max-image-preview:large","max-video-preview":"max-video-preview:-1"},"canonical":"https:\/\/aresources.pt\/en\/destaques\/faq-mototrbo\/","og_locale":"en_US","og_type":"article","og_title":"FAQ MOTOTRBO &#8226; Advanced Resources","og_description":"Consulte a FAQ - lista de perguntas mais frequentes - sobre a MOTOTRBO, a gama de r\u00e1dios digitais da Motorola.","og_url":"https:\/\/aresources.pt\/en\/destaques\/faq-mototrbo\/","og_site_name":"Advanced Resources","article_publisher":"https:\/\/www.facebook.com\/aresources.pt","article_modified_time":"2024-05-22T10:14:02+00:00","og_image":[{"url":"https:\/\/aresources.pt\/wp-content\/uploads\/2018\/09\/mototrbo.jpg","type":"","width":"","height":""}],"twitter_card":"summary_large_image","twitter_misc":{"Est. reading time":"3 minutes"},"schema":{"@context":"https:\/\/schema.org","@graph":[{"@type":"WebPage","@id":"https:\/\/aresources.pt\/destaques\/faq-mototrbo\/","url":"https:\/\/aresources.pt\/destaques\/faq-mototrbo\/","name":"FAQ MOTOTRBO &#8226; Advanced Resources","isPartOf":{"@id":"https:\/\/aresources.pt\/#website"},"primaryImageOfPage":{"@id":"https:\/\/aresources.pt\/destaques\/faq-mototrbo\/#primaryimage"},"image":{"@id":"https:\/\/aresources.pt\/destaques\/faq-mototrbo\/#primaryimage"},"thumbnailUrl":"https:\/\/aresources.pt\/wp-content\/uploads\/2018\/09\/mototrbo.jpg","datePublished":"2018-07-23T14:10:11+00:00","dateModified":"2024-05-22T10:14:02+00:00","description":"Consulte a FAQ - lista de perguntas mais frequentes - sobre a MOTOTRBO, a gama de r\u00e1dios digitais da Motorola.","breadcrumb":{"@id":"https:\/\/aresources.pt\/destaques\/faq-mototrbo\/#breadcrumb"},"inLanguage":"en-US","potentialAction":[{"@type":"ReadAction","target":["https:\/\/aresources.pt\/destaques\/faq-mototrbo\/"]}]},{"@type":"ImageObject","inLanguage":"en-US","@id":"https:\/\/aresources.pt\/destaques\/faq-mototrbo\/#primaryimage","url":"https:\/\/aresources.pt\/wp-content\/uploads\/2018\/09\/mototrbo.jpg","contentUrl":"https:\/\/aresources.pt\/wp-content\/uploads\/2018\/09\/mototrbo.jpg"},{"@type":"BreadcrumbList","@id":"https:\/\/aresources.pt\/destaques\/faq-mototrbo\/#breadcrumb","itemListElement":[{"@type":"ListItem","position":1,"name":"Home","item":"https:\/\/aresources.pt\/"},{"@type":"ListItem","position":2,"name":"Destaques","item":"https:\/\/aresources.pt\/destaques\/"},{"@type":"ListItem","position":3,"name":"FAQ MOTOTRBO"}]},{"@type":"WebSite","@id":"https:\/\/aresources.pt\/#website","url":"https:\/\/aresources.pt\/","name":"Advanced Resources","description":"Telecomunica\u00e7\u00f5es e Seguran\u00e7a","publisher":{"@id":"https:\/\/aresources.pt\/#organization"},"potentialAction":[{"@type":"SearchAction","target":{"@type":"EntryPoint","urlTemplate":"https:\/\/aresources.pt\/?s={search_term_string}"},"query-input":{"@type":"PropertyValueSpecification","valueRequired":true,"valueName":"search_term_string"}}],"inLanguage":"en-US"},{"@type":"Organization","@id":"https:\/\/aresources.pt\/#organization","name":"Advanced Resources","url":"https:\/\/aresources.pt\/","logo":{"@type":"ImageObject","inLanguage":"en-US","@id":"https:\/\/aresources.pt\/#\/schema\/logo\/image\/","url":"https:\/\/aresources.pt\/wp-content\/uploads\/2019\/06\/cropped-150dpi-14.jpg","contentUrl":"https:\/\/aresources.pt\/wp-content\/uploads\/2019\/06\/cropped-150dpi-14.jpg","width":436,"height":100,"caption":"Advanced Resources"},"image":{"@id":"https:\/\/aresources.pt\/#\/schema\/logo\/image\/"},"sameAs":["https:\/\/www.facebook.com\/aresources.pt"]}]}},"_links":{"self":[{"href":"https:\/\/aresources.pt\/en\/wp-json\/wp\/v2\/pages\/1112","targetHints":{"allow":["GET"]}}],"collection":[{"href":"https:\/\/aresources.pt\/en\/wp-json\/wp\/v2\/pages"}],"about":[{"href":"https:\/\/aresources.pt\/en\/wp-json\/wp\/v2\/types\/page"}],"author":[{"embeddable":true,"href":"https:\/\/aresources.pt\/en\/wp-json\/wp\/v2\/users\/2"}],"replies":[{"embeddable":true,"href":"https:\/\/aresources.pt\/en\/wp-json\/wp\/v2\/comments?post=1112"}],"version-history":[{"count":45,"href":"https:\/\/aresources.pt\/en\/wp-json\/wp\/v2\/pages\/1112\/revisions"}],"predecessor-version":[{"id":9591,"href":"https:\/\/aresources.pt\/en\/wp-json\/wp\/v2\/pages\/1112\/revisions\/9591"}],"up":[{"embeddable":true,"href":"https:\/\/aresources.pt\/en\/wp-json\/wp\/v2\/pages\/1094"}],"wp:attachment":[{"href":"https:\/\/aresources.pt\/en\/wp-json\/wp\/v2\/media?parent=1112"}],"curies":[{"name":"wp","href":"https:\/\/api.w.org\/{rel}","templated":true}]}}